{"id":145,"date":"2016-01-28T18:40:30","date_gmt":"2016-01-28T18:40:30","guid":{"rendered":"http:\/\/ieselaios.catedu.es\/tecnologia\/?page_id=145"},"modified":"2016-05-29T11:40:29","modified_gmt":"2016-05-29T10:40:29","slug":"4eso","status":"publish","type":"page","link":"https:\/\/ieselaios.catedu.es\/tecnologia\/4eso\/","title":{"rendered":"4\u00ba ESO TECNOLOG\u00cdA"},"content":{"rendered":"<h5><\/h5>\n<h5><a href=\"https:\/\/drive.google.com\/file\/d\/0B6r8_9uVl1JhTUhVYkpGbl9CdWM\/view?usp=sharing\" target=\"_blank\">Neum\u00e1tica. Teor\u00eda<\/a><\/h5>\n<h5><a href=\"https:\/\/drive.google.com\/file\/d\/0B6r8_9uVl1JhdVl0X051RzZJbTg\/view?usp=sharing\" target=\"_blank\">Ejercicios de Neum\u00e1tica e Hidr\u00e1ulica<\/a><\/h5>\n<h5><a href=\"https:\/\/drive.google.com\/file\/d\/0B6r8_9uVl1JhcDRRaXZGU2xfZG8\/view?usp=sharing\" target=\"_blank\">Pr\u00e1cticas de Neum\u00e1tica<\/a><\/h5>\n<h5><a href=\"https:\/\/drive.google.com\/file\/d\/0B6r8_9uVl1JhOU1rQ3lJQUxWeWc\/view?usp=sharing\" target=\"_blank\">Pr\u00e1cticas de Circuitos Neum\u00e1ticos<\/a><\/h5>\n<p>&nbsp;<\/p>\n<h5><a href=\"https:\/\/drive.google.com\/file\/d\/0B6r8_9uVl1JhRWU3Vlk4cnB5Y28\/view?usp=sharing\" target=\"_blank\">Componentes Electr\u00f3nicos I<\/a><\/h5>\n<h5><a href=\"https:\/\/drive.google.com\/file\/d\/0B6r8_9uVl1JhTU5kUmJyV3NfUjQ\/view?usp=sharing\" target=\"_blank\">Ejercicios de Electr\u00f3nica<\/a><\/h5>\n<p>&nbsp;<\/p>\n<h5><a href=\"https:\/\/drive.google.com\/file\/d\/0B6r8_9uVl1JhVjNPOTlySHItakk\/view?usp=sharing\" target=\"_blank\">Electr\u00f3nica Digital. Teor\u00eda<\/a><\/h5>\n<h5><a href=\"https:\/\/drive.google.com\/file\/d\/0B6r8_9uVl1JheTkwc3FjRy10ckk\/view?usp=sharing\" target=\"_blank\">Ejercicios de Electr\u00f3nica Digital. Hoja 1<\/a><\/h5>\n<h5><a href=\"https:\/\/drive.google.com\/file\/d\/0B6r8_9uVl1JhQm5OUFZpa2JyR1k\/view?usp=sharing\" target=\"_blank\">Ejercicios de Electr\u00f3nica Digital. Hoja 2<\/a><\/h5>\n<p>&nbsp;<\/p>\n","protected":false},"excerpt":{"rendered":"<p>Neum\u00e1tica. Teor\u00eda Ejercicios de Neum\u00e1tica e Hidr\u00e1ulica Pr\u00e1cticas de Neum\u00e1tica Pr\u00e1cticas de Circuitos Neum\u00e1ticos &nbsp; Componentes Electr\u00f3nicos I Ejercicios de Electr\u00f3nica &nbsp; Electr\u00f3nica Digital. Teor\u00eda Ejercicios de Electr\u00f3nica Digital. Hoja 1 Ejercicios de Electr\u00f3nica Digital. Hoja 2 &nbsp;<\/p>\n","protected":false},"author":7,"featured_media":0,"parent":0,"menu_order":0,"comment_status":"closed","ping_status":"closed","template":"","meta":{"footnotes":""},"class_list":["post-145","page","type-page","status-publish","hentry"],"_links":{"self":[{"href":"https:\/\/ieselaios.catedu.es\/tecnologia\/wp-json\/wp\/v2\/pages\/145","targetHints":{"allow":["GET"]}}],"collection":[{"href":"https:\/\/ieselaios.catedu.es\/tecnologia\/wp-json\/wp\/v2\/pages"}],"about":[{"href":"https:\/\/ieselaios.catedu.es\/tecnologia\/wp-json\/wp\/v2\/types\/page"}],"author":[{"embeddable":true,"href":"https:\/\/ieselaios.catedu.es\/tecnologia\/wp-json\/wp\/v2\/users\/7"}],"replies":[{"embeddable":true,"href":"https:\/\/ieselaios.catedu.es\/tecnologia\/wp-json\/wp\/v2\/comments?post=145"}],"version-history":[{"count":6,"href":"https:\/\/ieselaios.catedu.es\/tecnologia\/wp-json\/wp\/v2\/pages\/145\/revisions"}],"predecessor-version":[{"id":370,"href":"https:\/\/ieselaios.catedu.es\/tecnologia\/wp-json\/wp\/v2\/pages\/145\/revisions\/370"}],"wp:attachment":[{"href":"https:\/\/ieselaios.catedu.es\/tecnologia\/wp-json\/wp\/v2\/media?parent=145"}],"curies":[{"name":"wp","href":"https:\/\/api.w.org\/{rel}","templated":true}]}}