{"id":10,"date":"2016-11-15T16:16:59","date_gmt":"2016-11-15T16:16:59","guid":{"rendered":"http:\/\/ieselaios.catedu.es\/oriacademica\/?page_id=10"},"modified":"2025-11-07T08:39:00","modified_gmt":"2025-11-07T08:39:00","slug":"universidad","status":"publish","type":"page","link":"https:\/\/ieselaios.catedu.es\/oriacademica\/universidad\/","title":{"rendered":"Universidad"},"content":{"rendered":"<p><strong>ESTUDIOS DE GRADO<\/strong><\/p>\n<p style=\"text-align: left\"><strong>\u200b\u00a0 \u00a0 \u00a0 <a href=\"https:\/\/mapadetitulaciones.aragon.es\/index.php\"><span style=\"color: #000080\">MAPA DE TITULACIONES UNIVERSITARIAS OFICIALES DE GRADO Y M\u00c1STER (Pincha aqu\u00ed)<\/span><\/a><\/strong><\/p>\n<p>\u00a0 \u00a0 \u00a0 \u00a0 \u00a0 \u00a0 \u00a0 \u00a0 \u00a0 \u00a0 \u00a0 \u00a0 \u00a0 \u00a0 \u00a0 \u00a0 \u00a0 \u00a0 \u00a0<span style=\"color: #000080\"> \u00a0 <strong>\u00a0<a href=\"https:\/\/www.aragon.es\/-\/becas-y-ayudas\">BECAS Y AYUDAS PARA ESTUDIOS UNIVERSITARIOS (Pincha aqu\u00ed)<\/a><\/strong><\/span><\/p>\n<table style=\"height: 170px;width: 71.2324%\">\n<tbody>\n<tr style=\"height: 170px\">\n<td style=\"width: 43.2749%;height: 170px\"><a href=\"https:\/\/estudios.unizar.es\/\"><img loading=\"lazy\" decoding=\"async\" class=\"alignnone wp-image-79\" src=\"http:\/\/ieselaios.catedu.es\/oriacademica\/wp-content\/uploads\/sites\/23\/2016\/11\/UNVER-300x110.png\" alt=\"UNVER\" width=\"316\" height=\"116\" srcset=\"https:\/\/ieselaios.catedu.es\/oriacademica\/wp-content\/uploads\/sites\/23\/2016\/11\/UNVER-300x110.png 300w, https:\/\/ieselaios.catedu.es\/oriacademica\/wp-content\/uploads\/sites\/23\/2016\/11\/UNVER.png 371w\" sizes=\"auto, (max-width: 316px) 100vw, 316px\" \/><\/a><\/td>\n<td style=\"width: 27.8509%;height: 170px\"><a href=\"https:\/\/www.uned.es\/universidad\/inicio\/estudios.html\"><img loading=\"lazy\" decoding=\"async\" class=\"alignnone  wp-image-695\" src=\"http:\/\/ieselaios.catedu.es\/oriacademica\/wp-content\/uploads\/sites\/23\/2020\/11\/UNED-300x300.jpg\" alt=\"\" width=\"145\" height=\"145\" \/><\/a><\/td>\n<td style=\"width: 49.1899%;height: 170px\"><a href=\"https:\/\/www.usj.es\/estudios\/grados\"><img loading=\"lazy\" decoding=\"async\" class=\"alignnone  wp-image-724\" src=\"http:\/\/ieselaios.catedu.es\/oriacademica\/wp-content\/uploads\/sites\/23\/2021\/02\/USJ-300x187.jpg\" alt=\"\" width=\"250\" height=\"157\" \/><\/a><\/td>\n<\/tr>\n<\/tbody>\n<\/table>\n<p><strong>PRUEBA DE ACCESO A LA UNIVERSIDAD (PAU)<\/strong><\/p>\n<table style=\"height: 230px;width: 70.8174%\">\n<tbody>\n<tr>\n<td style=\"width: 56.9612%\">\n<p style=\"text-align: center\"><a href=\"https:\/\/academico.unizar.es\/acceso-admision-grado\/pau\/nueva\">INFORMACI\u00d3N SOBRE LA PAU<\/a><\/p>\n<p><a href=\"https:\/\/academico.unizar.es\/acceso-admision-grado\/pau\/nueva\"><img loading=\"lazy\" decoding=\"async\" class=\"alignnone  wp-image-1008\" src=\"http:\/\/ieselaios.catedu.es\/oriacademica\/wp-content\/uploads\/sites\/23\/2024\/12\/Captura-300x178.png\" alt=\"\" width=\"391\" height=\"232\" srcset=\"https:\/\/ieselaios.catedu.es\/oriacademica\/wp-content\/uploads\/sites\/23\/2024\/12\/Captura-300x178.png 300w, https:\/\/ieselaios.catedu.es\/oriacademica\/wp-content\/uploads\/sites\/23\/2024\/12\/Captura-768x457.png 768w, https:\/\/ieselaios.catedu.es\/oriacademica\/wp-content\/uploads\/sites\/23\/2024\/12\/Captura.png 780w\" sizes=\"auto, (max-width: 391px) 100vw, 391px\" \/><\/a><\/p>\n<\/td>\n<td style=\"width: 19.8276%\">\n<p style=\"text-align: center\"><a href=\"https:\/\/academico.unizar.es\/sites\/academico.unizar.es\/files\/archivos\/acceso\/norma\/ponder2122.pdf\"><br \/><\/a><a href=\"https:\/\/academico.unizar.es\/sites\/academico\/files\/archivos\/acceso\/norma\/ponder2526.pdf\"><img loading=\"lazy\" decoding=\"async\" class=\"wp-image-290 aligncenter\" src=\"http:\/\/ieselaios.catedu.es\/oriacademica\/wp-content\/uploads\/sites\/23\/2016\/11\/selectividad-2016-ponderacion-parametros-300x225.jpeg\" alt=\"\" width=\"166\" height=\"124\" srcset=\"https:\/\/ieselaios.catedu.es\/oriacademica\/wp-content\/uploads\/sites\/23\/2016\/11\/selectividad-2016-ponderacion-parametros-300x225.jpeg 300w, https:\/\/ieselaios.catedu.es\/oriacademica\/wp-content\/uploads\/sites\/23\/2016\/11\/selectividad-2016-ponderacion-parametros.jpeg 320w\" sizes=\"auto, (max-width: 166px) 100vw, 166px\" \/><\/a><\/p>\n<p style=\"text-align: center\"><a href=\"https:\/\/academico.unizar.es\/sites\/academico\/files\/archivos\/acceso\/norma\/ponder2526.pdf\">PONDERACIONES 25-26<\/a><\/p>\n<p style=\"text-align: center\"><a href=\"https:\/\/academico.unizar.es\/sites\/academico\/files\/archivos\/acceso\/norma\/ponder2526.pdf\">Y SIGUIENTES<\/a><\/p>\n<\/td>\n<td style=\"width: 22.6511%\">\n<p style=\"text-align: center\"><a href=\"https:\/\/academico.unizar.es\/acceso-admision-grado\/admision\/cupos\">CUPOS DE RESERVA<\/a><\/p>\n<p><img loading=\"lazy\" decoding=\"async\" class=\"alignnone  wp-image-522\" src=\"http:\/\/ieselaios.catedu.es\/oriacademica\/wp-content\/uploads\/sites\/23\/2016\/11\/cupo.jpg\" alt=\"\" width=\"229\" height=\"151\" \/><\/p>\n<\/td>\n<\/tr>\n<\/tbody>\n<\/table>\n<p><strong>NOTAS DE CORTE<\/strong><\/p>\n<table style=\"height: 261px;width: 756px\">\n<tbody>\n<tr>\n<td style=\"text-align: center;width: 262px\"><a href=\"https:\/\/academico.unizar.es\/acceso-admision-grado\/corte\">NOTAS DE CORTE UNIVERSIDAD DE ZARAGOZA<\/a>\n<p><img loading=\"lazy\" decoding=\"async\" class=\"alignnone wp-image-81\" src=\"http:\/\/ieselaios.catedu.es\/oriacademica\/wp-content\/uploads\/sites\/23\/2016\/11\/NOTAS-CORTE.png\" alt=\"NOTAS CORTE\" width=\"190\" height=\"114\" \/><\/p>\n<\/td>\n<td style=\"text-align: center;width: 197px\"><a href=\"https:\/\/janovas.unizar.es\/admision\/adm400simulador.faces\">SIMULADOR DE NOTAS DE CORTE DE LA UNIVERSIDAD DE ZARAGOZA\u00a0<\/a>\n<p><a href=\"https:\/\/janovas.unizar.es\/admision\/adm400simulador.faces\"><img loading=\"lazy\" decoding=\"async\" class=\"aligncenter\" src=\"https:\/\/encrypted-tbn1.gstatic.com\/images?q=tbn:ANd9GcTt6Rze2qNHpXaWGqS_GkRnVTj7XxRMtjJ562yjMAfFY21BnyPXhw\" alt=\"Resultado de imagen de simulador notas de corte\" width=\"127\" height=\"89\" \/><\/a><\/p>\n<\/td>\n<td style=\"text-align: center;width: 291px\"><a href=\"https:\/\/elpais.com\/especiales\/universidades\/\">NOTAS DE CORTE DE TODAS LAS FACULTADES DE ESPA\u00d1A<\/a>\n<p><img loading=\"lazy\" decoding=\"async\" class=\"alignnone  wp-image-778\" src=\"http:\/\/ieselaios.catedu.es\/oriacademica\/wp-content\/uploads\/sites\/23\/2021\/11\/promo-og2021-300x169.jpg\" alt=\"\" width=\"192\" height=\"108\" \/><\/p>\n<\/td>\n<\/tr>\n<\/tbody>\n<\/table>\n<p><a href=\"https:\/\/uniscopio.com\/\">UNISCOPIO<\/a><\/p>\n<p><a href=\"https:\/\/uniscopio.com\/\"><img loading=\"lazy\" decoding=\"async\" class=\"wp-image-529 alignleft\" src=\"http:\/\/ieselaios.catedu.es\/oriacademica\/wp-content\/uploads\/sites\/23\/2019\/10\/logo-uniscopio.png\" alt=\"\" width=\"91\" height=\"73\" \/><\/a><\/p>\n<p><a href=\"https:\/\/uniscopio.com\/\">Es una plataforma digital de orientaci\u00f3n al estudiante. Entre otras cosas, tiene editada una gu\u00eda de acceso y admisi\u00f3n a universidades p\u00fablicas y privadas.\u00a0<\/a>\u00a0<\/p>\n<p><a href=\"https:\/\/yaq.es\/\">REVISTA: YAQ.ES<\/a><\/p>\n<p><a href=\"http:\/\/yaq.es\/\"><img loading=\"lazy\" decoding=\"async\" class=\"alignleft\" src=\"http:\/\/yaq.es\/sites\/yaq.es\/files\/imagecache\/slideshow_promo_big\/images\/mejores-webs-de-orientacion-educativa-v2.jpg\" alt=\"Resultado de imagen de yaq.es\" width=\"80\" height=\"48\" \/><\/a><a href=\"https:\/\/yaq.es\/\">Revista digital en la que puedes ver qu\u00e9 grados se pueden estudiar en las diferentes universidades, as\u00ed como notas de corte, referencias a la PAU, etc. Tambi\u00e9n recoge amplia informaci\u00f3n sobre m\u00e1steres, cursos y profesiones.<\/a><\/p>\n<p><a href=\"https:\/\/www.ciencia.gob.es\/Universidades\/QEDU.html\">QU\u00c9 ESTUDIAR Y D\u00d3NDE<\/a><\/p>\n<p><img loading=\"lazy\" decoding=\"async\" class=\" wp-image-689 alignleft\" src=\"http:\/\/ieselaios.catedu.es\/oriacademica\/wp-content\/uploads\/sites\/23\/2020\/11\/QUEDU-300x91.jpg\" alt=\"\" width=\"154\" height=\"47\" \/><a href=\"https:\/\/www.ciencia.gob.es\/Universidades\/QEDU.html\">Es una aplicaci\u00f3n del MEC creada para facilitar \u00a0informaci\u00f3n sobre qu\u00e9 titulaci\u00f3n estudiar y d\u00f3nde. Los datos se han extra\u00eddo del Registro de Universidades, Centros y T\u00edtulos y del Sistema Integrado de Informaci\u00f3n Universitaria<\/a><\/p>\n<p><a href=\"https:\/\/euroguidance-spain.educacionyfp.gob.es\/recursos.html\"><img loading=\"lazy\" decoding=\"async\" class=\"alignleft\" src=\"http:\/\/ieselaios.catedu.es\/oriacademica\/wp-content\/uploads\/sites\/23\/2022\/02\/manzana-euroguidance.jpg-1024x835.jpg\" width=\"123\" height=\"98\" \/>Portal <em>Euroguidance Espa\u00f1a<\/em> del MInisterio de Educaci\u00f3n, especializado en orientaci\u00f3n profesional y aprendizaje a lo largo de la vida: accede a recursos y buenas pr\u00e1cticas.<\/a><\/p>\n\n\n<table style=\"width: 100%;border-collapse: collapse;background-color: #a7d7f2;height: 115px\">\n<tbody>\n<tr style=\"height: 115px\">\n<td style=\"width: 100%;text-align: center;height: 115px\">\n<p style=\"text-align: center\"><a href=\"https:\/\/www.rtve.es\/play\/videos\/oficiorama\/\"><span style=\"color: #000000\"><strong>OFICIORAMA: OFICIOS DEL FUTURO<\/strong><\/span><\/a><\/p>\n<p style=\"text-align: center\">\u00a0<\/p>\n<\/td>\n<\/tr>\n<\/tbody>\n<\/table>\n\n\n","protected":false},"excerpt":{"rendered":"<p>ESTUDIOS DE GRADO \u200b\u00a0 \u00a0 \u00a0 MAPA DE TITULACIONES UNIVERSITARIAS OFICIALES DE GRADO Y M\u00c1STER (Pincha aqu\u00ed) \u00a0 \u00a0 \u00a0 \u00a0 \u00a0 \u00a0 \u00a0 \u00a0 \u00a0 \u00a0 \u00a0 \u00a0 \u00a0 \u00a0 \u00a0 \u00a0 \u00a0 \u00a0 \u00a0 \u00a0 \u00a0BECAS Y AYUDAS PARA ESTUDIOS UNIVERSITARIOS (Pincha aqu\u00ed) PRUEBA DE ACCESO A LA UNIVERSIDAD (PAU) INFORMACI\u00d3N SOBRE LA [&hellip;]<\/p>\n","protected":false},"author":1,"featured_media":0,"parent":0,"menu_order":0,"comment_status":"closed","ping_status":"closed","template":"","meta":{"footnotes":""},"class_list":["post-10","page","type-page","status-publish","hentry"],"_links":{"self":[{"href":"https:\/\/ieselaios.catedu.es\/oriacademica\/wp-json\/wp\/v2\/pages\/10","targetHints":{"allow":["GET"]}}],"collection":[{"href":"https:\/\/ieselaios.catedu.es\/oriacademica\/wp-json\/wp\/v2\/pages"}],"about":[{"href":"https:\/\/ieselaios.catedu.es\/oriacademica\/wp-json\/wp\/v2\/types\/page"}],"author":[{"embeddable":true,"href":"https:\/\/ieselaios.catedu.es\/oriacademica\/wp-json\/wp\/v2\/users\/1"}],"replies":[{"embeddable":true,"href":"https:\/\/ieselaios.catedu.es\/oriacademica\/wp-json\/wp\/v2\/comments?post=10"}],"version-history":[{"count":118,"href":"https:\/\/ieselaios.catedu.es\/oriacademica\/wp-json\/wp\/v2\/pages\/10\/revisions"}],"predecessor-version":[{"id":1071,"href":"https:\/\/ieselaios.catedu.es\/oriacademica\/wp-json\/wp\/v2\/pages\/10\/revisions\/1071"}],"wp:attachment":[{"href":"https:\/\/ieselaios.catedu.es\/oriacademica\/wp-json\/wp\/v2\/media?parent=10"}],"curies":[{"name":"wp","href":"https:\/\/api.w.org\/{rel}","templated":true}]}}