{"id":881,"date":"2023-11-21T14:31:09","date_gmt":"2023-11-21T12:31:09","guid":{"rendered":"https:\/\/ieselaios.catedu.es\/musica\/?page_id=881"},"modified":"2024-12-03T11:02:57","modified_gmt":"2024-12-03T09:02:57","slug":"2o-bachillerato","status":"publish","type":"page","link":"https:\/\/ieselaios.catedu.es\/musica\/2o-bachillerato\/","title":{"rendered":"2\u00ba Bachillerato"},"content":{"rendered":"\n<p><a href=\"https:\/\/docs.google.com\/document\/d\/1HXOjWURbOOAskjb3e0s9F_ouRZa2OVJw\/edit?usp=sharing&amp;ouid=109889410213904211515&amp;rtpof=true&amp;sd=true\">CRITERIOS DE CALIFICACI\u00d3N PROYECTO DE INNOVACI\u00d3N E INVESTIGACI\u00d3N INTEGRADO<\/a><\/p>\n\n\n\n<p><a href=\"https:\/\/docs.google.com\/document\/d\/1MIY-ecRMizltiihoCni6xMXkWb6yIcEx\/edit?usp=drive_link&amp;ouid=109889410213904211515&amp;rtpof=true&amp;sd=true\">CRITERIOS DE CALIFICACI\u00d3N GENERALES<\/a><\/p>\n\n\n\n<p>Para acceder a esta informaci\u00f3n, debes tener abierto tu correo del IES \u00c9LAIOS.<\/p>\n","protected":false},"excerpt":{"rendered":"<p>CRITERIOS DE CALIFICACI\u00d3N PROYECTO DE INNOVACI\u00d3N E INVESTIGACI\u00d3N INTEGRADO CRITERIOS DE CALIFICACI\u00d3N GENERALES Para acceder a esta informaci\u00f3n, debes tener abierto tu correo del IES \u00c9LAIOS.<\/p>\n","protected":false},"author":44,"featured_media":0,"parent":0,"menu_order":0,"comment_status":"closed","ping_status":"closed","template":"","meta":{"footnotes":""},"class_list":["post-881","page","type-page","status-publish","hentry"],"_links":{"self":[{"href":"https:\/\/ieselaios.catedu.es\/musica\/wp-json\/wp\/v2\/pages\/881","targetHints":{"allow":["GET"]}}],"collection":[{"href":"https:\/\/ieselaios.catedu.es\/musica\/wp-json\/wp\/v2\/pages"}],"about":[{"href":"https:\/\/ieselaios.catedu.es\/musica\/wp-json\/wp\/v2\/types\/page"}],"author":[{"embeddable":true,"href":"https:\/\/ieselaios.catedu.es\/musica\/wp-json\/wp\/v2\/users\/44"}],"replies":[{"embeddable":true,"href":"https:\/\/ieselaios.catedu.es\/musica\/wp-json\/wp\/v2\/comments?post=881"}],"version-history":[{"count":4,"href":"https:\/\/ieselaios.catedu.es\/musica\/wp-json\/wp\/v2\/pages\/881\/revisions"}],"predecessor-version":[{"id":910,"href":"https:\/\/ieselaios.catedu.es\/musica\/wp-json\/wp\/v2\/pages\/881\/revisions\/910"}],"wp:attachment":[{"href":"https:\/\/ieselaios.catedu.es\/musica\/wp-json\/wp\/v2\/media?parent=881"}],"curies":[{"name":"wp","href":"https:\/\/api.w.org\/{rel}","templated":true}]}}