{"id":5,"date":"2016-03-03T13:35:55","date_gmt":"2016-03-03T12:35:55","guid":{"rendered":"http:\/\/ieselaios.catedu.es\/musica\/?page_id=5"},"modified":"2024-12-02T14:57:42","modified_gmt":"2024-12-02T12:57:42","slug":"profesorado","status":"publish","type":"page","link":"https:\/\/ieselaios.catedu.es\/musica\/profesorado\/","title":{"rendered":"PROFESORADO"},"content":{"rendered":"<p>Profesorado del Departamento de M\u00fasica del IES \u00c9LAIOS en el curso 2024-25:<\/p>\n<p><strong>ISABEL RAZ\u00c1BAL<\/strong><\/p>\n<p><strong>RAQUEL S\u00c1NCHEZ<\/strong><\/p>\n<p>Jefa del Departamento de M\u00fasica.<\/p>\n<p><strong>SERGIO M\u00c1LAGA<\/strong><\/p>\n<p>Jefe de estudios<\/p>\n","protected":false},"excerpt":{"rendered":"<p>Profesorado del Departamento de M\u00fasica del IES \u00c9LAIOS en el curso 2024-25: ISABEL RAZ\u00c1BAL RAQUEL S\u00c1NCHEZ Jefa del Departamento de M\u00fasica. SERGIO M\u00c1LAGA Jefe de estudios<\/p>\n","protected":false},"author":3,"featured_media":0,"parent":0,"menu_order":0,"comment_status":"closed","ping_status":"closed","template":"","meta":{"footnotes":""},"class_list":["post-5","page","type-page","status-publish","hentry"],"_links":{"self":[{"href":"https:\/\/ieselaios.catedu.es\/musica\/wp-json\/wp\/v2\/pages\/5","targetHints":{"allow":["GET"]}}],"collection":[{"href":"https:\/\/ieselaios.catedu.es\/musica\/wp-json\/wp\/v2\/pages"}],"about":[{"href":"https:\/\/ieselaios.catedu.es\/musica\/wp-json\/wp\/v2\/types\/page"}],"author":[{"embeddable":true,"href":"https:\/\/ieselaios.catedu.es\/musica\/wp-json\/wp\/v2\/users\/3"}],"replies":[{"embeddable":true,"href":"https:\/\/ieselaios.catedu.es\/musica\/wp-json\/wp\/v2\/comments?post=5"}],"version-history":[{"count":19,"href":"https:\/\/ieselaios.catedu.es\/musica\/wp-json\/wp\/v2\/pages\/5\/revisions"}],"predecessor-version":[{"id":904,"href":"https:\/\/ieselaios.catedu.es\/musica\/wp-json\/wp\/v2\/pages\/5\/revisions\/904"}],"wp:attachment":[{"href":"https:\/\/ieselaios.catedu.es\/musica\/wp-json\/wp\/v2\/media?parent=5"}],"curies":[{"name":"wp","href":"https:\/\/api.w.org\/{rel}","templated":true}]}}