{"id":17,"date":"2016-03-03T13:41:10","date_gmt":"2016-03-03T12:41:10","guid":{"rendered":"http:\/\/ieselaios.catedu.es\/musica\/?page_id=17"},"modified":"2018-02-27T13:19:39","modified_gmt":"2018-02-27T11:19:39","slug":"recursos-didacticos-3o-eso","status":"publish","type":"page","link":"https:\/\/ieselaios.catedu.es\/musica\/recursos-didacticos-3o-eso\/","title":{"rendered":"Recursos did\u00e1cticos 3\u00ba ESO"},"content":{"rendered":"<p>&nbsp;<\/p>\n<p><span style=\"text-decoration: underline\"><strong>LA M\u00daSICA MEDIEVAL:<\/strong><\/span><\/p>\n<p><a href=\"https:\/\/www.youtube.com\/watch?v=AMe1WuV3j1g#action=share\" target=\"_blank\" rel=\"noopener\">V\u00eddeo resumen<\/a><\/p>\n<p><a href=\"http:\/\/cmapspublic2.ihmc.us\/rid=1K21X3QQ3-1G3PXBJ-14XX\/Edad%20Media.cmap\" target=\"_blank\" rel=\"noopener\">Mapa conceptual de la m\u00fasica en la Antig\u00fcedad y en la Edad Media.<\/a><\/p>\n<p><a href=\"https:\/\/www.educaplay.com\/es\/actividades\/564105\/actividad.swf?time=1322425469\" target=\"_blank\" rel=\"noopener\">Test 1<\/a><\/p>\n<p><a href=\"http:\/\/fresno.pntic.mec.es\/~gmat0002\/didact\/actividades\/ejer_edad_media.htm\" target=\"_blank\" rel=\"noopener\">Test 2<\/a><\/p>\n<p><a href=\"http:\/\/aprendemusica.es\/Musicas\/3_ESO\/UD1_EdadMedia.Arabe\/EJERCICIOS_INTERACTIVOS\/EDAD%20MEDIA_Hot%20Potatoes\/Hot%20Potatoes_E.Media_portada\/Edad_Media_portada.html\" target=\"_blank\" rel=\"noopener\">M\u00e1s actividades interactivas para repasar.<\/a><\/p>\n<p>&nbsp;<\/p>\n<p><span style=\"text-decoration: underline\"><strong>LA M\u00daSICA RENACENTISTA:<\/strong><\/span><\/p>\n<p><a href=\"http:\/\/cmapspublic2.ihmc.us\/rid=1K8253BM9-2R2LYC-13ZQ\/Renacimiento.cmap\">Mapa conceptual sobre m\u00fasica del Renacimiento.<\/a><\/p>\n<p><a href=\"http:\/\/static.issuu.com\/webembed\/viewers\/style1\/v1\/IssuuViewer.swf?mode=embed&amp;viewMode=presentation&amp;layout=http%3A%2F%2Fskin.issuu.com%2Fv%2Fnightmare%2Flayout.xml&amp;showFlipBtn=true&amp;documentId=110114195841-9685ee3e79a946fdba013a35291483ef&amp;docName=comicrenacimiento&amp;username=profemusica&amp;loadingInfoText=Historia%20de%20la%20M%C3%BAsica%20en%20C%C3%B3mic%3A%20Renacimiento&amp;et=1295035969437&amp;er=57\">Audio y actividades de la m\u00fasica en el Renacimiento.<\/a><\/p>\n<p><a href=\"https:\/\/paolaoliva1.wordpress.com\/2010\/01\/15\/musica-renacentista\/\">Presentaci\u00f3n de la m\u00fasica renacentista.<\/a><\/p>\n<p><a href=\"https:\/\/paolaoliva1.files.wordpress.com\/2010\/01\/act-presentacion-musica-renacentista1.pdf\">Actividad en PDF de la presentaci\u00f3n anterior.<\/a><\/p>\n<p><a href=\"https:\/\/soundcloud.com\/p-51\/sets\/instrumentos-renacentistas\">Audios de instrumentos renacentistas.<\/a><\/p>\n<p><a href=\"http:\/\/www.aprendemusica.es\/Musicas\/3_ESO\/UD2_Rencim.China\/EJERCICIOS_INTERACTIVOS\/Renacimiento_Hot%20Potatoes\/HOT_POTATOES_RENACIMIENTO_portada\/Renacimiento_portada.html\">Actividades interactivas.<\/a><\/p>\n<p><a href=\"https:\/\/en.educaplay.com\/en\/actividades\/577630\/actividad.swf?time=1327481182\">Completa el texto.<\/a><\/p>\n<p><a href=\"https:\/\/www.educaplay.com\/es\/actividades\/580692\/actividad.swf?time=1328185260\">Test interactivo sobre la m\u00fasica renacentista.<\/a><\/p>\n<p>&nbsp;<\/p>\n<p><span style=\"text-decoration: underline\"><strong>LA M\u00daSICA BARROCA:<\/strong><\/span><\/p>\n<p><a href=\"http:\/\/cmapspublic3.ihmc.us\/rid=1256407424128_1077693001_11194\/1243201417265_1877607298_1071&amp;redirect\">Mapa conceptual de la m\u00fasica barroca<\/a><\/p>\n<p><a href=\"http:\/\/www.aprendemusica.es\/Musicas\/3_ESO\/UD3_Barroco.Latinoamerica\/BARROCO_exeL\/Barroco\/index.html\">La m\u00fasica del Barroco.<\/a><\/p>\n<p><a href=\"http:\/\/www.aprendemusica.es\/Musicas\/3_ESO\/UD3_Barroco.Latinoamerica\/EJERCICIOS_INTERACTIVOS_BARROCO\/BARROCO_Hot_Potatoes\/Hot%20Potatoes_BARROCO_portada\/Barroco_portada.html\">Ejercicios interactivos sobre la m\u00fasica barroca.<\/a><\/p>\n<p>&nbsp;<\/p>\n<p>&nbsp;<\/p>\n<p>&nbsp;<\/p>\n","protected":false},"excerpt":{"rendered":"<p>&nbsp; LA M\u00daSICA MEDIEVAL: V\u00eddeo resumen Mapa conceptual de la m\u00fasica en la Antig\u00fcedad y en la Edad Media. Test 1 Test 2 M\u00e1s actividades interactivas para repasar. &nbsp; LA M\u00daSICA RENACENTISTA: Mapa conceptual sobre m\u00fasica del Renacimiento. Audio y actividades de la m\u00fasica en el Renacimiento. Presentaci\u00f3n de la m\u00fasica renacentista. Actividad en PDF [&hellip;]<\/p>\n","protected":false},"author":3,"featured_media":0,"parent":0,"menu_order":0,"comment_status":"closed","ping_status":"closed","template":"","meta":{"footnotes":""},"class_list":["post-17","page","type-page","status-publish","hentry"],"_links":{"self":[{"href":"https:\/\/ieselaios.catedu.es\/musica\/wp-json\/wp\/v2\/pages\/17","targetHints":{"allow":["GET"]}}],"collection":[{"href":"https:\/\/ieselaios.catedu.es\/musica\/wp-json\/wp\/v2\/pages"}],"about":[{"href":"https:\/\/ieselaios.catedu.es\/musica\/wp-json\/wp\/v2\/types\/page"}],"author":[{"embeddable":true,"href":"https:\/\/ieselaios.catedu.es\/musica\/wp-json\/wp\/v2\/users\/3"}],"replies":[{"embeddable":true,"href":"https:\/\/ieselaios.catedu.es\/musica\/wp-json\/wp\/v2\/comments?post=17"}],"version-history":[{"count":8,"href":"https:\/\/ieselaios.catedu.es\/musica\/wp-json\/wp\/v2\/pages\/17\/revisions"}],"predecessor-version":[{"id":440,"href":"https:\/\/ieselaios.catedu.es\/musica\/wp-json\/wp\/v2\/pages\/17\/revisions\/440"}],"wp:attachment":[{"href":"https:\/\/ieselaios.catedu.es\/musica\/wp-json\/wp\/v2\/media?parent=17"}],"curies":[{"name":"wp","href":"https:\/\/api.w.org\/{rel}","templated":true}]}}