{"id":15,"date":"2016-03-03T13:40:50","date_gmt":"2016-03-03T12:40:50","guid":{"rendered":"http:\/\/ieselaios.catedu.es\/musica\/?page_id=15"},"modified":"2018-02-22T20:17:55","modified_gmt":"2018-02-22T18:17:55","slug":"recursos-didacticos-1o-eso","status":"publish","type":"page","link":"https:\/\/ieselaios.catedu.es\/musica\/recursos-didacticos-1o-eso\/","title":{"rendered":"Recursos did\u00e1cticos 1\u00ba ESO"},"content":{"rendered":"<p>Para repasar los contenidos trabajados en clase, puedes consultar estas p\u00e1ginas con actividades y recursos visuales y auditivos.<\/p>\n<p><span style=\"text-decoration: underline\"><strong>CUALIDADES DEL SONIDO:<\/strong><\/span><\/p>\n<p><a href=\"http:\/\/cmapspublic.ihmc.us\/rid=1NNWD4P7R-1T1K357-2CPJ\/EL%20SONIDO.cmap\" target=\"_blank\" rel=\"noopener\">Mapa conceptual Las cualidades del sonido<\/a>.<\/p>\n<p><a href=\"https:\/\/www.classmint.com\/note\/view\/522975bf9060d1d20c000000\" target=\"_blank\" rel=\"noopener\">Apuntes sobre el sonido y sus cualidades.<\/a><\/p>\n<p><a href=\"http:\/\/mariajesuscamino.com\/cuadernia\/El-Sonido\/\" target=\"_blank\" rel=\"noopener\">Repaso de la teor\u00eda con actividades.<\/a><\/p>\n<p><a href=\"https:\/\/quizbean.com\/#\/el-sonido-1\" target=\"_blank\" rel=\"noopener\">Un Juego Quiz para repasar las cualidades del sonido.<\/a><\/p>\n<p><a href=\"https:\/\/www.goconqr.com\/es-ES\/p\/4092116-Cualidades-del-Sonido-flash_card_decks\" target=\"_blank\" rel=\"noopener\">Responde a las preguntas de las tarjetas y comprueba.<\/a><\/p>\n<p><a href=\"https:\/\/www.goconqr.com\/es-ES\/p\/7137247-Las-ondas-sonoras-mind_maps\" target=\"_blank\" rel=\"noopener\">\u00bfC\u00f3mo se dibujan las ondas sonoras?<\/a><\/p>\n<p><a href=\"https:\/\/www.goconqr.com\/es-ES\/p\/7110651-Los-sonidos-seg-n-sus-ondas-sonoras-quizzes\" target=\"_blank\" rel=\"noopener\">Cuestionario interactivo sobre las cualidades. \u00a1T\u00fa puedes!<\/a><\/p>\n<p>&nbsp;<\/p>\n<p><span style=\"text-decoration: underline\"><strong>EL RITMO:<\/strong><\/span><\/p>\n<p><a href=\"http:\/\/cmapspublic2.ihmc.us\/rid=1L15PBTCN-29F66XX-1GFM\/Tempo.cmap\" target=\"_blank\" rel=\"noopener\">Mapa conceptual sobre el pulso, el ritmo y el tempo.<\/a><\/p>\n<p><a href=\"http:\/\/mmgiaccaglia.wixsite.com\/lenguajemusicalritmo\" target=\"_blank\" rel=\"noopener\">Hacemos ritmos&#8230;y m\u00e1s<\/a><\/p>\n<p><a href=\"http:\/\/mariajesuscamino.com\/Content\/notas-figuras-compases.swf\" target=\"_blank\" rel=\"noopener\">Juego \u00abLanza al profe\u00bb de figuras y compases. \u00a1A jugar! <\/a><\/p>\n<p>&nbsp;<\/p>\n<p><span style=\"text-decoration: underline\"><strong>LA MELOD\u00cdA:<\/strong><\/span><\/p>\n<p><a href=\"http:\/\/cmapspublic2.ihmc.us\/rid=1HM4DFGNQ-HZYFN4-QGP\/melod%C3%ADa.cmap\" target=\"_blank\" rel=\"noopener\">Mapa conceptual sobre lo que debes saber de la melod\u00eda.<\/a><\/p>\n<p><a href=\"http:\/\/mariajesuscamino.com\/actividades\/melodia1\/melodia1.htm\" target=\"_blank\" rel=\"noopener\">Cuestionario interactivo sobre las caracter\u00edsticas de una melod\u00eda.<\/a><\/p>\n<p><a href=\"http:\/\/cmapspublic2.ihmc.us\/servlet\/SBReadResourceServlet?rid=1266880144618_536571410_16062&amp;partName=actualhtmltext\" target=\"_blank\" rel=\"noopener\">Mapa conceptual de la escala y las notas con las teclas de un piano.<\/a><\/p>\n<p><a href=\"http:\/\/ares.cnice.mec.es\/artistica\/b\/09\/a_bb09_01vf.html\" target=\"_blank\" rel=\"noopener\">Jugamos con la melod\u00eda.<\/a><\/p>\n<p>&nbsp;<\/p>\n<p><span style=\"text-decoration: underline\"><strong>LA VOZ:<\/strong><\/span><\/p>\n<p><a href=\"http:\/\/cmapspublic.ihmc.us\/servlet\/SBReadResourceServlet?rid=1238511684168_611077139_27137&amp;partName=htmltext\">Mapa conceptual sobre la voz humana.<\/a><\/p>\n<p><a href=\"http:\/\/mariajesuscamino.cantabriamusical.com\/videos%20voz\/\" target=\"_blank\" rel=\"noopener\">V\u00eddeos sobre el aparato fonador y su funcionamiento.<\/a><\/p>\n<p><a href=\"http:\/\/mariajesuscamino.com\/cuadernia\/Cuadernia-Voz\/\">Ejemplos auditivos y actividades sobre la voz.<\/a><\/p>\n<p><a href=\"https:\/\/www.mariajesusmusica.com\/la-voz-y-grupos-vocales.html\">Actividades sobre la voz: Clasificaci\u00f3n y agrupaciones vocales.<\/a><\/p>\n<p><a href=\"http:\/\/mariajesuscamino.com\/content\/lavoz.swf\">Juego \u00abLanza al profe\u00bb: Instrumento vocal y clasificaci\u00f3n de las voces.<\/a><\/p>\n<p><a href=\"https:\/\/es.educaplay.com\/es\/recursoseducativos\/7277\/el_instrumento_vocal.htm\" target=\"_blank\" rel=\"noopener\">Crucigrama El instrumento vocal.<\/a><\/p>\n<p><a href=\"https:\/\/es.educaplay.com\/es\/recursoseducativos\/7279\/el_instrumento_vocal.htm\" target=\"_blank\" rel=\"noopener\">Actividad Educaplay sobre la voz.<\/a><\/p>\n<p><a href=\"https:\/\/es.educaplay.com\/es\/recursoseducativos\/7279\/el_instrumento_vocal.htm\" target=\"_blank\" rel=\"noopener\">Actividad audiovisual sobre la clasificaci\u00f3n de la voz.<\/a><\/p>\n<p><a href=\"http:\/\/www.quizrevolution.com\/act159793\/mini\/go\/voces_y_agrupaciones\" target=\"_blank\" rel=\"noopener\">Actividad audiovisual sobre las agrupaciones vocales.<\/a><\/p>\n<p><a href=\"https:\/\/www.bloghoptoys.es\/10-actividades-para-aprender-a-usar-mejor-la-voz\/\" target=\"_blank\" rel=\"noopener\">Actividades para aprender a usar mejor la voz.<\/a><\/p>\n<p>&nbsp;<\/p>\n<p><span style=\"text-decoration: underline\"><strong>LOS INSTRUMENTOS MUSICALES:<\/strong><\/span><\/p>\n<p><a href=\"https:\/\/musicaesoybachillerato.blogspot.com.es\/p\/unidad-4.html\">Los instrumentos musicales y sus agrupaciones.<\/a><\/p>\n<p><a href=\"http:\/\/mariajesuscamino.com\/cuadernia\/Audios-Instrumentos\/\" target=\"_blank\" rel=\"noopener\">Libro virtual sobre los instrumentos.<\/a><\/p>\n<p><a href=\"https:\/\/www.mariajesusmusica.com\/inicio\/clasificacin-tcnica-de-los-instrumentos-musicales-fichas-con-mapas-conceptuales\">Mapa conceptual de los instrumentos musicales.<\/a><\/p>\n<p><a href=\"http:\/\/mariajesuscamino.cantabriamusical.com\/galeria\/index.html\">Galer\u00eda de im\u00e1genes de instrumentos musicales.<\/a><\/p>\n<p><a href=\"http:\/\/mariajesuscamino.com\/exe\/idiofonos\/\">Galer\u00eda de fotos de instrumentos musicales.<\/a><\/p>\n<p><a href=\"http:\/\/mariajesuscamino.com\/LIM\/instrumentos1\/\">Actividades de clasificaci\u00f3n de instrumentos.<\/a><\/p>\n<p><a href=\"http:\/\/mariajesuscamino.com\/LIM\/instrumentos2\/\">M\u00e1s actividades de clasificaci\u00f3n de instrumentos.<\/a><\/p>\n<p><a href=\"http:\/\/mariajesuscamino.cantabriamusical.com\/crucigramas\/aerofonos\/\">Crucigrama aer\u00f3fonos.<\/a><\/p>\n<p><a href=\"http:\/\/mariajesuscamino.cantabriamusical.com\/crucigramas\/cordofonos\/\">Crucigrama cord\u00f3fonos.<\/a><\/p>\n<p><a href=\"http:\/\/mariajesuscamino.cantabriamusical.com\/crucigramas\/membranofonos\/\">Crucigrama membran\u00f3fonos.<\/a><\/p>\n<p><a href=\"http:\/\/mariajesuscamino.cantabriamusical.com\/crucigramas\/idiofonos\/\">Crucigrama idi\u00f3fonos.<\/a><\/p>\n<p><a href=\"http:\/\/mariajesuscamino.cantabriamusical.com\/crucigramas\/electrofonos\/\">Crucigrama electr\u00f3fonos.<\/a><\/p>\n<p><a href=\"http:\/\/mariajesuscamino.com\/crucigramas\/orff1\/\">Crucigrama instrumentos Orff.<\/a><\/p>\n<p><a href=\"https:\/\/es.educaplay.com\/es\/recursoseducativos\/18528\/cordofonos_y_aerofonos.htm\">Actividad Educaplay sobre cord\u00f3fonos y aer\u00f3fonos.<\/a><\/p>\n<p><a href=\"https:\/\/es.educaplay.com\/es\/recursoseducativos\/18529\/instrumentos_m__i_y_e.htm\">Actividad Educaplay sobre membran\u00f3fonos, idi\u00f3fonos y electr\u00f3fonos.<\/a><\/p>\n<p><a href=\"https:\/\/www.thinglink.com\/scene\/509745748338802689?buttonSource=viewLimits\">Aer\u00f3fonos con Thinklink.<\/a><\/p>\n<p><a href=\"https:\/\/www.thinglink.com\/scene\/509750779020574721?buttonSource=viewLimits\">Cord\u00f3fonos con Thinklink.<\/a><\/p>\n<p><a href=\"https:\/\/www.thinglink.com\/scene\/509756765290627073?buttonSource=viewLimits\">Membran\u00f3fonos con Thinklink.<\/a><\/p>\n<p><a href=\"https:\/\/www.thinglink.com\/scene\/509763156508147713?buttonSource=viewLimits\">Idi\u00f3fonos con Thinklink.<\/a><\/p>\n<p><a href=\"https:\/\/www.thinglink.com\/scene\/509771136981008385?buttonSource=viewLimits\">Electr\u00f3fonos con Thinklink.<\/a><\/p>\n<p><a href=\"http:\/\/mariajesuscamino.com\/exe\/cordofonos-aerofonos\/newPackage\/index.html\">Actividades interactivas sobre aer\u00f3fonos y cord\u00f3fonos.<\/a><\/p>\n<p>&nbsp;<\/p>\n<p>&nbsp;<\/p>\n<p>&nbsp;<\/p>\n<p>&nbsp;<\/p>\n<p>&nbsp;<\/p>\n<p>&nbsp;<\/p>\n<p>&nbsp;<\/p>\n<p>&nbsp;<\/p>\n","protected":false},"excerpt":{"rendered":"<p>Para repasar los contenidos trabajados en clase, puedes consultar estas p\u00e1ginas con actividades y recursos visuales y auditivos. CUALIDADES DEL SONIDO: Mapa conceptual Las cualidades del sonido. Apuntes sobre el sonido y sus cualidades. Repaso de la teor\u00eda con actividades. Un Juego Quiz para repasar las cualidades del sonido. Responde a las preguntas de las [&hellip;]<\/p>\n","protected":false},"author":3,"featured_media":0,"parent":0,"menu_order":0,"comment_status":"closed","ping_status":"closed","template":"","meta":{"footnotes":""},"class_list":["post-15","page","type-page","status-publish","hentry"],"_links":{"self":[{"href":"https:\/\/ieselaios.catedu.es\/musica\/wp-json\/wp\/v2\/pages\/15","targetHints":{"allow":["GET"]}}],"collection":[{"href":"https:\/\/ieselaios.catedu.es\/musica\/wp-json\/wp\/v2\/pages"}],"about":[{"href":"https:\/\/ieselaios.catedu.es\/musica\/wp-json\/wp\/v2\/types\/page"}],"author":[{"embeddable":true,"href":"https:\/\/ieselaios.catedu.es\/musica\/wp-json\/wp\/v2\/users\/3"}],"replies":[{"embeddable":true,"href":"https:\/\/ieselaios.catedu.es\/musica\/wp-json\/wp\/v2\/comments?post=15"}],"version-history":[{"count":6,"href":"https:\/\/ieselaios.catedu.es\/musica\/wp-json\/wp\/v2\/pages\/15\/revisions"}],"predecessor-version":[{"id":434,"href":"https:\/\/ieselaios.catedu.es\/musica\/wp-json\/wp\/v2\/pages\/15\/revisions\/434"}],"wp:attachment":[{"href":"https:\/\/ieselaios.catedu.es\/musica\/wp-json\/wp\/v2\/media?parent=15"}],"curies":[{"name":"wp","href":"https:\/\/api.w.org\/{rel}","templated":true}]}}