{"id":11,"date":"2016-03-03T13:39:52","date_gmt":"2016-03-03T12:39:52","guid":{"rendered":"http:\/\/ieselaios.catedu.es\/musica\/?page_id=11"},"modified":"2024-12-03T11:02:00","modified_gmt":"2024-12-03T09:02:00","slug":"informacion-academica-3o-eso","status":"publish","type":"page","link":"https:\/\/ieselaios.catedu.es\/musica\/informacion-academica-3o-eso\/","title":{"rendered":"Informaci\u00f3n acad\u00e9mica 3\u00ba ESO"},"content":{"rendered":"\n<p><\/p>\n\n\n\n<p><a href=\"https:\/\/docs.google.com\/document\/d\/1uVRu8fgw1DMTydEi_T8eMEvR0tGqRYDh\/edit?usp=sharing&amp;ouid=109889410213904211515&amp;rtpof=true&amp;sd=true\">CRITERIOS DE CALIFICACI\u00d3N M\u00daSICA 3\u00ba<\/a><\/p>\n\n\n\n<p><a href=\"https:\/\/docs.google.com\/document\/d\/1MIY-ecRMizltiihoCni6xMXkWb6yIcEx\/edit?usp=drive_link&amp;ouid=109889410213904211515&amp;rtpof=true&amp;sd=true\">CRITERIOS DE CALIFICACI\u00d3N GENERALES<\/a><\/p>\n<p>Para acceder a esta informaci\u00f3n, debes tener abierto tu correo del IES \u00c9LAIOS.<\/p>\n","protected":false},"excerpt":{"rendered":"<p>CRITERIOS DE CALIFICACI\u00d3N M\u00daSICA 3\u00ba CRITERIOS DE CALIFICACI\u00d3N GENERALES Para acceder a esta informaci\u00f3n, debes tener abierto tu correo del IES \u00c9LAIOS.<\/p>\n","protected":false},"author":3,"featured_media":0,"parent":0,"menu_order":0,"comment_status":"closed","ping_status":"closed","template":"","meta":{"footnotes":""},"class_list":["post-11","page","type-page","status-publish","hentry"],"_links":{"self":[{"href":"https:\/\/ieselaios.catedu.es\/musica\/wp-json\/wp\/v2\/pages\/11","targetHints":{"allow":["GET"]}}],"collection":[{"href":"https:\/\/ieselaios.catedu.es\/musica\/wp-json\/wp\/v2\/pages"}],"about":[{"href":"https:\/\/ieselaios.catedu.es\/musica\/wp-json\/wp\/v2\/types\/page"}],"author":[{"embeddable":true,"href":"https:\/\/ieselaios.catedu.es\/musica\/wp-json\/wp\/v2\/users\/3"}],"replies":[{"embeddable":true,"href":"https:\/\/ieselaios.catedu.es\/musica\/wp-json\/wp\/v2\/comments?post=11"}],"version-history":[{"count":21,"href":"https:\/\/ieselaios.catedu.es\/musica\/wp-json\/wp\/v2\/pages\/11\/revisions"}],"predecessor-version":[{"id":907,"href":"https:\/\/ieselaios.catedu.es\/musica\/wp-json\/wp\/v2\/pages\/11\/revisions\/907"}],"wp:attachment":[{"href":"https:\/\/ieselaios.catedu.es\/musica\/wp-json\/wp\/v2\/media?parent=11"}],"curies":[{"name":"wp","href":"https:\/\/api.w.org\/{rel}","templated":true}]}}