{"id":817,"date":"2018-04-10T19:46:52","date_gmt":"2018-04-10T18:46:52","guid":{"rendered":"http:\/\/ieselaios.catedu.es\/matematicas\/?page_id=817"},"modified":"2018-05-29T20:40:05","modified_gmt":"2018-05-29T19:40:05","slug":"exposicion-les-mathematiciens-francais-2","status":"publish","type":"page","link":"https:\/\/ieselaios.catedu.es\/matematicas\/exposicion-les-mathematiciens-francais-2\/","title":{"rendered":"EXPOSICI\u00d3N: \u00abLES MATH\u00c9MATICIENS FRAN\u00c7AIS\u00bb"},"content":{"rendered":"<p>Durante el curso 2016-2017, los alumnos de la secci\u00f3n biling\u00fce de 1\u00ba A, 1\u00ba B y 1\u00ba C del IES \u00c9LAIOS han elaborado, bajo la supervisi\u00f3n de su profesora de Matem\u00e1ticas en franc\u00e9s (M\u00aa \u00c1ngeles Arroyo Garc\u00eda) , la exposici\u00f3n \u201cLes Math\u00e9maticiens fran\u00e7ais\u201d como base de un trabajo en equipos m\u00e1s amplio que exig\u00eda su posterior presentaci\u00f3n oral en franc\u00e9s.<\/p>\n<p>Esta exposici\u00f3n se compone de 14 paneles.\u00a0 La estructura de cada uno de los paneles incluye:<br \/>\n&#8211; Biographie<br \/>\n&#8211; Contribution Math\u00e9matique<br \/>\n&#8211; Anecdote<br \/>\n&#8211; Citation<\/p>\n<p>Cada uno de los paneles est\u00e1 firmado por los alumnos que los han realizado.<\/p>\n<p>Este trabajo con los alumnos se enmarca en la aportaci\u00f3n de la secci\u00f3n biling\u00fce del Departamento de Matem\u00e1ticas al Programa Ciencia Viva que se ha desarrollado en el centro durante el presente a\u00f1o escolar.<\/p>\n<p>A continuaci\u00f3n se muestran los paneles de la exposici\u00f3n:<\/p>\n<figure><a href=\"https:\/\/drive.google.com\/open?id=1D5q4awd7cydQfwJWEuTM3MYdZACQ1mad\"><img decoding=\"async\" title=\"viete\" src=\"http:\/\/ieselaios.catedu.es\/matematicas\/wp-content\/uploads\/sites\/2\/2018\/04\/viete.jpg\" alt=\"viete\" \/><\/a><\/figure>\n<h6><a href=\"https:\/\/drive.google.com\/open?id=1D5q4awd7cydQfwJWEuTM3MYdZACQ1mad\">Fran\u00e7ois Vi\u00e8te<\/a><\/h6>\n<figure><a href=\"https:\/\/drive.google.com\/open?id=12NRAKLCmeAsqTmEmksRIcMKlvygNzqyj\"><img decoding=\"async\" title=\"2-Mersenne\" src=\"http:\/\/ieselaios.catedu.es\/matematicas\/wp-content\/uploads\/sites\/2\/2018\/04\/2-Mersenne.png\" alt=\"2-Mersenne\" \/><\/a><\/figure>\n<h6><a href=\"https:\/\/drive.google.com\/open?id=12NRAKLCmeAsqTmEmksRIcMKlvygNzqyj\">Marin Mersenne<\/a><\/h6>\n<figure><a href=\"https:\/\/drive.google.com\/open?id=1Yr9U4IP1CHcSiatU0bu31J2u4In9_0nc\"><img decoding=\"async\" title=\"Rene Descartes\" src=\"http:\/\/ieselaios.catedu.es\/matematicas\/wp-content\/uploads\/sites\/2\/2018\/04\/Rene-Descartes.jpg\" alt=\"Rene Descartes\" \/><\/a><\/figure>\n<h6><a href=\"https:\/\/drive.google.com\/open?id=1Yr9U4IP1CHcSiatU0bu31J2u4In9_0nc\">Ren\u00e9 Descartes<\/a><\/h6>\n<figure><a href=\"https:\/\/drive.google.com\/open?id=1hwrFGyOFLmg-8ldgzVYdD-c7FhtlpVg-\"><img decoding=\"async\" title=\"4-Fermat\" src=\"http:\/\/ieselaios.catedu.es\/matematicas\/wp-content\/uploads\/sites\/2\/2018\/04\/4-Fermat.png\" alt=\"4-Fermat\" \/><\/a><\/figure>\n<h6><a href=\"https:\/\/drive.google.com\/open?id=1hwrFGyOFLmg-8ldgzVYdD-c7FhtlpVg-\">Pierre de Fermat<\/a><\/h6>\n<figure><a href=\"https:\/\/drive.google.com\/open?id=17ZHi-rcdb8PMecLXRuXBFFsnhr_DRWFG\"><img decoding=\"async\" title=\"5-Pascal\" src=\"http:\/\/ieselaios.catedu.es\/matematicas\/wp-content\/uploads\/sites\/2\/2018\/04\/5-Pascal.png\" alt=\"5-Pascal\" \/><\/a><\/figure>\n<h6><a href=\"https:\/\/drive.google.com\/open?id=17ZHi-rcdb8PMecLXRuXBFFsnhr_DRWFG\">Blaise Pascal<\/a><\/h6>\n<figure><a href=\"https:\/\/drive.google.com\/open?id=1FEMAlFHWkGCjgDAjdplwEngapeOwBcQs\"><img decoding=\"async\" title=\"6-Chatelet\" src=\"http:\/\/ieselaios.catedu.es\/matematicas\/wp-content\/uploads\/sites\/2\/2018\/04\/6-Chatelet.png\" alt=\"6-Chatelet\" \/><\/a><\/figure>\n<h6><a href=\"https:\/\/drive.google.com\/open?id=1FEMAlFHWkGCjgDAjdplwEngapeOwBcQs\">\u00c9milie du Ch\u00e2telet<\/a><\/h6>\n<figure><a href=\"https:\/\/drive.google.com\/open?id=1clXNvcpqsoh1gDeClpqYVn-pHyl069Mx\"><img decoding=\"async\" title=\"7-Monge\" src=\"http:\/\/ieselaios.catedu.es\/matematicas\/wp-content\/uploads\/sites\/2\/2018\/04\/7-Monge.png\" alt=\"7-Monge\" \/><\/a><\/figure>\n<h6><a href=\"https:\/\/drive.google.com\/open?id=1clXNvcpqsoh1gDeClpqYVn-pHyl069Mx\">Gaspard Monge<\/a><\/h6>\n<figure><a href=\"https:\/\/drive.google.com\/open?id=1T4Ue62xq3U6HOkNvFNvmI91plLk_yqBm\"><img decoding=\"async\" title=\"8-Laplace\" src=\"http:\/\/ieselaios.catedu.es\/matematicas\/wp-content\/uploads\/sites\/2\/2018\/04\/8-Laplace.png\" alt=\"8-Laplace\" \/><\/a><\/figure>\n<h6><a href=\"https:\/\/drive.google.com\/open?id=1T4Ue62xq3U6HOkNvFNvmI91plLk_yqBm\">Pierre-Simon Laplace<\/a><\/h6>\n<figure><a href=\"https:\/\/drive.google.com\/open?id=1sSLiKGIxTctao0IElJa8e5KXH9VEUKgn\"><img decoding=\"async\" title=\"9-Germain\" src=\"http:\/\/ieselaios.catedu.es\/matematicas\/wp-content\/uploads\/sites\/2\/2018\/04\/9-Germain.png\" alt=\"9-Germain\" \/><\/a><\/figure>\n<h6><a href=\"https:\/\/drive.google.com\/open?id=1sSLiKGIxTctao0IElJa8e5KXH9VEUKgn\">Sophie Germain<\/a><\/h6>\n<figure><a href=\"https:\/\/drive.google.com\/open?id=1tfCVKI6Skytf3pK39y2y3j_z3DhRGszZ\"><img decoding=\"async\" title=\"10-Cauchy\" src=\"http:\/\/ieselaios.catedu.es\/matematicas\/wp-content\/uploads\/sites\/2\/2018\/04\/10-Cauchy.png\" alt=\"10-Cauchy\" \/><\/a><\/figure>\n<h6><a href=\"https:\/\/drive.google.com\/open?id=1tfCVKI6Skytf3pK39y2y3j_z3DhRGszZ\">Augustin Louis Cauchy<\/a><\/h6>\n<figure><a href=\"https:\/\/drive.google.com\/open?id=1AHg3GI8kWQib47w00bE1Yb_jvkqv-_rH\"><img decoding=\"async\" title=\"11-Galois\" src=\"http:\/\/ieselaios.catedu.es\/matematicas\/wp-content\/uploads\/sites\/2\/2018\/04\/11-Galois.png\" alt=\"11-Galois\" \/><\/a><\/figure>\n<h6><a href=\"https:\/\/drive.google.com\/open?id=1AHg3GI8kWQib47w00bE1Yb_jvkqv-_rH\">\u00c9variste Galois<\/a><\/h6>\n<figure><a href=\"https:\/\/drive.google.com\/open?id=1l3W5HY4E-w3C4OXzd5scRA_XpBe9QJ0N\"><img decoding=\"async\" title=\"12-Hermite\" src=\"http:\/\/ieselaios.catedu.es\/matematicas\/wp-content\/uploads\/sites\/2\/2018\/04\/12-Hermite.png\" alt=\"12-Hermite\" \/><\/a><\/figure>\n<h6><a href=\"https:\/\/drive.google.com\/open?id=1l3W5HY4E-w3C4OXzd5scRA_XpBe9QJ0N\">Charles Hermite<\/a><\/h6>\n<figure><a href=\"https:\/\/drive.google.com\/open?id=1JeOLudzJv19dQm5YNw6MPxdojovBPN_G\"><img decoding=\"async\" title=\"13-Poincare\" src=\"http:\/\/ieselaios.catedu.es\/matematicas\/wp-content\/uploads\/sites\/2\/2018\/04\/13-Poincare.png\" alt=\"13-Poincare\" \/><\/a><\/figure>\n<h6><a href=\"https:\/\/drive.google.com\/open?id=1JeOLudzJv19dQm5YNw6MPxdojovBPN_G\">Henry Poincar\u00e9<\/a><\/h6>\n<figure><a href=\"https:\/\/drive.google.com\/open?id=12MK8_hOkdypglPEBpg0sh24aD_G4kPyb\"><img decoding=\"async\" title=\"14-Dieudonne\" src=\"http:\/\/ieselaios.catedu.es\/matematicas\/wp-content\/uploads\/sites\/2\/2018\/04\/14-Dieudonne.png\" alt=\"14-Dieudonne\" \/><\/a><\/figure>\n<h6><a href=\"https:\/\/drive.google.com\/open?id=12MK8_hOkdypglPEBpg0sh24aD_G4kPyb\">Jean Dieudonn\u00e9<\/a><\/h6>\n","protected":false},"excerpt":{"rendered":"<p>Durante el curso 2016-2017, los alumnos de la secci\u00f3n biling\u00fce de 1\u00ba A, 1\u00ba B y 1\u00ba C del IES \u00c9LAIOS han elaborado, bajo la supervisi\u00f3n de su profesora de Matem\u00e1ticas en franc\u00e9s (M\u00aa \u00c1ngeles Arroyo Garc\u00eda) , la exposici\u00f3n \u201cLes Math\u00e9maticiens fran\u00e7ais\u201d como base de un trabajo en equipos m\u00e1s amplio que exig\u00eda su [&hellip;]<\/p>\n","protected":false},"author":1,"featured_media":0,"parent":0,"menu_order":0,"comment_status":"closed","ping_status":"closed","template":"","meta":{"footnotes":""},"class_list":["post-817","page","type-page","status-publish","hentry"],"_links":{"self":[{"href":"https:\/\/ieselaios.catedu.es\/matematicas\/wp-json\/wp\/v2\/pages\/817","targetHints":{"allow":["GET"]}}],"collection":[{"href":"https:\/\/ieselaios.catedu.es\/matematicas\/wp-json\/wp\/v2\/pages"}],"about":[{"href":"https:\/\/ieselaios.catedu.es\/matematicas\/wp-json\/wp\/v2\/types\/page"}],"author":[{"embeddable":true,"href":"https:\/\/ieselaios.catedu.es\/matematicas\/wp-json\/wp\/v2\/users\/1"}],"replies":[{"embeddable":true,"href":"https:\/\/ieselaios.catedu.es\/matematicas\/wp-json\/wp\/v2\/comments?post=817"}],"version-history":[{"count":38,"href":"https:\/\/ieselaios.catedu.es\/matematicas\/wp-json\/wp\/v2\/pages\/817\/revisions"}],"predecessor-version":[{"id":979,"href":"https:\/\/ieselaios.catedu.es\/matematicas\/wp-json\/wp\/v2\/pages\/817\/revisions\/979"}],"wp:attachment":[{"href":"https:\/\/ieselaios.catedu.es\/matematicas\/wp-json\/wp\/v2\/media?parent=817"}],"curies":[{"name":"wp","href":"https:\/\/api.w.org\/{rel}","templated":true}]}}