{"id":73,"date":"2016-01-28T18:01:31","date_gmt":"2016-01-28T18:01:31","guid":{"rendered":"http:\/\/ieselaios.catedu.es\/matematicas\/?page_id=73"},"modified":"2023-10-14T14:04:39","modified_gmt":"2023-10-14T13:04:39","slug":"matematicas-aplicadas-a-las-ccss-ii","status":"publish","type":"page","link":"https:\/\/ieselaios.catedu.es\/matematicas\/matematicas-aplicadas-a-las-ccss-ii\/","title":{"rendered":"Informaci\u00f3n acad\u00e9mica de MATEM\u00c1TICAS APLICADAS A LAS CCSS II"},"content":{"rendered":"<p><a href=\"https:\/\/drive.google.com\/file\/d\/1bczUkY-umggCBNy01pdX4jjdrsHCs1sl\/view?usp=drive_link\">Saberes b\u00e1sicos<\/a><\/p>\n<p><a href=\"https:\/\/drive.google.com\/file\/d\/14q0eu4seHDjjqe9JC0AOzkUHCgVXt-2C\/view?usp=drive_link\">Competencias espec\u00edficas y criterios de evaluaci\u00f3n<\/a><\/p>\n\n","protected":false},"excerpt":{"rendered":"<p>Saberes b\u00e1sicos Competencias espec\u00edficas y criterios de evaluaci\u00f3n<\/p>\n","protected":false},"author":3,"featured_media":0,"parent":0,"menu_order":0,"comment_status":"closed","ping_status":"closed","template":"","meta":{"footnotes":""},"class_list":["post-73","page","type-page","status-publish","hentry"],"_links":{"self":[{"href":"https:\/\/ieselaios.catedu.es\/matematicas\/wp-json\/wp\/v2\/pages\/73","targetHints":{"allow":["GET"]}}],"collection":[{"href":"https:\/\/ieselaios.catedu.es\/matematicas\/wp-json\/wp\/v2\/pages"}],"about":[{"href":"https:\/\/ieselaios.catedu.es\/matematicas\/wp-json\/wp\/v2\/types\/page"}],"author":[{"embeddable":true,"href":"https:\/\/ieselaios.catedu.es\/matematicas\/wp-json\/wp\/v2\/users\/3"}],"replies":[{"embeddable":true,"href":"https:\/\/ieselaios.catedu.es\/matematicas\/wp-json\/wp\/v2\/comments?post=73"}],"version-history":[{"count":21,"href":"https:\/\/ieselaios.catedu.es\/matematicas\/wp-json\/wp\/v2\/pages\/73\/revisions"}],"predecessor-version":[{"id":1933,"href":"https:\/\/ieselaios.catedu.es\/matematicas\/wp-json\/wp\/v2\/pages\/73\/revisions\/1933"}],"wp:attachment":[{"href":"https:\/\/ieselaios.catedu.es\/matematicas\/wp-json\/wp\/v2\/media?parent=73"}],"curies":[{"name":"wp","href":"https:\/\/api.w.org\/{rel}","templated":true}]}}