{"id":71,"date":"2016-01-28T18:01:12","date_gmt":"2016-01-28T18:01:12","guid":{"rendered":"http:\/\/ieselaios.catedu.es\/matematicas\/?page_id=71"},"modified":"2023-10-14T14:04:06","modified_gmt":"2023-10-14T13:04:06","slug":"matematicas-ii","status":"publish","type":"page","link":"https:\/\/ieselaios.catedu.es\/matematicas\/matematicas-ii\/","title":{"rendered":"Informaci\u00f3n acad\u00e9mica  MATEM\u00c1TICAS II"},"content":{"rendered":"\n<p><a href=\"https:\/\/drive.google.com\/file\/d\/1B4UEuXi4spsDjq9r-tsrP75XAF00Ue8v\/view?usp=drive_link\">Saberes b\u00e1sicos<\/a><\/p>\n<p><a href=\"https:\/\/drive.google.com\/file\/d\/1RKnak2xqck3g0rFsUdeo0p0f-n_pd_Ky\/view?usp=drive_link\">Competencias espec\u00edficas y criterios de evaluaci\u00f3n<\/a><\/p>\n","protected":false},"excerpt":{"rendered":"<p>Saberes b\u00e1sicos Competencias espec\u00edficas y criterios de evaluaci\u00f3n<\/p>\n","protected":false},"author":3,"featured_media":0,"parent":0,"menu_order":0,"comment_status":"closed","ping_status":"closed","template":"","meta":{"footnotes":""},"class_list":["post-71","page","type-page","status-publish","hentry"],"_links":{"self":[{"href":"https:\/\/ieselaios.catedu.es\/matematicas\/wp-json\/wp\/v2\/pages\/71","targetHints":{"allow":["GET"]}}],"collection":[{"href":"https:\/\/ieselaios.catedu.es\/matematicas\/wp-json\/wp\/v2\/pages"}],"about":[{"href":"https:\/\/ieselaios.catedu.es\/matematicas\/wp-json\/wp\/v2\/types\/page"}],"author":[{"embeddable":true,"href":"https:\/\/ieselaios.catedu.es\/matematicas\/wp-json\/wp\/v2\/users\/3"}],"replies":[{"embeddable":true,"href":"https:\/\/ieselaios.catedu.es\/matematicas\/wp-json\/wp\/v2\/comments?post=71"}],"version-history":[{"count":20,"href":"https:\/\/ieselaios.catedu.es\/matematicas\/wp-json\/wp\/v2\/pages\/71\/revisions"}],"predecessor-version":[{"id":1932,"href":"https:\/\/ieselaios.catedu.es\/matematicas\/wp-json\/wp\/v2\/pages\/71\/revisions\/1932"}],"wp:attachment":[{"href":"https:\/\/ieselaios.catedu.es\/matematicas\/wp-json\/wp\/v2\/media?parent=71"}],"curies":[{"name":"wp","href":"https:\/\/api.w.org\/{rel}","templated":true}]}}