{"id":69,"date":"2016-01-28T18:00:54","date_gmt":"2016-01-28T18:00:54","guid":{"rendered":"http:\/\/ieselaios.catedu.es\/matematicas\/?page_id=69"},"modified":"2023-10-14T14:02:55","modified_gmt":"2023-10-14T13:02:55","slug":"matematicas-i","status":"publish","type":"page","link":"https:\/\/ieselaios.catedu.es\/matematicas\/matematicas-i\/","title":{"rendered":"Informaci\u00f3n acad\u00e9mica  MATEM\u00c1TICAS I"},"content":{"rendered":"<p><a href=\"https:\/\/drive.google.com\/file\/d\/11ZmX45kbs8EYrDdFN31QSGMIuZ9mBRqW\/view?usp=sharing\">Competencias espec\u00edficas y criterios de evaluaci\u00f3n<\/a><\/p>\n<p><a href=\"https:\/\/drive.google.com\/file\/d\/1ayn6MX6FQp6CaRip8PWv4YJkVm6QmITP\/view?usp=sharing\">Saberes b\u00e1sicos<\/a><\/p>\n","protected":false},"excerpt":{"rendered":"<p>Competencias espec\u00edficas y criterios de evaluaci\u00f3n Saberes b\u00e1sicos<\/p>\n","protected":false},"author":3,"featured_media":0,"parent":0,"menu_order":0,"comment_status":"closed","ping_status":"closed","template":"","meta":{"footnotes":""},"class_list":["post-69","page","type-page","status-publish","hentry"],"_links":{"self":[{"href":"https:\/\/ieselaios.catedu.es\/matematicas\/wp-json\/wp\/v2\/pages\/69","targetHints":{"allow":["GET"]}}],"collection":[{"href":"https:\/\/ieselaios.catedu.es\/matematicas\/wp-json\/wp\/v2\/pages"}],"about":[{"href":"https:\/\/ieselaios.catedu.es\/matematicas\/wp-json\/wp\/v2\/types\/page"}],"author":[{"embeddable":true,"href":"https:\/\/ieselaios.catedu.es\/matematicas\/wp-json\/wp\/v2\/users\/3"}],"replies":[{"embeddable":true,"href":"https:\/\/ieselaios.catedu.es\/matematicas\/wp-json\/wp\/v2\/comments?post=69"}],"version-history":[{"count":18,"href":"https:\/\/ieselaios.catedu.es\/matematicas\/wp-json\/wp\/v2\/pages\/69\/revisions"}],"predecessor-version":[{"id":1930,"href":"https:\/\/ieselaios.catedu.es\/matematicas\/wp-json\/wp\/v2\/pages\/69\/revisions\/1930"}],"wp:attachment":[{"href":"https:\/\/ieselaios.catedu.es\/matematicas\/wp-json\/wp\/v2\/media?parent=69"}],"curies":[{"name":"wp","href":"https:\/\/api.w.org\/{rel}","templated":true}]}}