{"id":646,"date":"2016-11-21T18:55:49","date_gmt":"2016-11-21T17:55:49","guid":{"rendered":"http:\/\/ieselaios.catedu.es\/matematicas\/?page_id=646"},"modified":"2016-11-27T18:25:31","modified_gmt":"2016-11-27T17:25:31","slug":"exposicion-historia-de-las-matematicas-ies-elaios","status":"publish","type":"page","link":"https:\/\/ieselaios.catedu.es\/matematicas\/exposicion-historia-de-las-matematicas-ies-elaios\/","title":{"rendered":"EXPOSICI\u00d3N: \u00abHISTORIA DE LAS MATEM\u00c1TICAS\u00bb IES \u00c9LAIOS"},"content":{"rendered":"<table border=\"0\" width=\"888\" cellspacing=\"0\" cellpadding=\"6\">\n<tbody>\n<tr>\n<td align=\"center\" valign=\"top\" bgcolor=\"#FFFFFF\" width=\"514\" height=\"333\">\n<p align=\"justify\"><span style=\"color: #000080;font-family: Arial;font-size: small\">Con motivo de la celebraci\u00f3n del a\u00f1o 2000 como \u00abA\u00f1o Mundial de las Matem\u00e1ticas\u00bb, el Departamento de Matem\u00e1ticas del I.E.S. \u00abElaios\u00bb de Zaragoza elabor\u00f3 una colecci\u00f3n de 40 murales sobre \u00abHistoria de las Matem\u00e1ticas\u00bb. Esta exposici\u00f3n se cede gratuitamente a los centros de ense\u00f1anza y a otros de \u00edndole cultural, con el fin de difundir el valor de las Matem\u00e1ticas como Patrimonio Cultural de la Humanidad. Ya ha sido expuesta en 78 ocasiones y en 75 centros diferentes.<\/span><\/p>\n<p align=\"justify\"><span style=\"color: #000080;font-family: Arial;font-size: small\">ESTRUCTURA DE CADA MURAL<br \/>\nEn cada mural hay: texto sobre el tema principal, gr\u00e1ficos y fotos en colores, recuadro sobre alg\u00fan aspecto curioso o de aplicaci\u00f3n pr\u00e1ctica y planteamiento de un problema relacionado, en dos niveles: E.S.O. o Bachillerato. Con estas cuestiones se puede desarrollar con los alumnos que visitan la exposici\u00f3n un CONCURSO DE PROBLEMAS.<\/span><\/p>\n<p align=\"justify\"><span style=\"color: #000080;font-family: Arial;font-size: small\">GU\u00cdAS DID\u00c1CTICAS<br \/>\nAdem\u00e1s, disponemos de varios modelos de \u00abgu\u00edas did\u00e1cticas\u00bb por niveles (1\u00ba &#8211; 2\u00ba ESO, 3\u00ba &#8211; 4\u00ba ESO y 1\u00ba &#8211; 2\u00ba Bachillerato, con preguntas que los visitantes deben contestar para sacar as\u00ed el mayor aprovechamiento de la visita.<\/span><\/p>\n<p align=\"justify\"><span style=\"color: #000080;font-family: Arial;font-size: small\"><img loading=\"lazy\" decoding=\"async\" src=\"http:\/\/ieselaza.educa.aragon.es\/DepartamentoMAT\/Historia%20Matematcas\/Foto_Heraldo.jpg\" alt=\"\" width=\"194\" height=\"290\" align=\"left\" border=\"0\" \/>INSTALACI\u00d3N<br \/>\nCada mural tiene unas dimensiones algo superiores al formato A2; va plastificado y pegado sobre un panel; su peso es de 1,5 kg aprox.; se cuelga con un cordel en la parte posterior y basta en la pared un \u00abcuelga f\u00e1cil\u00bb o similar, sin necesidad de taco ni taladro.<\/span><\/p>\n<p align=\"justify\"><span style=\"color: #000080;font-family: Arial;font-size: small\">PRESTAMOS<br \/>\nLos pr\u00e9stamos de la exposici\u00f3n se hacen por periodos de 3 semanas en cada centro y son gratuitos. El centro solicitante rellena y env\u00eda una solicitud y, una vez reservadas las fechas, cuando \u00e9stas llegan, recogen el material por sus propios medios en el IES \u00abElaios\u00bb (cabe en cualquier veh\u00edculo utilitario). Al terminar el pr\u00e9stamo, lo devuelven de la misma forma. Ya no se hacen env\u00edos por agencias de transportes.<\/span><\/p>\n<p align=\"justify\"><span style=\"color: #000080;font-family: Arial;font-size: small\"><br \/>\n<\/span><span style=\"color: #000080;font-family: Arial;font-size: small\">CONTACTO<\/span><\/p>\n<p align=\"justify\"><span style=\"color: #000080;font-family: Arial;font-size: small\">Departamento de Matem\u00e1ticas<\/span><\/p>\n<p align=\"justify\"><span style=\"color: #000080;font-family: Arial;font-size: small\">I.E.S. \u00abElaios\u00bb<\/span><\/p>\n<p align=\"justify\"><span style=\"color: #000080;font-family: Arial;font-size: small\">Andador Pilar Cuartero 3 &#8211; 50018 Zaragoza<\/span><\/p>\n<p align=\"justify\"><span style=\"color: #000080;font-family: Arial;font-size: small\">Tf: 976527500 &#8211; Fax: 976 525968<\/span><\/p>\n<p>&nbsp;<\/p>\n<p>&nbsp;<\/p>\n<p><u><span style=\"font-family: Arial;font-size: small\"><b>Relaci\u00f3n de centros que ha visitado la exposici\u00f3n<\/b><\/span><\/u><\/p>\n<p align=\"justify\"><span style=\"color: #000000;font-family: Arial;font-size: small\">1 IES \u00c9laios. Zaragoza\/ 2 CEP Juan de Lanuza. Zaragoza\/ 3 IES Grande Covi\u00e1n. Zaragoza\/ <\/span><span style=\"color: #000000;font-family: Arial;font-size: small\">4 IES Miguel Catal\u00e1n. Zaragoza\/ 5 C.P. Miraflores. Zaragoza\/ 6 Centro C\u00edvico T\u00edo Jorge. Zaragoza\/ 7 IES Andal\u00e1n. Zaragoza\/ 8 IES Segundo de Chom\u00f3n. Teruel\/ 9 IES Pignatelli. Zaragoza\/ 10 IES Avempace. Zaragoza\/ 11 Biblioteca de Arag\u00f3n. Zaragoza\/ 12 Centro C\u00edvico Actur\/ 13 IES Pilar Lorengar. Zaragoza\/ 14 IES Sierra de San Qu\u00edlez. Bin\u00e9far (Huesca)\/ 15 IES Pablo Serrano. Zaragoza\/ 16 IES Pir\u00e1mide. Huesca\/ 17 Jos\u00e9 Manuel Blecua. Zaragoza\/ 18 CEP n\u00ba 1. Zaragoza\/ 18 Extensi\u00f3n de Secundaria de S\u00e1daba\/ 19 Centro de adultos Juan Jos\u00e9 Llorente. Zaragoza\/ 20 IES Itaca. Zaragoza\/ 21 IES Santiago Hern\u00e1ndez. Zaragoza\/ 22 IES Conde de Aranda. Alag\u00f3n\/ 23 IES Juan de la Cierva. Madrid\/ 24 IES Alameda de Osuna. Madrid\/ 25 IES Mor de Fuentes. Monz\u00f3n (Huesca)\/ 26 IES Miguel Servet. Zaragoza\/ 27 Colegio El Pilar &#8211; Maristas. Zaragoza\/ 28 X Jornadas sobre Ense\u00f1anza y Aprendizaje de las Matem\u00e1ticas. Zaragoza\/ 29 IESO de Mendavia (Navarra)\/ 30 Colegio Santa Ana. Zaragoza\/ 31 IES San Alberto Magno. Sabi\u00f1\u00e1nigo (Huesca)\/ 32 IES Ram\u00f3n y Cajal. Huesca\/ 33 IES Tiempos Modernos. Zaragoza\/ 34 IES Caba\u00f1as. La Almunia (Zaragoza)\/ 35 IES Salvador Victoria. Monreal del Campo (Teruel)\/ 36 CPR de Andorra (Teruel)\/ 37 IES Ram\u00f3n J. Sender. Fraga (Huesca)\/ 38 Colegio Calasancio. Alicante\/ 39 IES de Alcorisa (Teruel)\/ 40 IES Reyes Cat\u00f3licos. Ejea de los Caballeros (Zaragoza)\/ 41 Colegio Sagrada Familia. Elda (Alicante)\/ 42 IES Calisto y Melibea. Salamanca\/ 43 IES Los enlaces. Zaragoza\/ 44 Congreso de la Sociedad Espa\u00f1ola de Historia de la Ciencia. Universidad de La Rioja. Logro\u00f1o\/ 45 IES \u00c1gora. Alcobendas (Madrid)\/ 46 IES Julio Palacios. San Sebasti\u00e1n de los Reyes (Madrid)\/ 47 IES Padre Vitoria. Alcoy (Alicante)\/ 48 IES Jaume I. Ontinyent (Valencia)\/ 49 IES Rey Pelayo. Cangas de On\u00eds (Asturias)\/ 50 CFIE Valladolid I\/ 51 IES Jorge Guill\u00e9n. Villal\u00f3n (Valladolid)\/ 52 IES Santa Teresa de Jes\u00fas (Valladolid)\/ 53 IES Ribera de Castilla. Valladolid\/ 54 Pinar de la Rubia. Valladolid\/ 55 IES Mar\u00eda Moliner. Laguna de Duero (Valladolid)\/ 56 IES R\u00edo Duero. Tudela de Duero (Valladolid)\/ 57 IES Antonio Tovar (Valladolid)\/ 58 IES Elaios (rep.)\/ 59 Colegio Santa Rosa. Zaragoza\/ 60 IES Pilar Lorengar. Zaragoza\/ 61 IES Ram\u00f3n y Cajal. Zaragoza\/ 62 Centro de Adultos Concepci\u00f3n Arenal. Zaragoza\/ 63 IES Benjam\u00edn Jarn\u00e9s. Fuentes de Ebro (Zaragoza)\/ 64 IES F\u00e9lix de Azara. Zaragoza\/ 65 IES Andal\u00e1n (rep).Zaragoza\/ 66 CPR Mar Menor. Torrepacheco (Murcia)\/ 67 IES Gerardo Molina. Torrepacheco (Murcia)\/ 68 IES Luis Manzanares. Torrepacheco (Murcia)\/ 69 IES Dos Mares. San Pedro del Pinatar (Murcia)\/ 70 Colegio Las Claras. Los Alc\u00e1zares (Murcia)\/ 71 Cajamurcia. Torrepacheco (Murcia)\/ 72 IES Reyes Cat\u00f3licos (rep.). Ejea de los Caballeros (Zaragoza)\/ 73 Extensi\u00f3n de ESO de Cantavieja (Teruel)\/ 74 IES Antonio Machado. Madrid\/ 75 IES Zaur\u00edn. Ateca (Zaragoza)\/ 76 IES Parque Goya. Zaragoza\/ 77 IES El Pinar. Alcorc\u00f3n (Madrid)\/ 78 IES Alhama. Alhama de Granada (Granada)\/ 79. IES \u00c9laios (rep.). Zaragoza\/ 80. IES Gaspar Lax. Sari\u00f1ena (Huesca)\/ 81 Colegio Juan de Lanuza. Zaragoza.<\/span><\/p>\n<p align=\"center\"><img loading=\"lazy\" decoding=\"async\" src=\"http:\/\/ieselaza.educa.aragon.es\/DepartamentoMAT\/Historia%20Matematcas\/CJLanuza.jpg\" alt=\"\" width=\"671\" height=\"449\" border=\"0\" \/><\/p>\n<\/td>\n<td colspan=\"2\" align=\"center\" valign=\"top\" bgcolor=\"#FFFFFF\" width=\"129\" height=\"333\"><b><span style=\"color: #000080;font-family: Arial;font-size: small\">VISITA VIRTUAL<\/span><\/b><\/p>\n<div align=\"left\">\n<pre><a href=\"https:\/\/drive.google.com\/open?id=0B6QK9Bi-F9tMNkU3c05nendUbzQ\"><span style=\"font-family: Arial;font-size: small\"><span style=\"color: #800080\">   1.  Inicio<\/span><\/span><\/a><\/pre>\n<\/div>\n<div align=\"left\">\n<pre> <span style=\"color: #800080;font-family: Arial\">2<\/span><span style=\"font-family: Arial;font-size: small\"><span style=\"color: #800080\">. <\/span><a href=\"https:\/\/drive.google.com\/open?id=0B6QK9Bi-F9tMaHk4TXdvR2JWZGc\" target=\"_blank\"><span style=\"color: #800080\">Mesopotamia<\/span><\/a><\/span><\/pre>\n<\/div>\n<div align=\"left\">\n<pre><span style=\"font-family: Arial;font-size: large\"><span style=\"color: #800080;font-size: small\"> 3. <\/span><a href=\"https:\/\/drive.google.com\/open?id=0B6QK9Bi-F9tMOXhVcW5YZV9SUDA\" target=\"_blank\"><span style=\"color: #800080;font-size: small\">Egipto<\/span><\/a><\/span><\/pre>\n<\/div>\n<div align=\"left\">\n<pre><span style=\"font-family: Arial;font-size: large\"><span style=\"color: #800080;font-size: small\"> 4. <\/span><a href=\"https:\/\/drive.google.com\/open?id=0B6QK9Bi-F9tMN3p5dGRwOF94ODA\" target=\"_blank\"><span style=\"color: #800080;font-size: small\">Grecia Cl\u00e1sica: Inicial<\/span><\/a><\/span><\/pre>\n<\/div>\n<div align=\"left\">\n<pre><span style=\"font-family: Arial;font-size: large\"><span style=\"color: #800080;font-size: small\"> 5. <\/span><a href=\"https:\/\/drive.google.com\/open?id=0B6QK9Bi-F9tMNENmVWRiWXJGcUk\" target=\"_blank\"><span style=\"color: #800080;font-size: small\">Grecia Cl\u00e1sica: Cronograma<\/span><\/a><\/span><\/pre>\n<\/div>\n<div align=\"left\">\n<pre><span style=\"font-family: Arial;font-size: large\"><span style=\"color: #800080;font-size: small\"> 6. <\/span><a href=\"https:\/\/drive.google.com\/open?id=0B6QK9Bi-F9tMR0ZaeUlWUnV2c0E\" target=\"_blank\"><span style=\"color: #800080;font-size: small\">Los tres problemas cl\u00e1sicos<\/span><\/a><\/span><\/pre>\n<\/div>\n<div align=\"left\">\n<pre><span style=\"font-family: Arial;font-size: large\"><span style=\"color: #800080;font-size: small\"> 7. <\/span><a href=\"https:\/\/drive.google.com\/open?id=0B6QK9Bi-F9tMS3kxUnB3bElnaHc\" target=\"_blank\"><span style=\"color: #800080;font-size: small\">Thales<\/span><\/a><\/span><\/pre>\n<\/div>\n<div align=\"left\">\n<pre><span style=\"color: #800080;font-family: Arial\"> 8<\/span><span style=\"font-family: Arial;font-size: large\"><span style=\"color: #800080;font-size: small\">. <\/span><\/span><a href=\"https:\/\/drive.google.com\/open?id=0B6QK9Bi-F9tMS3kxUnB3bElnaHc\" target=\"_blank\"><span style=\"color: #800080;font-family: Arial;font-size: small\">Pit\u00e1goras<\/span><\/a><\/pre>\n<\/div>\n<div align=\"left\">\n<pre> <span style=\"font-family: Arial;font-size: large\"><span style=\"color: #800080;font-size: small\">9. <\/span><a href=\"https:\/\/drive.google.com\/open?id=0B6QK9Bi-F9tMYm8wYkNOWG1GSGc\" target=\"_blank\"><span style=\"color: #800080;font-size: small\">Euclides<\/span><\/a><\/span><\/pre>\n<\/div>\n<div align=\"left\">\n<pre><span style=\"font-family: Arial;font-size: large\"><span style=\"color: #800080;font-size: small\">10. <\/span><a href=\"https:\/\/drive.google.com\/open?id=0B6QK9Bi-F9tMVEZtUUVlSlh6M1k\" target=\"_blank\"><span style=\"color: #800080;font-size: small\">Arqu\u00edmedes<\/span><\/a><\/span><\/pre>\n<\/div>\n<div align=\"left\">\n<pre><span style=\"font-family: Arial;font-size: large\"><span style=\"color: #800080;font-size: small\">11. <\/span><a href=\"https:\/\/drive.google.com\/open?id=0B6QK9Bi-F9tMSzlvLTF4V05ZejQ\" target=\"_blank\"><span style=\"color: #800080;font-size: small\">Edad Media: Inicial<\/span><\/a><\/span><\/pre>\n<\/div>\n<div align=\"left\">\n<pre><span style=\"font-family: Arial;font-size: large\"><span style=\"color: #800080;font-size: small\">12. <\/span><a href=\"https:\/\/drive.google.com\/file\/d\/0B6QK9Bi-F9tMWWZ5REhLTG9TaTQ\/view?usp=sharing\" target=\"_blank\"><span style=\"color: #800080;font-size: small\">Edad Media: Cronograma<\/span><\/a><\/span><\/pre>\n<\/div>\n<div align=\"left\">\n<pre><span style=\"font-family: Arial;font-size: large\"><span style=\"color: #800080;font-size: small\">13. <\/span><a href=\"https:\/\/drive.google.com\/file\/d\/0B6QK9Bi-F9tMX0pETDVDSC1xaGc\/view?usp=sharing\" target=\"_blank\"><span style=\"color: #800080;font-size: small\">Al-Khuwarizmi<\/span><\/a><\/span><\/pre>\n<\/div>\n<div align=\"left\">\n<pre><span style=\"font-family: Arial;font-size: small\"><span style=\"color: #800080\">14. <\/span><a href=\"https:\/\/drive.google.com\/file\/d\/0B6QK9Bi-F9tMUi1jZVBYN2QtbVU\/view?usp=sharing\" target=\"_blank\"><span style=\"color: #800080\">Fibonacci<\/span><\/a><\/span><\/pre>\n<\/div>\n<div align=\"left\">\n<pre><span style=\"font-family: Arial\"><span style=\"color: #800080;font-size: small\">15. <\/span><a href=\"https:\/\/drive.google.com\/file\/d\/0B6QK9Bi-F9tMRi1EVXYwY2ZsVDA\/view?usp=sharing\" target=\"_blank\"><span style=\"color: #800080;font-size: small\">Renacimiento: Inicial y Cronograma<\/span><\/a><\/span><\/pre>\n<\/div>\n<div align=\"left\">\n<pre><span style=\"font-family: Arial;font-size: large\"><span style=\"color: #800080;font-size: small\">16. <\/span><a href=\"https:\/\/drive.google.com\/file\/d\/0B6QK9Bi-F9tMaEZYamllYllPc2M\/view?usp=sharing\" target=\"_blank\"><span style=\"color: #800080;font-size: small\">Cop\u00e9rnico<\/span><\/a><\/span><\/pre>\n<\/div>\n<div align=\"left\">\n<pre><span style=\"font-family: Arial;font-size: large\"><span style=\"color: #800080;font-size: small\">17. <\/span><a href=\"https:\/\/drive.google.com\/file\/d\/0B6QK9Bi-F9tMdkZMNVh6MUNsdVU\/view?usp=sharing\" target=\"_blank\"><span style=\"color: #800080;font-size: small\">Tartaglia<\/span><\/a><\/span><\/pre>\n<\/div>\n<div align=\"left\">\n<pre><span style=\"font-family: Arial;font-size: large\"><span style=\"color: #800080;font-size: small\">18. <\/span><a href=\"https:\/\/drive.google.com\/file\/d\/0B6QK9Bi-F9tMemp2Z3o0Ym5VdUU\/view?usp=sharing\" target=\"_blank\"><span style=\"color: #800080;font-size: small\">Cardano<\/span><\/a><\/span><\/pre>\n<\/div>\n<div align=\"left\">\n<pre><span style=\"font-family: Arial;font-size: large\"><span style=\"color: #800080;font-size: small\">19. <\/span><a href=\"https:\/\/drive.google.com\/file\/d\/0B6QK9Bi-F9tMcW9WdHU0NkVueE0\/view?usp=sharing\" target=\"_blank\"><span style=\"color: #800080;font-size: small\">Neper<\/span><\/a><\/span><\/pre>\n<\/div>\n<div align=\"left\">\n<pre><span style=\"font-family: Arial;font-size: large\"><span style=\"color: #800080;font-size: small\">20. <\/span><a href=\"https:\/\/drive.google.com\/file\/d\/0B6QK9Bi-F9tMQ2V4Q0JTLTdLUEU\/view?usp=sharing\" target=\"_blank\"><span style=\"color: #800080;font-size: small\">Siglos XVII y XVIII: Inicial<\/span><\/a><\/span><\/pre>\n<\/div>\n<div align=\"left\">\n<pre><span style=\"font-family: Arial;font-size: large\"><span style=\"color: #800080;font-size: small\">21. <\/span><a href=\"https:\/\/drive.google.com\/file\/d\/0B6QK9Bi-F9tMTzJhMXJGN1BNZUE\/view?usp=sharing\" target=\"_blank\"><span style=\"color: #800080;font-size: small\">Siglos XVII y XVIII: Cronograma<\/span><\/a><\/span><\/pre>\n<\/div>\n<div align=\"left\">\n<pre><span style=\"font-family: Arial;font-size: large\"><span style=\"color: #800080;font-size: small\">22. <\/span><a href=\"https:\/\/drive.google.com\/file\/d\/0B6QK9Bi-F9tMMTd4b0xjdk9lX28\/view?usp=sharing\" target=\"_blank\"><span style=\"color: #800080;font-size: small\">Galileo<\/span><\/a><\/span><\/pre>\n<\/div>\n<div align=\"left\">\n<pre><span style=\"font-family: Arial;font-size: large\"><span style=\"color: #800080;font-size: small\">23. <\/span><a href=\"https:\/\/drive.google.com\/file\/d\/0B6QK9Bi-F9tMQ2lDdWxBNlY5REU\/view?usp=sharing\" target=\"_blank\"><span style=\"color: #800080;font-size: small\">Descartes<\/span><\/a><\/span><\/pre>\n<\/div>\n<div align=\"left\">\n<pre><span style=\"font-family: Arial;font-size: large\"><span style=\"color: #800080;font-size: small\">24. <\/span><a href=\"https:\/\/drive.google.com\/file\/d\/0B6QK9Bi-F9tMcTVnTDQ0WVl2aVk\/view?usp=sharing\" target=\"_blank\"><span style=\"color: #800080;font-size: small\">Fermat<\/span><\/a><\/span><\/pre>\n<\/div>\n<div align=\"left\">\n<pre><span style=\"font-family: Arial;font-size: large\"><span style=\"color: #800080;font-size: small\">25. <\/span><a href=\"https:\/\/drive.google.com\/file\/d\/0B6QK9Bi-F9tMX0JwXzk1SDM5MzA\/view?usp=sharing\" target=\"_blank\"><span style=\"color: #800080;font-size: small\">Pascal<\/span><\/a><\/span><\/pre>\n<\/div>\n<div align=\"left\">\n<pre><span style=\"font-family: Arial;font-size: large\"><span style=\"color: #800080;font-size: small\">26. <\/span><a href=\"https:\/\/drive.google.com\/file\/d\/0B6QK9Bi-F9tMM0g4aGJzTXlSUWs\/view?usp=sharing\" target=\"_blank\"><span style=\"color: #800080;font-size: small\">Newton<\/span><\/a><\/span><\/pre>\n<\/div>\n<div align=\"left\">\n<pre><span style=\"font-family: Arial;font-size: large\"><span style=\"color: #800080;font-size: small\">27.<\/span> <a href=\"https:\/\/drive.google.com\/file\/d\/0B6QK9Bi-F9tMNHZXa3pGWHRreWs\/view?usp=sharing\" target=\"_blank\"><span style=\"color: #800080;font-size: small\">Leibnitz<\/span><\/a><\/span><\/pre>\n<\/div>\n<div align=\"left\">\n<pre><span style=\"font-family: Arial;font-size: large\"><span style=\"color: #800080;font-size: small\">28. <\/span><a href=\"https:\/\/drive.google.com\/file\/d\/0B6QK9Bi-F9tMMkVQYUFRc1pTd1k\/view?usp=sharing\" target=\"_blank\"><span style=\"color: #800080;font-size: small\">Euler<\/span><\/a><\/span><\/pre>\n<\/div>\n<div align=\"left\">\n<pre><span style=\"font-family: Arial;font-size: large\"><span style=\"color: #800080;font-size: small\">29. <\/span><a href=\"https:\/\/drive.google.com\/file\/d\/0B6QK9Bi-F9tMb2RKOXNNSmtqQzg\/view?usp=sharing\" target=\"_blank\"><span style=\"color: #800080;font-size: small\">Siglos XIX y XX: Inicial: Cronograma<\/span><\/a><\/span><\/pre>\n<\/div>\n<div align=\"left\">\n<pre><span style=\"font-family: Arial;font-size: large\"><span style=\"color: #800080;font-size: small\">30. <\/span><a href=\"https:\/\/drive.google.com\/file\/d\/0B6QK9Bi-F9tMQ05hN3UzM2NuYTA\/view?usp=sharing\" target=\"_blank\"><span style=\"color: #800080;font-size: small\">Gauss<\/span><\/a><\/span><\/pre>\n<\/div>\n<div align=\"left\">\n<pre><span style=\"font-family: Arial;font-size: large\"><span style=\"color: #800080;font-size: small\">31. <\/span><a href=\"https:\/\/drive.google.com\/file\/d\/0B6QK9Bi-F9tMTDZjR0E1OGFma2s\/view?usp=sharing\" target=\"_blank\"><span style=\"color: #800080;font-size: small\">\u00c1lgebra<\/span><\/a><\/span><\/pre>\n<\/div>\n<div align=\"left\">\n<pre><span style=\"font-family: Arial;font-size: large\"><span style=\"color: #800080;font-size: small\">32. <\/span><a href=\"https:\/\/drive.google.com\/file\/d\/0B6QK9Bi-F9tMZXRpRWxwWFZWRzQ\/view?usp=sharing\" target=\"_blank\"><span style=\"color: #800080;font-size: small\">An\u00e1lisis de funciones<\/span><\/a><\/span><\/pre>\n<\/div>\n<div align=\"left\">\n<pre><span style=\"font-family: Arial;font-size: large\"><span style=\"color: #800080;font-size: small\">33. <\/span><a href=\"https:\/\/drive.google.com\/file\/d\/0B6QK9Bi-F9tMa3VMZ2NZSTVWczg\/view?usp=sharing\" target=\"_blank\"><span style=\"color: #800080;font-size: small\">L\u00f3gica y Fundamentos<\/span><\/a><\/span><\/pre>\n<\/div>\n<div align=\"left\">\n<pre><span style=\"font-family: Arial;font-size: large\"><span style=\"color: #800080;font-size: small\">34. <\/span><a href=\"https:\/\/drive.google.com\/file\/d\/0B6QK9Bi-F9tMYWpZa09VMTg0cVU\/view?usp=sharing\" target=\"_blank\"><span style=\"color: #800080;font-size: small\">Geometr\u00eda<\/span><\/a><\/span><\/pre>\n<\/div>\n<div align=\"left\">\n<pre><span style=\"font-family: Arial;font-size: large\"><span style=\"color: #800080;font-size: small\">35. <\/span><a href=\"https:\/\/drive.google.com\/file\/d\/0B6QK9Bi-F9tMUmVIOUlJTGxFTFE\/view?usp=sharing\" target=\"_blank\"><span style=\"color: #800080;font-size: small\">Teor\u00eda de n\u00fameros<\/span><\/a><\/span><\/pre>\n<\/div>\n<div align=\"left\">\n<pre><span style=\"font-family: Arial;font-size: small\"><span style=\"color: #800080\">36. <\/span><a href=\"https:\/\/drive.google.com\/file\/d\/0B6QK9Bi-F9tMY3NhRkd5T1d1eFU\/view?usp=sharing\" target=\"_blank\"><span style=\"color: #800080\">Calculadoras y ordenadores<\/span><\/a><\/span><\/pre>\n<\/div>\n<div align=\"left\">\n<pre><span style=\"font-family: Arial\"><span style=\"color: #800080;font-size: small\">37. <\/span><a href=\"https:\/\/drive.google.com\/file\/d\/0B6QK9Bi-F9tMY0p2ZVJpeXVsRzQ\/view?usp=sharing\" target=\"_blank\"><span style=\"color: #800080;font-size: small\">Matem\u00e1tica aplicada<\/span><\/a><\/span><\/pre>\n<\/div>\n<div align=\"left\">\n<pre><span style=\"font-family: Arial;font-size: large\"><span style=\"color: #800080;font-size: small\">38. <\/span><a href=\"https:\/\/drive.google.com\/file\/d\/0B6QK9Bi-F9tMbm9DRlBWaVliaEE\/view?usp=sharing\" target=\"_blank\"><span style=\"color: #800080;font-size: small\">Mujeres matem\u00e1ticas<\/span><\/a><\/span><\/pre>\n<\/div>\n<div align=\"left\">\n<pre><span style=\"font-family: Arial;font-size: large\"><span style=\"color: #800080;font-size: small\">39. <\/span><a href=\"https:\/\/drive.google.com\/file\/d\/0B6QK9Bi-F9tMZGV4R0NuYWxVcmM\/view?usp=sharing\" target=\"_blank\"><span style=\"color: #800080;font-size: small\">Matem\u00e1ticas en Espa\u00f1a <\/span><\/a><\/span><\/pre>\n<\/div>\n<div align=\"left\">\n<pre><a href=\"http:\/\/ieselaza.educa.aragon.es\/DepartamentoMAT\/Historia%20Matematcas\/mataplicada.htm\"><span style=\"font-family: Arial;font-size: large\"><span style=\"color: #800080;font-size: small\">40. <\/span><span style=\"color: #800080;font-size: small\">Curvas con nombre propio<\/span><\/span><\/a><\/pre>\n<\/div>\n<\/td>\n<\/tr>\n<\/tbody>\n<\/table>\n","protected":false},"excerpt":{"rendered":"<p>Con motivo de la celebraci\u00f3n del a\u00f1o 2000 como \u00abA\u00f1o Mundial de las Matem\u00e1ticas\u00bb, el Departamento de Matem\u00e1ticas del I.E.S. \u00abElaios\u00bb de Zaragoza elabor\u00f3 una colecci\u00f3n de 40 murales sobre \u00abHistoria de las Matem\u00e1ticas\u00bb. Esta exposici\u00f3n se cede gratuitamente a los centros de ense\u00f1anza y a otros de \u00edndole cultural, con el fin de difundir [&hellip;]<\/p>\n","protected":false},"author":3,"featured_media":0,"parent":0,"menu_order":0,"comment_status":"closed","ping_status":"closed","template":"","meta":{"footnotes":""},"class_list":["post-646","page","type-page","status-publish","hentry"],"_links":{"self":[{"href":"https:\/\/ieselaios.catedu.es\/matematicas\/wp-json\/wp\/v2\/pages\/646","targetHints":{"allow":["GET"]}}],"collection":[{"href":"https:\/\/ieselaios.catedu.es\/matematicas\/wp-json\/wp\/v2\/pages"}],"about":[{"href":"https:\/\/ieselaios.catedu.es\/matematicas\/wp-json\/wp\/v2\/types\/page"}],"author":[{"embeddable":true,"href":"https:\/\/ieselaios.catedu.es\/matematicas\/wp-json\/wp\/v2\/users\/3"}],"replies":[{"embeddable":true,"href":"https:\/\/ieselaios.catedu.es\/matematicas\/wp-json\/wp\/v2\/comments?post=646"}],"version-history":[{"count":18,"href":"https:\/\/ieselaios.catedu.es\/matematicas\/wp-json\/wp\/v2\/pages\/646\/revisions"}],"predecessor-version":[{"id":673,"href":"https:\/\/ieselaios.catedu.es\/matematicas\/wp-json\/wp\/v2\/pages\/646\/revisions\/673"}],"wp:attachment":[{"href":"https:\/\/ieselaios.catedu.es\/matematicas\/wp-json\/wp\/v2\/media?parent=646"}],"curies":[{"name":"wp","href":"https:\/\/api.w.org\/{rel}","templated":true}]}}