{"id":644,"date":"2016-11-21T18:47:42","date_gmt":"2016-11-21T17:47:42","guid":{"rendered":"http:\/\/ieselaios.catedu.es\/matematicas\/?page_id=644"},"modified":"2018-02-16T11:19:03","modified_gmt":"2018-02-16T10:19:03","slug":"examenes-evau-zaragoza","status":"publish","type":"page","link":"https:\/\/ieselaios.catedu.es\/matematicas\/examenes-evau-zaragoza\/","title":{"rendered":"Ex\u00e1menes EVAU Universidad de Zaragoza"},"content":{"rendered":"<p><a href=\"https:\/\/academico.unizar.es\/acceso-admision-grado\/evau\/exame\">Enunciados de ex\u00e1menes EVAU (Zaragoza) por convocatoria y a\u00f1o<\/a><\/p>\n<p><a href=\"http:\/\/matematicasentumundo.es\/PAU\/PAU.htm\">Pruebas EVAU recopiladas y resueltas por Julio Garc\u00eda Galavis<\/a><\/p>\n","protected":false},"excerpt":{"rendered":"<p>Enunciados de ex\u00e1menes EVAU (Zaragoza) por convocatoria y a\u00f1o Pruebas EVAU recopiladas y resueltas por Julio Garc\u00eda Galavis<\/p>\n","protected":false},"author":3,"featured_media":0,"parent":0,"menu_order":0,"comment_status":"closed","ping_status":"closed","template":"","meta":{"footnotes":""},"class_list":["post-644","page","type-page","status-publish","hentry"],"_links":{"self":[{"href":"https:\/\/ieselaios.catedu.es\/matematicas\/wp-json\/wp\/v2\/pages\/644","targetHints":{"allow":["GET"]}}],"collection":[{"href":"https:\/\/ieselaios.catedu.es\/matematicas\/wp-json\/wp\/v2\/pages"}],"about":[{"href":"https:\/\/ieselaios.catedu.es\/matematicas\/wp-json\/wp\/v2\/types\/page"}],"author":[{"embeddable":true,"href":"https:\/\/ieselaios.catedu.es\/matematicas\/wp-json\/wp\/v2\/users\/3"}],"replies":[{"embeddable":true,"href":"https:\/\/ieselaios.catedu.es\/matematicas\/wp-json\/wp\/v2\/comments?post=644"}],"version-history":[{"count":7,"href":"https:\/\/ieselaios.catedu.es\/matematicas\/wp-json\/wp\/v2\/pages\/644\/revisions"}],"predecessor-version":[{"id":841,"href":"https:\/\/ieselaios.catedu.es\/matematicas\/wp-json\/wp\/v2\/pages\/644\/revisions\/841"}],"wp:attachment":[{"href":"https:\/\/ieselaios.catedu.es\/matematicas\/wp-json\/wp\/v2\/media?parent=644"}],"curies":[{"name":"wp","href":"https:\/\/api.w.org\/{rel}","templated":true}]}}