{"id":39,"date":"2016-01-28T17:53:22","date_gmt":"2016-01-28T17:53:22","guid":{"rendered":"http:\/\/ieselaios.catedu.es\/matematicas\/?page_id=39"},"modified":"2025-12-03T13:13:58","modified_gmt":"2025-12-03T12:13:58","slug":"4o-eso","status":"publish","type":"page","link":"https:\/\/ieselaios.catedu.es\/matematicas\/4o-eso\/","title":{"rendered":"Informaci\u00f3n acad\u00e9mica 4\u00ba ESO"},"content":{"rendered":"<p>MATEM\u00c1TICAS B<\/p>\n<p><a href=\"https:\/\/drive.google.com\/file\/d\/1QSPhPCTr8NaP2NZKcmsethnXTE36zVNt\/view?usp=drive_link\">Saberes b\u00e1sicos<\/a><\/p>\n<p><a href=\"https:\/\/drive.google.com\/file\/d\/1qU-l17uoJSul4nPayNe_LV8cdvcQlUuC\/view?usp=drive_link\">Competencias espec\u00edficas y criterios de evaluaci\u00f3n<\/a><\/p>\n<p>MATEM\u00c1TICAS A<\/p>\n<p><a href=\"https:\/\/drive.google.com\/file\/d\/1uJX__yVkvhoHSG2z3SUj2cEkeeM6qm9R\/view?usp=drive_link\">Saberes b\u00e1sicos<\/a><\/p>\n<p><a href=\"https:\/\/drive.google.com\/file\/d\/1NjrDzIr0tZXAANZ-NBgs9-d1N9nRs8nh\/view?usp=drive_link\">Competencias espec\u00edficas y criterios de evaluaci\u00f3n<\/a><\/p>\n<p>MATEM\u00c1TICAS PARA LA TOMA DE DECISIONES<\/p>\n<p><a href=\"https:\/\/drive.google.com\/file\/d\/1i3SM8Nna3ZO4yHmJKg-XDcHgeD1isDXS\/view?usp=drive_link\">Saberes b\u00e1sicos<\/a><\/p>\n<p><a href=\"https:\/\/drive.google.com\/file\/d\/1BKBbONxVPK6cUpOuJFFCA46anNWkG0vA\/view?usp=drive_link\">Competencias espec\u00edficas y criterios de evaluaci\u00f3n<\/a><\/p>\n<p>RECURSOS<\/p>\n<p><a href=\"http:\/\/www.royanglada.com\/matematicas\/cd4esoa\/Programa\/menu.htm\">Libro digital de Anaya<\/a><\/p>\n<p><a href=\"http:\/\/conteni2.educarex.es\/?a=64\">Unidades interactivas repaso de los diferentes temas<\/a><\/p>\n<p><a href=\"http:\/\/recursostic.educacion.es\/secundaria\/edad\/4esomatematicasA\/index.htm\">Libro de texto digital de CIDEAD<\/a><\/p>\n","protected":false},"excerpt":{"rendered":"<p>MATEM\u00c1TICAS B Saberes b\u00e1sicos Competencias espec\u00edficas y criterios de evaluaci\u00f3n MATEM\u00c1TICAS A Saberes b\u00e1sicos Competencias espec\u00edficas y criterios de evaluaci\u00f3n MATEM\u00c1TICAS PARA LA TOMA DE DECISIONES Saberes b\u00e1sicos Competencias espec\u00edficas y criterios de evaluaci\u00f3n RECURSOS Libro digital de Anaya Unidades interactivas repaso de los diferentes temas Libro de texto digital de CIDEAD<\/p>\n","protected":false},"author":3,"featured_media":0,"parent":0,"menu_order":0,"comment_status":"closed","ping_status":"closed","template":"","meta":{"footnotes":""},"class_list":["post-39","page","type-page","status-publish","hentry"],"_links":{"self":[{"href":"https:\/\/ieselaios.catedu.es\/matematicas\/wp-json\/wp\/v2\/pages\/39","targetHints":{"allow":["GET"]}}],"collection":[{"href":"https:\/\/ieselaios.catedu.es\/matematicas\/wp-json\/wp\/v2\/pages"}],"about":[{"href":"https:\/\/ieselaios.catedu.es\/matematicas\/wp-json\/wp\/v2\/types\/page"}],"author":[{"embeddable":true,"href":"https:\/\/ieselaios.catedu.es\/matematicas\/wp-json\/wp\/v2\/users\/3"}],"replies":[{"embeddable":true,"href":"https:\/\/ieselaios.catedu.es\/matematicas\/wp-json\/wp\/v2\/comments?post=39"}],"version-history":[{"count":36,"href":"https:\/\/ieselaios.catedu.es\/matematicas\/wp-json\/wp\/v2\/pages\/39\/revisions"}],"predecessor-version":[{"id":2027,"href":"https:\/\/ieselaios.catedu.es\/matematicas\/wp-json\/wp\/v2\/pages\/39\/revisions\/2027"}],"wp:attachment":[{"href":"https:\/\/ieselaios.catedu.es\/matematicas\/wp-json\/wp\/v2\/media?parent=39"}],"curies":[{"name":"wp","href":"https:\/\/api.w.org\/{rel}","templated":true}]}}