{"id":37,"date":"2016-01-28T17:53:07","date_gmt":"2016-01-28T17:53:07","guid":{"rendered":"http:\/\/ieselaios.catedu.es\/matematicas\/?page_id=37"},"modified":"2023-10-14T14:01:43","modified_gmt":"2023-10-14T13:01:43","slug":"3o-eso","status":"publish","type":"page","link":"https:\/\/ieselaios.catedu.es\/matematicas\/3o-eso\/","title":{"rendered":"Informaci\u00f3n acad\u00e9mica 3\u00ba E.S.O."},"content":{"rendered":"<p><a href=\"https:\/\/drive.google.com\/file\/d\/1s3weoQowfA1-y5MTJ0Yb7X0rtTUrXt_S\/view?usp=sharing\"><span style=\"color: #3366ff\">Competencias espec\u00edficas y criterios de evaluaci\u00f3n<\/span><\/a><\/p>\n<p><a href=\"https:\/\/drive.google.com\/file\/d\/1EQuw16tYOAZWXYNcHI_z_kWRzTE8PopE\/view?usp=sharing\"><span style=\"color: #00ccff\"><span style=\"color: #3366ff\">Saberes b\u00e1sicos<\/span><\/span><\/a><\/p>\n\n","protected":false},"excerpt":{"rendered":"<p>Competencias espec\u00edficas y criterios de evaluaci\u00f3n Saberes b\u00e1sicos<\/p>\n","protected":false},"author":3,"featured_media":0,"parent":0,"menu_order":0,"comment_status":"closed","ping_status":"closed","template":"","meta":{"footnotes":""},"class_list":["post-37","page","type-page","status-publish","hentry"],"_links":{"self":[{"href":"https:\/\/ieselaios.catedu.es\/matematicas\/wp-json\/wp\/v2\/pages\/37","targetHints":{"allow":["GET"]}}],"collection":[{"href":"https:\/\/ieselaios.catedu.es\/matematicas\/wp-json\/wp\/v2\/pages"}],"about":[{"href":"https:\/\/ieselaios.catedu.es\/matematicas\/wp-json\/wp\/v2\/types\/page"}],"author":[{"embeddable":true,"href":"https:\/\/ieselaios.catedu.es\/matematicas\/wp-json\/wp\/v2\/users\/3"}],"replies":[{"embeddable":true,"href":"https:\/\/ieselaios.catedu.es\/matematicas\/wp-json\/wp\/v2\/comments?post=37"}],"version-history":[{"count":26,"href":"https:\/\/ieselaios.catedu.es\/matematicas\/wp-json\/wp\/v2\/pages\/37\/revisions"}],"predecessor-version":[{"id":1928,"href":"https:\/\/ieselaios.catedu.es\/matematicas\/wp-json\/wp\/v2\/pages\/37\/revisions\/1928"}],"wp:attachment":[{"href":"https:\/\/ieselaios.catedu.es\/matematicas\/wp-json\/wp\/v2\/media?parent=37"}],"curies":[{"name":"wp","href":"https:\/\/api.w.org\/{rel}","templated":true}]}}