{"id":35,"date":"2016-01-28T17:52:52","date_gmt":"2016-01-28T17:52:52","guid":{"rendered":"http:\/\/ieselaios.catedu.es\/matematicas\/?page_id=35"},"modified":"2025-12-03T13:11:03","modified_gmt":"2025-12-03T12:11:03","slug":"2o-eso","status":"publish","type":"page","link":"https:\/\/ieselaios.catedu.es\/matematicas\/2o-eso\/","title":{"rendered":"Informaci\u00f3n acad\u00e9mica 2\u00ba ESO"},"content":{"rendered":"<p>MATEM\u00c1TICAS 2\u00ba ESO<\/p>\n<p><a href=\"https:\/\/drive.google.com\/file\/d\/1oN1mzfRJ6rJuFyIP4R6Mm0xuBrlAtB5h\/view?usp=drive_link\">Saberes b\u00e1sicos<\/a><\/p>\n<p><a href=\"https:\/\/drive.google.com\/file\/d\/1J65ef4MbLiqSYgy-HFYYEk4zTPBYjsXL\/view?usp=drive_link\">Competencias espec\u00edficas y criterios de evaluaci\u00f3n<\/a><\/p>\n<p>LABORATORIO DE REFUERZO DE COMPETENCIAS CLAVE<\/p>\n<p>Saberes b\u00e1sicos<\/p>\n<p>Competencias espec\u00edficas y criterios de evaluaci\u00f3n<\/p>\n\n","protected":false},"excerpt":{"rendered":"<p>MATEM\u00c1TICAS 2\u00ba ESO Saberes b\u00e1sicos Competencias espec\u00edficas y criterios de evaluaci\u00f3n LABORATORIO DE REFUERZO DE COMPETENCIAS CLAVE Saberes b\u00e1sicos Competencias espec\u00edficas y criterios de evaluaci\u00f3n<\/p>\n","protected":false},"author":3,"featured_media":0,"parent":0,"menu_order":0,"comment_status":"closed","ping_status":"closed","template":"","meta":{"footnotes":""},"class_list":["post-35","page","type-page","status-publish","hentry"],"_links":{"self":[{"href":"https:\/\/ieselaios.catedu.es\/matematicas\/wp-json\/wp\/v2\/pages\/35","targetHints":{"allow":["GET"]}}],"collection":[{"href":"https:\/\/ieselaios.catedu.es\/matematicas\/wp-json\/wp\/v2\/pages"}],"about":[{"href":"https:\/\/ieselaios.catedu.es\/matematicas\/wp-json\/wp\/v2\/types\/page"}],"author":[{"embeddable":true,"href":"https:\/\/ieselaios.catedu.es\/matematicas\/wp-json\/wp\/v2\/users\/3"}],"replies":[{"embeddable":true,"href":"https:\/\/ieselaios.catedu.es\/matematicas\/wp-json\/wp\/v2\/comments?post=35"}],"version-history":[{"count":29,"href":"https:\/\/ieselaios.catedu.es\/matematicas\/wp-json\/wp\/v2\/pages\/35\/revisions"}],"predecessor-version":[{"id":2025,"href":"https:\/\/ieselaios.catedu.es\/matematicas\/wp-json\/wp\/v2\/pages\/35\/revisions\/2025"}],"wp:attachment":[{"href":"https:\/\/ieselaios.catedu.es\/matematicas\/wp-json\/wp\/v2\/media?parent=35"}],"curies":[{"name":"wp","href":"https:\/\/api.w.org\/{rel}","templated":true}]}}