{"id":183,"date":"2016-04-01T09:14:07","date_gmt":"2016-04-01T09:14:07","guid":{"rendered":"http:\/\/ieselaios.catedu.es\/matematicas\/?page_id=183"},"modified":"2025-12-03T12:51:21","modified_gmt":"2025-12-03T11:51:21","slug":"prueba-extraordinaria-bachillerato","status":"publish","type":"page","link":"https:\/\/ieselaios.catedu.es\/matematicas\/prueba-extraordinaria-bachillerato\/","title":{"rendered":"Prueba extraordinaria BACHILLERATO"},"content":{"rendered":"<p><strong><em><u>PRUEBA EXTRAORDINARIA BACHILLERATO:<\/u><\/em><\/strong><\/p>\n<p>Aquellos alumnos que no aprueben en la Evaluaci\u00f3n Final Ordinaria, deber\u00e1n presentarse a la Prueba Extraordinaria que consistir\u00e1 en la realizaci\u00f3n de un examen en junio de la totalidad de la materia. \u00a0Hay que precisar que dicho examen no es de contenidos m\u00ednimos y que, por lo tanto, se puede superar con una nota superior a 5.<\/p>\n","protected":false},"excerpt":{"rendered":"<p>PRUEBA EXTRAORDINARIA BACHILLERATO: Aquellos alumnos que no aprueben en la Evaluaci\u00f3n Final Ordinaria, deber\u00e1n presentarse a la Prueba Extraordinaria que consistir\u00e1 en la realizaci\u00f3n de un examen en junio de la totalidad de la materia. \u00a0Hay que precisar que dicho examen no es de contenidos m\u00ednimos y que, por lo tanto, se puede superar con [&hellip;]<\/p>\n","protected":false},"author":1,"featured_media":0,"parent":0,"menu_order":0,"comment_status":"closed","ping_status":"closed","template":"","meta":{"footnotes":""},"class_list":["post-183","page","type-page","status-publish","hentry"],"_links":{"self":[{"href":"https:\/\/ieselaios.catedu.es\/matematicas\/wp-json\/wp\/v2\/pages\/183","targetHints":{"allow":["GET"]}}],"collection":[{"href":"https:\/\/ieselaios.catedu.es\/matematicas\/wp-json\/wp\/v2\/pages"}],"about":[{"href":"https:\/\/ieselaios.catedu.es\/matematicas\/wp-json\/wp\/v2\/types\/page"}],"author":[{"embeddable":true,"href":"https:\/\/ieselaios.catedu.es\/matematicas\/wp-json\/wp\/v2\/users\/1"}],"replies":[{"embeddable":true,"href":"https:\/\/ieselaios.catedu.es\/matematicas\/wp-json\/wp\/v2\/comments?post=183"}],"version-history":[{"count":13,"href":"https:\/\/ieselaios.catedu.es\/matematicas\/wp-json\/wp\/v2\/pages\/183\/revisions"}],"predecessor-version":[{"id":2015,"href":"https:\/\/ieselaios.catedu.es\/matematicas\/wp-json\/wp\/v2\/pages\/183\/revisions\/2015"}],"wp:attachment":[{"href":"https:\/\/ieselaios.catedu.es\/matematicas\/wp-json\/wp\/v2\/media?parent=183"}],"curies":[{"name":"wp","href":"https:\/\/api.w.org\/{rel}","templated":true}]}}