{"id":10,"date":"2016-01-28T17:27:00","date_gmt":"2016-01-28T17:27:00","guid":{"rendered":"http:\/\/ieselaios.catedu.es\/matematicas\/?page_id=10"},"modified":"2024-11-11T19:03:04","modified_gmt":"2024-11-11T18:03:04","slug":"sistemas-de-evaluacion","status":"publish","type":"page","link":"https:\/\/ieselaios.catedu.es\/matematicas\/sistemas-de-evaluacion\/","title":{"rendered":"Criterios de calificaci\u00f3n de ESO"},"content":{"rendered":"<p><a href=\"https:\/\/docs.google.com\/document\/d\/1LpPRwA4uj7awtYMMFwBbGm4w8sregZFP\/edit?usp=sharing&amp;ouid=111307553161199047426&amp;rtpof=true&amp;sd=true\">Criterios de calificaci\u00f3n de Matem\u00e1ticas de ESO. Curso 2024-25<\/a><\/p>\n<p><a href=\"https:\/\/docs.google.com\/document\/d\/1u2T2PIY126MqvWyrB3dRIgEao5s4UNtk\/edit?usp=drive_link&amp;ouid=111307553161199047426&amp;rtpof=true&amp;sd=true\">Criterios de calificaci\u00f3n de Laboratorio de refuerzo de competencias clave (LRCC) de 2\u00ba de ESO. Curso 2024-25<\/a><\/p>\n<p><a href=\"https:\/\/docs.google.com\/document\/d\/13Y-CZjLg-h_sEKggYWGNohbOs6jaMYrP\/edit?usp=drive_link&amp;ouid=111307553161199047426&amp;rtpof=true&amp;sd=true\">Criterios de calificaci\u00f3n de Matem\u00e1ticas para la toma de decisiones de 4\u00ba de ESO. Curso 2024-25<\/a><\/p>\n\n\n\n\n\n","protected":false},"excerpt":{"rendered":"<p>Criterios de calificaci\u00f3n de Matem\u00e1ticas de ESO. Curso 2024-25 Criterios de calificaci\u00f3n de Laboratorio de refuerzo de competencias clave (LRCC) de 2\u00ba de ESO. Curso 2024-25 Criterios de calificaci\u00f3n de Matem\u00e1ticas para la toma de decisiones de 4\u00ba de ESO. Curso 2024-25<\/p>\n","protected":false},"author":3,"featured_media":0,"parent":0,"menu_order":0,"comment_status":"closed","ping_status":"closed","template":"","meta":{"footnotes":""},"class_list":["post-10","page","type-page","status-publish","hentry"],"_links":{"self":[{"href":"https:\/\/ieselaios.catedu.es\/matematicas\/wp-json\/wp\/v2\/pages\/10","targetHints":{"allow":["GET"]}}],"collection":[{"href":"https:\/\/ieselaios.catedu.es\/matematicas\/wp-json\/wp\/v2\/pages"}],"about":[{"href":"https:\/\/ieselaios.catedu.es\/matematicas\/wp-json\/wp\/v2\/types\/page"}],"author":[{"embeddable":true,"href":"https:\/\/ieselaios.catedu.es\/matematicas\/wp-json\/wp\/v2\/users\/3"}],"replies":[{"embeddable":true,"href":"https:\/\/ieselaios.catedu.es\/matematicas\/wp-json\/wp\/v2\/comments?post=10"}],"version-history":[{"count":32,"href":"https:\/\/ieselaios.catedu.es\/matematicas\/wp-json\/wp\/v2\/pages\/10\/revisions"}],"predecessor-version":[{"id":1989,"href":"https:\/\/ieselaios.catedu.es\/matematicas\/wp-json\/wp\/v2\/pages\/10\/revisions\/1989"}],"wp:attachment":[{"href":"https:\/\/ieselaios.catedu.es\/matematicas\/wp-json\/wp\/v2\/media?parent=10"}],"curies":[{"name":"wp","href":"https:\/\/api.w.org\/{rel}","templated":true}]}}