{"id":819,"date":"2022-11-19T18:53:15","date_gmt":"2022-11-19T17:53:15","guid":{"rendered":"http:\/\/ieselaios.catedu.es\/ingles\/?page_id=819"},"modified":"2025-12-11T21:54:09","modified_gmt":"2025-12-11T20:54:09","slug":"1o-de-bachillerato-curso-2022-2023","status":"publish","type":"page","link":"https:\/\/ieselaios.catedu.es\/ingles\/1o-de-bachillerato-curso-2022-2023\/","title":{"rendered":"1\u00ba de Bachillerato Curso 2025-26"},"content":{"rendered":"\n<p><a href=\"https:\/\/drive.google.com\/file\/d\/1DeerExSgXcGreVOOK2Ow6htPuF07_FJ3\/view?usp=sharing\">Criterios de Calificaci\u00f3n<\/a><\/p>\n<p><a href=\"https:\/\/drive.google.com\/file\/d\/1GUi9eJlcjbXubMqO6gnqejHNE8uXyvze\/view?usp=sharing\">Saberes B\u00e1sicos<\/a><\/p>\n<p><a href=\"https:\/\/drive.google.com\/file\/d\/178N9tj__AKqvQgJjyobX4fbzcwCk5fv8\/view?usp=sharing\">Procedimientos e Instrumentos de Evaluaci\u00f3n<\/a><\/p>\n<p>\u00a0<\/p>\n\n\n\n\n","protected":false},"excerpt":{"rendered":"<p>Criterios de Calificaci\u00f3n Saberes B\u00e1sicos Procedimientos e Instrumentos de Evaluaci\u00f3n \u00a0<\/p>\n","protected":false},"author":29,"featured_media":0,"parent":0,"menu_order":0,"comment_status":"closed","ping_status":"closed","template":"","meta":{"footnotes":""},"class_list":["post-819","page","type-page","status-publish","hentry"],"_links":{"self":[{"href":"https:\/\/ieselaios.catedu.es\/ingles\/wp-json\/wp\/v2\/pages\/819","targetHints":{"allow":["GET"]}}],"collection":[{"href":"https:\/\/ieselaios.catedu.es\/ingles\/wp-json\/wp\/v2\/pages"}],"about":[{"href":"https:\/\/ieselaios.catedu.es\/ingles\/wp-json\/wp\/v2\/types\/page"}],"author":[{"embeddable":true,"href":"https:\/\/ieselaios.catedu.es\/ingles\/wp-json\/wp\/v2\/users\/29"}],"replies":[{"embeddable":true,"href":"https:\/\/ieselaios.catedu.es\/ingles\/wp-json\/wp\/v2\/comments?post=819"}],"version-history":[{"count":27,"href":"https:\/\/ieselaios.catedu.es\/ingles\/wp-json\/wp\/v2\/pages\/819\/revisions"}],"predecessor-version":[{"id":1020,"href":"https:\/\/ieselaios.catedu.es\/ingles\/wp-json\/wp\/v2\/pages\/819\/revisions\/1020"}],"wp:attachment":[{"href":"https:\/\/ieselaios.catedu.es\/ingles\/wp-json\/wp\/v2\/media?parent=819"}],"curies":[{"name":"wp","href":"https:\/\/api.w.org\/{rel}","templated":true}]}}