{"id":6,"date":"2019-12-05T05:34:39","date_gmt":"2019-12-05T05:34:39","guid":{"rendered":"http:\/\/ieselaios.catedu.es\/idiomas\/?page_id=6"},"modified":"2023-07-26T05:50:24","modified_gmt":"2023-07-26T05:50:24","slug":"itinerarios","status":"publish","type":"page","link":"https:\/\/ieselaios.catedu.es\/idiomas\/itinerarios\/","title":{"rendered":"Itinerarios"},"content":{"rendered":"<p><span style=\"font-family: helvetica, arial, sans-serif;\">El alumnado de los programas BRIT Arag\u00f3n cursa a lo largo de la etapa, al menos, un 30% de su horario semanal en lengua extranjera: materias de idiomas como asignaturas impartidas en lengua extranjera (AELEX). A este porcentaje se le a\u00f1ade un 5% en actividades complementarias o extraescolares.<\/span><\/p>\n<p><span style=\"font-family: helvetica, arial, sans-serif;\">Esta caracter\u00edstica del BRIT Arag\u00f3n permite que cada centro defina su propio itinerario biling\u00fce.<\/span><\/p>\n<p><span style=\"font-family: helvetica, arial, sans-serif;\">El IES \u00c9laios ha dise\u00f1ado sus itinerarios de manera que las AELEX se vayan alternando a lo largo de la etapa para evitar posibles repercusiones en los contenidos de estas materias. A la vez, los departamentos vigilan la coordinaci\u00f3n de contenidos y competencias entre las materias AELEX y las mismas materias en castellano.<\/span><\/p>\n<p><span style=\"font-family: helvetica, arial, sans-serif;\"><span style=\"color: #333399;\"><strong data-rich-text-format-boundary=\"true\">BRIT en Franc\u00e9s:<\/strong><\/span> en este programa se han de impartir cuatro horas semanales de la materia Franc\u00e9s de manera que el alumnado cursa 32 horas lectivas semanales, el lunes y el jueves tienen una s\u00e9ptima hora.<\/span><\/p>\n<p><span style=\"font-family: helvetica, arial, sans-serif;\">Incluye las siguientes AELEX y materias en lengua extranjera:<\/span><\/p>\n<p><span style=\"font-family: helvetica, arial, sans-serif;\"><strong>1\u00ba ESO<\/strong>:\u00a0Matem\u00e1ticas en Franc\u00e9s (4 horas semanales), Franc\u00e9s biling\u00fce (4 horas) e Ingl\u00e9s (4 horas)<\/span><\/p>\n<p><span style=\"font-family: helvetica, arial, sans-serif;\"><strong>2\u00ba ESO<\/strong>:\u00a0Geograf\u00eda e Historia en Franc\u00e9s (3 horas semanales), Franc\u00e9s biling\u00fce (4 horas) e Ingl\u00e9s (4 horas)<\/span><\/p>\n<p><span style=\"font-family: helvetica, arial, sans-serif;\"><strong>3\u00ba ESO<\/strong>: Tecnolog\u00eda y digitalizaci\u00f3n en Franc\u00e9s (3 horas semanales), M\u00fasica en Franc\u00e9s (3 horas semanales), Franc\u00e9s biling\u00fce (4 horas) e Ingl\u00e9s (3 horas).<\/span><\/p>\n<p><span style=\"font-family: helvetica, arial, sans-serif;\"><strong>4\u00ba ESO<\/strong>: Geograf\u00eda de 4\u00ba ESO (3 horas semanales), Franc\u00e9s biling\u00fce (4 horas) e Ingl\u00e9s (4 horas)<\/span><\/p>\n<p><span style=\"font-family: helvetica, arial, sans-serif;\"><span style=\"color: #333399;\"><strong data-rich-text-format-boundary=\"true\">BRIT en Ingl\u00e9s<\/strong>:<\/span> El programa implica 30 horas lectivas semanales y tendr\u00e1 las siguientes materias AELEX y materias en lengua extrajera:<\/span><\/p>\n<p><span style=\"font-family: helvetica, arial, sans-serif;\"><strong>1\u00ba ESO<\/strong>:\u00a0Biolog\u00eda y Geolog\u00eda en Ingl\u00e9s (3 horas), Educaci\u00f3n F\u00edsica en Ingl\u00e9s (2 horas), Ingl\u00e9s biling\u00fce (4 horas) y Franc\u00e9s 2\u00ba idioma (2 horas)<\/span><\/p>\n<p><span style=\"font-family: helvetica, arial, sans-serif;\"><strong>2\u00ba ESO<\/strong>: F\u00edsica y Qu\u00edmica en Ingl\u00e9s (3 horas), EPVA en Ingl\u00e9s (3 horas), Ingl\u00e9s biling\u00fce (4 horas) y Franc\u00e9s 2\u00ba idioma (2 horas)<\/span><\/p>\n<p><span style=\"font-family: helvetica, arial, sans-serif;\"><strong>3\u00ba ESO<\/strong>: F\u00edsica y Qu\u00edmica en Ingl\u00e9s (2 horas), Tecnolog\u00eda y digitalizaci\u00f3n en ingl\u00e9s (3 horas), Ingl\u00e9s biling\u00fce (3 horas) y Franc\u00e9s 2\u00ba idioma (2 horas)<\/span><\/p>\n<p><span style=\"font-family: helvetica, arial, sans-serif;\"><strong>4\u00ba ESO<\/strong>: Educaci\u00f3n F\u00edsica en Ingl\u00e9s (2 horas), Ingl\u00e9s biling\u00fce (4 horas) y como materia optativa a poder elegir: Franc\u00e9s 2\u00ba idioma (2 horas).<\/span><\/p>\n","protected":false},"excerpt":{"rendered":"<p>El alumnado de los programas BRIT Arag\u00f3n cursa a lo largo de la etapa, al menos, un 30% de su horario semanal en lengua extranjera: materias de idiomas como asignaturas impartidas en lengua extranjera (AELEX). A este porcentaje se le a\u00f1ade un 5% en actividades complementarias o extraescolares. Esta caracter\u00edstica del BRIT Arag\u00f3n permite que [&hellip;]<\/p>\n","protected":false},"author":1,"featured_media":0,"parent":0,"menu_order":0,"comment_status":"closed","ping_status":"closed","template":"","meta":{"footnotes":""},"class_list":["post-6","page","type-page","status-publish","hentry"],"_links":{"self":[{"href":"https:\/\/ieselaios.catedu.es\/idiomas\/wp-json\/wp\/v2\/pages\/6","targetHints":{"allow":["GET"]}}],"collection":[{"href":"https:\/\/ieselaios.catedu.es\/idiomas\/wp-json\/wp\/v2\/pages"}],"about":[{"href":"https:\/\/ieselaios.catedu.es\/idiomas\/wp-json\/wp\/v2\/types\/page"}],"author":[{"embeddable":true,"href":"https:\/\/ieselaios.catedu.es\/idiomas\/wp-json\/wp\/v2\/users\/1"}],"replies":[{"embeddable":true,"href":"https:\/\/ieselaios.catedu.es\/idiomas\/wp-json\/wp\/v2\/comments?post=6"}],"version-history":[{"count":9,"href":"https:\/\/ieselaios.catedu.es\/idiomas\/wp-json\/wp\/v2\/pages\/6\/revisions"}],"predecessor-version":[{"id":927,"href":"https:\/\/ieselaios.catedu.es\/idiomas\/wp-json\/wp\/v2\/pages\/6\/revisions\/927"}],"wp:attachment":[{"href":"https:\/\/ieselaios.catedu.es\/idiomas\/wp-json\/wp\/v2\/media?parent=6"}],"curies":[{"name":"wp","href":"https:\/\/api.w.org\/{rel}","templated":true}]}}