{"id":4,"date":"2019-12-05T05:34:10","date_gmt":"2019-12-05T05:34:10","guid":{"rendered":"http:\/\/ieselaios.catedu.es\/idiomas\/?page_id=4"},"modified":"2023-07-26T06:01:21","modified_gmt":"2023-07-26T06:01:21","slug":"normativa-brit","status":"publish","type":"page","link":"https:\/\/ieselaios.catedu.es\/idiomas\/normativa-brit\/","title":{"rendered":"Normativa BRIT"},"content":{"rendered":"<p><img loading=\"lazy\" decoding=\"async\" class=\"alignnone size-medium wp-image-1026\" src=\"http:\/\/ieselaios.catedu.es\/wp-content\/uploads\/2016\/11\/cartelauxconversacion-300x161.jpg\" alt=\"cartelauxconversacion\" width=\"300\" height=\"161\" \/>\u00a0 <img loading=\"lazy\" decoding=\"async\" class=\"size-full wp-image-930 alignleft\" src=\"http:\/\/ieselaios.catedu.es\/idiomas\/wp-content\/uploads\/sites\/35\/2023\/07\/label-France.png\" alt=\"\" width=\"299\" height=\"168\" \/><img loading=\"lazy\" decoding=\"async\" class=\" wp-image-2273 alignright\" src=\"http:\/\/ieselaios.catedu.es\/wp-content\/uploads\/2018\/04\/delf-dalf-LOGO-300x259-300x259.png\" alt=\"\" width=\"189\" height=\"163\" \/><\/p>\n<p><span style=\"font-family: helvetica, arial, sans-serif; color: #333399;\"><strong>LAS LENGUAS EXTRANJERAS EN EL \u00c9LAIOS<\/strong><\/span><\/p>\n<p><span style=\"font-family: helvetica, arial, sans-serif;\"><a href=\"https:\/\/youtu.be\/9pPbYjmNF1U\" target=\"_blank\" rel=\"noopener noreferrer\"><img loading=\"lazy\" decoding=\"async\" class=\"size-medium wp-image-2968 alignleft\" src=\"http:\/\/ieselaios.catedu.es\/wp-content\/uploads\/2016\/11\/Nouvelle-Cal%C3%A9donie-300x202.gif\" alt=\"\" width=\"300\" height=\"202\" \/><\/a>El IES \u00c9laios implant\u00f3 en 2015-16 un programa biling\u00fce PIBLEA en Franc\u00e9s CILE1. Comenz\u00f3 su andadura con dos grupos sobre los cinco grupos del nivel. El curso 2017-18 se comienzan a incluir unidades did\u00e1cticas en Ingl\u00e9s para llegar en 2018-19 al desarrollo de un Programa de Ampliaci\u00f3n de Lenguas Extranjeras (PALE) en Ingl\u00e9s dirigido a los cursos que no son biling\u00fces en Ingl\u00e9s. El PALE sigue imparti\u00e9ndose en la actualidad para cursos de ESO y Bachillerato. En el curso 2018-19 se implanta el PDC English+ destinado al alumnado de esa promoci\u00f3n.\u00a0<\/span><\/p>\n<p><span style=\"font-family: helvetica, arial, sans-serif;\">El curso 2019-20 el programa PIBLEA Franc\u00e9s se convierte en BRIT y se implanta el programa biling\u00fce BRIT de Ingl\u00e9s con tres grupos en 1\u00ba ESO.<\/span><\/p>\n<p><span style=\"font-family: helvetica, arial, sans-serif;\">El IES \u00c9laios agrupa a sus alumnos de manera heterog\u00e9nea, combinando en las clases al alumnado que cursa el curr\u00edculo ordinario, con los del programa BRIT y los programas de diversificaci\u00f3n curricular PAI, PMAR y Agrupado. Estamos convencidos de que la mezcla enriquece a todos.<\/span><\/p>\n<p><span style=\"font-family: helvetica, arial, sans-serif;\"><strong><img loading=\"lazy\" decoding=\"async\" class=\" wp-image-2970 alignright\" src=\"http:\/\/ieselaios.catedu.es\/wp-content\/uploads\/2016\/11\/IMG_20180922_223307-768x877-263x300.jpg\" alt=\"\" width=\"188\" height=\"215\" \/><\/strong>El programa apuesta por una variedad en las materias AELEX a lo largo de la etapa de modo que se alternen los contenidos del curr\u00edculo general obligatorio para todos los alumnos en la etapa de secundaria.<\/span><\/p>\n<p><span style=\"font-family: helvetica, arial, sans-serif;\">El \u00c9laios cuenta anualmente con la asignaci\u00f3n de una lectora nativa que entra varias horas en el aula acompa\u00f1ando a la profesora de idioma o de la materia en lengua extranjera (AELEX) lo que permite trabajar con mayor profundidad el idioma y la cultura del pa\u00eds.<\/span><\/p>\n<p><span style=\"font-family: helvetica, arial, sans-serif; color: #333399;\"><strong>NORMATIVA DE LOS PROGRAMAS BRIT ARAG\u00d3N<\/strong><\/span><\/p>\n<p><span style=\"font-family: helvetica, arial, sans-serif;\">Ambos programas constituyen una oferta acad\u00e9mica del centro y son <strong>optativos<\/strong> para el alumnado que se matricula.<\/span><\/p>\n<p><span style=\"font-family: helvetica, arial, sans-serif;\">Aquellos alumnos que provienen de un colegio biiling\u00fce tienen <strong>acceso<\/strong> directo al programa BRIT de su idioma. El alumnado que no provenga de un biling\u00fcismo siempre se puede acceder a cualquiera de los dos BRIT, en cualquier curso, superando una prueba de nivel. Desde los departamentos de Ingl\u00e9s o de Franc\u00e9s les informar\u00e1n del procedimiento a seguir y les asesorar\u00e1n.<\/span><\/p>\n<p><span style=\"font-family: helvetica, arial, sans-serif;\">La <strong>carga curricular<\/strong> de los programas BRIT Arag\u00f3n determina que han de recibir a lo largo de toda la etapa, al menos, un <strong>30%<\/strong> de sus horas lectivas en la lengua extranjera. Esto se alcanza sumando las horas de idiomas (Ingl\u00e9s + Franc\u00e9s) a las horas recibidas en materias impartidas en otro idioma extranjero (AELEX).<\/span><\/p>\n<p><span style=\"font-family: helvetica, arial, sans-serif;\">Los alumnos del programa BRIT ingl\u00e9s han de cursar obligatoriamente la materia Franc\u00e9s segundo idioma en 1\u00ba y 2\u00ba ESO. Luego pasa a ser una optativa.<\/span><\/p>\n<p><span style=\"font-family: helvetica, arial, sans-serif;\">Hay que a\u00f1adir un <strong>5%<\/strong> del horario que se dedica a la participaci\u00f3n en actividades complementarias y\/o extraescolares donde se practique la lengua: jornadas de cultura extranjera, exposiciones, debates, teatro y declamaci\u00f3n en lengua extranjera\u2026<\/span><\/p>\n<p><span style=\"font-family: helvetica, arial, sans-serif;\">Los programas BRIT hacen especial hincapi\u00e9 en la <strong>comunicaci\u00f3n oral<\/strong> y los alumnos ser\u00e1n evaluados de esta competencia por parte de las materias Franc\u00e9s Biling\u00fce o Ingl\u00e9s Biling\u00fce.<\/span><\/p>\n<p><span style=\"color: #333399;\"><strong><span style=\"font-family: helvetica, arial, sans-serif;\">TITULACIONES<\/span><\/strong><\/span><\/p>\n<p><span style=\"font-family: helvetica, arial, sans-serif;\">Al terminar 4\u00ba ESO y haber titulado teniendo aprobada la materia de idioma se accede al t\u00edtulo A2 en cualquiera de los dos idiomas cursados. Se ha de solicitar en la secretar\u00eda del centro y pagar las tasas correspondientes.<\/span><\/p>\n<p><span style=\"font-family: helvetica, arial, sans-serif;\">La <a href=\"http:\/\/www.boa.aragon.es\/cgi-bin\/EBOA\/BRSCGI?CMD=VEROBJ&amp;MLKOB=1063412043636\">RESOLUCI\u00d3N de 25 de febrero de 2019<\/a> regula c\u00f3mo el alumnado que habiendo cursado un biling\u00fcismo, participe en actividades curriculares de un PALE o en el programa Cruzando Fronteras, puede presentarse a las pruebas de la Escuela Oficial de Idiomas para acceder al B1. Se solicita en el centro educativo para poder cursar la matr\u00edcula y se pagan las tasas fijadas por las EOI. Las partes que eval\u00faan la comprensi\u00f3n de textos escritos, la comprensi\u00f3n de textos orales, la producci\u00f3n y coproducci\u00f3n de textos escritos y la mediaci\u00f3n ser\u00e1n las establecidas con car\u00e1cter general para la certificaci\u00f3n del Nivel Intermedio B1. La especificidad de la prueba se establecer\u00e1 en la parte que eval\u00faa la producci\u00f3n y coproducci\u00f3n de textos orales de la siguiente forma:<\/span><br \/>\n<span style=\"font-family: helvetica, arial, sans-serif;\">a) Se agrupar\u00e1 al alumnado para la realizaci\u00f3n de estas pruebas.<\/span><br \/>\n<span style=\"font-family: helvetica, arial, sans-serif;\">b) Se adecuar\u00e1n los temas a tratar a la edad del alumnado.<\/span><\/p>\n<p><span style=\"font-family: helvetica, arial, sans-serif;\">La <a href=\"http:\/\/www.educaragon.org\/noticias\/noticias.asp?idNoticia=13540\" target=\"_blank\" rel=\"noopener noreferrer\">Orden ECD\/823\/2018<\/a> que regula el modelo BRIT Arag\u00f3n establece que el programa debe \u00abfavorecer y desarrollar la competencia comunicativa en lengua extranjera para alcanzar un nivel competencial del MCER del B2 al finalizar su etapa de escolarizaci\u00f3n\u00bb. El 2 de diciembre de 2019 se han dictado <a href=\"http:\/\/www.educaragon.org\/FILES\/Instrucciones%20BRIT%20B1%202019-20%20FIRMADO.pdf\">Instrucciones<\/a> para que el alumnado de 4\u00ba ESO del programa BRIT pueda obtener la certificaci\u00f3n del nivel B1 a trav\u00e9s de las escuelas oficiales de idiomas de Arag\u00f3n. A partir del curso 2022-23 se han venido celebrando en el \u00c9laios. Las pruebas de acreditaci\u00f3n son gratuitas, se celebran en el propio centro y s\u00f3lo es preciso pagar por la recogida del Certificado oficial. La participaci\u00f3n de nuestros alumnos se salda con un 100% de titulados entre los presentados a esta prueba.<\/span><\/p>\n<p><span style=\"font-family: helvetica, arial, sans-serif;\">Desde 2018 el IES \u00c9laios mantiene un acuerdo con el Instituto Franc\u00e9s de Zaragoza para poder realizar las pruebas <a href=\"https:\/\/www.ciep.fr\/es\/delf-scolaire\"><em>DELF scolaire <\/em><\/a>de acceso al B1 y B2. Se realizan en el \u00c9laios y los alumnos est\u00e1n acompa\u00f1ados por sus profesoras aunque son examinados por el personal del Instituto Franc\u00e9s. La matriculaci\u00f3n y pago de tasas se organiza desde la secretar\u00eda del centro. La participaci\u00f3n de nuestros alumnos se salda con un 100% de titulados entre los presentados a esta prueba.<\/span><\/p>\n","protected":false},"excerpt":{"rendered":"<p>\u00a0 LAS LENGUAS EXTRANJERAS EN EL \u00c9LAIOS El IES \u00c9laios implant\u00f3 en 2015-16 un programa biling\u00fce PIBLEA en Franc\u00e9s CILE1. Comenz\u00f3 su andadura con dos grupos sobre los cinco grupos del nivel. El curso 2017-18 se comienzan a incluir unidades did\u00e1cticas en Ingl\u00e9s para llegar en 2018-19 al desarrollo de un Programa de Ampliaci\u00f3n de [&hellip;]<\/p>\n","protected":false},"author":1,"featured_media":0,"parent":0,"menu_order":0,"comment_status":"closed","ping_status":"closed","template":"","meta":{"footnotes":""},"class_list":["post-4","page","type-page","status-publish","hentry"],"_links":{"self":[{"href":"https:\/\/ieselaios.catedu.es\/idiomas\/wp-json\/wp\/v2\/pages\/4","targetHints":{"allow":["GET"]}}],"collection":[{"href":"https:\/\/ieselaios.catedu.es\/idiomas\/wp-json\/wp\/v2\/pages"}],"about":[{"href":"https:\/\/ieselaios.catedu.es\/idiomas\/wp-json\/wp\/v2\/types\/page"}],"author":[{"embeddable":true,"href":"https:\/\/ieselaios.catedu.es\/idiomas\/wp-json\/wp\/v2\/users\/1"}],"replies":[{"embeddable":true,"href":"https:\/\/ieselaios.catedu.es\/idiomas\/wp-json\/wp\/v2\/comments?post=4"}],"version-history":[{"count":17,"href":"https:\/\/ieselaios.catedu.es\/idiomas\/wp-json\/wp\/v2\/pages\/4\/revisions"}],"predecessor-version":[{"id":933,"href":"https:\/\/ieselaios.catedu.es\/idiomas\/wp-json\/wp\/v2\/pages\/4\/revisions\/933"}],"wp:attachment":[{"href":"https:\/\/ieselaios.catedu.es\/idiomas\/wp-json\/wp\/v2\/media?parent=4"}],"curies":[{"name":"wp","href":"https:\/\/api.w.org\/{rel}","templated":true}]}}