{"id":31,"date":"2016-09-01T09:00:53","date_gmt":"2016-09-01T08:00:53","guid":{"rendered":"http:\/\/ieselaios.catedu.es\/frances\/?page_id=31"},"modified":"2025-05-20T12:50:03","modified_gmt":"2025-05-20T11:50:03","slug":"profesorado","status":"publish","type":"page","link":"https:\/\/ieselaios.catedu.es\/frances\/profesorado\/","title":{"rendered":"PROFESORADO"},"content":{"rendered":"<p><strong>MIEMBROS DEL DEPARTAMENTO DE FRANC\u00c9S<\/strong> <strong>curso\u00a0 2024-2025<\/strong><\/p>\n\n\n<p>Este a\u00f1o el Departamento est\u00e1 formado por las siguientes profesoras:<\/p>\n<p><strong>D\u00f1a. Josefa Medina Arnao (Jefe de Departamento)<\/strong><\/p>\n<p><strong>D\u00f1a. Beatriz Gracia Paesa\u00a0<\/strong><\/p>\n<p><strong>D\u00f1a. Sof\u00eda Jim\u00e9nez Baigorri<\/strong><\/p>\n<p><strong>D\u00f1a. Melody Rodr\u00edguez Cebri\u00e1n<\/strong><\/p>\n<p>\u00a0<\/p>\n<p>\u00a0<\/p>\n","protected":false},"excerpt":{"rendered":"<p>MIEMBROS DEL DEPARTAMENTO DE FRANC\u00c9S curso\u00a0 2024-2025 Este a\u00f1o el Departamento est\u00e1 formado por las siguientes profesoras: D\u00f1a. Josefa Medina Arnao (Jefe de Departamento) D\u00f1a. Beatriz Gracia Paesa\u00a0 D\u00f1a. Sof\u00eda Jim\u00e9nez Baigorri D\u00f1a. Melody Rodr\u00edguez Cebri\u00e1n \u00a0 \u00a0<\/p>\n","protected":false},"author":1,"featured_media":0,"parent":0,"menu_order":0,"comment_status":"closed","ping_status":"closed","template":"","meta":{"footnotes":""},"class_list":["post-31","page","type-page","status-publish","hentry"],"_links":{"self":[{"href":"https:\/\/ieselaios.catedu.es\/frances\/wp-json\/wp\/v2\/pages\/31","targetHints":{"allow":["GET"]}}],"collection":[{"href":"https:\/\/ieselaios.catedu.es\/frances\/wp-json\/wp\/v2\/pages"}],"about":[{"href":"https:\/\/ieselaios.catedu.es\/frances\/wp-json\/wp\/v2\/types\/page"}],"author":[{"embeddable":true,"href":"https:\/\/ieselaios.catedu.es\/frances\/wp-json\/wp\/v2\/users\/1"}],"replies":[{"embeddable":true,"href":"https:\/\/ieselaios.catedu.es\/frances\/wp-json\/wp\/v2\/comments?post=31"}],"version-history":[{"count":14,"href":"https:\/\/ieselaios.catedu.es\/frances\/wp-json\/wp\/v2\/pages\/31\/revisions"}],"predecessor-version":[{"id":1035,"href":"https:\/\/ieselaios.catedu.es\/frances\/wp-json\/wp\/v2\/pages\/31\/revisions\/1035"}],"wp:attachment":[{"href":"https:\/\/ieselaios.catedu.es\/frances\/wp-json\/wp\/v2\/media?parent=31"}],"curies":[{"name":"wp","href":"https:\/\/api.w.org\/{rel}","templated":true}]}}