{"id":34,"date":"2016-02-07T20:42:14","date_gmt":"2016-02-07T19:42:14","guid":{"rendered":"http:\/\/ieselaios.catedu.es\/fisicayquimica\/?page_id=34"},"modified":"2025-09-19T16:24:04","modified_gmt":"2025-09-19T15:24:04","slug":"pendientes","status":"publish","type":"page","link":"https:\/\/ieselaios.catedu.es\/fisicayquimica\/pendientes\/","title":{"rendered":"PENDIENTES"},"content":{"rendered":"<p>En esta p\u00e1gina pod\u00e9is consultar\u00a0 las fechas y los detalles de los procesos de recuperaci\u00f3n de las asignaturas pendientes del curso 25-26.<\/p>\n<p>Los saberes b\u00e1sicos\u00a0 y los criterios de evaluaci\u00f3n los encontrar\u00e9is en la pesta\u00f1a del curso correspondiente.<\/p>\n<p><a href=\"https:\/\/drive.google.com\/file\/d\/1meWJfFLUIbIzWfKXlHdvKpjOeyBMrf4t\/view?usp=sharing\">F\u00edsica y Qu\u00edmica pendiente 3\u00ba de ESO. Curso 25-26<\/a><\/p>\n<p><a href=\"https:\/\/drive.google.com\/file\/d\/1KJkGnU40f2K-uOjetXmS_Igtn_WdO-Y5\/view?usp=sharing\">F\u00edsica y Qu\u00edmica pendiente 2\u00ba de ESO. Curso 25-26<\/a><\/p>\n<p>Ante cualquier duda, pasad por el departamento de F\u00edsica y Qu\u00edmica o escribid a: deptofisica-quimica@ieselaios.com<\/p>\n\n\n<p><\/p>\n","protected":false},"excerpt":{"rendered":"<p>En esta p\u00e1gina pod\u00e9is consultar\u00a0 las fechas y los detalles de los procesos de recuperaci\u00f3n de las asignaturas pendientes del curso 25-26. Los saberes b\u00e1sicos\u00a0 y los criterios de evaluaci\u00f3n los encontrar\u00e9is en la pesta\u00f1a del curso correspondiente. F\u00edsica y Qu\u00edmica pendiente 3\u00ba de ESO. Curso 25-26 F\u00edsica y Qu\u00edmica pendiente 2\u00ba de ESO. Curso [&hellip;]<\/p>\n","protected":false},"author":1,"featured_media":0,"parent":0,"menu_order":0,"comment_status":"closed","ping_status":"closed","template":"","meta":{"footnotes":""},"class_list":["post-34","page","type-page","status-publish","hentry"],"_links":{"self":[{"href":"https:\/\/ieselaios.catedu.es\/fisicayquimica\/wp-json\/wp\/v2\/pages\/34","targetHints":{"allow":["GET"]}}],"collection":[{"href":"https:\/\/ieselaios.catedu.es\/fisicayquimica\/wp-json\/wp\/v2\/pages"}],"about":[{"href":"https:\/\/ieselaios.catedu.es\/fisicayquimica\/wp-json\/wp\/v2\/types\/page"}],"author":[{"embeddable":true,"href":"https:\/\/ieselaios.catedu.es\/fisicayquimica\/wp-json\/wp\/v2\/users\/1"}],"replies":[{"embeddable":true,"href":"https:\/\/ieselaios.catedu.es\/fisicayquimica\/wp-json\/wp\/v2\/comments?post=34"}],"version-history":[{"count":39,"href":"https:\/\/ieselaios.catedu.es\/fisicayquimica\/wp-json\/wp\/v2\/pages\/34\/revisions"}],"predecessor-version":[{"id":2690,"href":"https:\/\/ieselaios.catedu.es\/fisicayquimica\/wp-json\/wp\/v2\/pages\/34\/revisions\/2690"}],"wp:attachment":[{"href":"https:\/\/ieselaios.catedu.es\/fisicayquimica\/wp-json\/wp\/v2\/media?parent=34"}],"curies":[{"name":"wp","href":"https:\/\/api.w.org\/{rel}","templated":true}]}}