{"id":2606,"date":"2024-06-04T19:17:10","date_gmt":"2024-06-04T18:17:10","guid":{"rendered":"http:\/\/ieselaios.catedu.es\/fisicayquimica\/?page_id=2606"},"modified":"2024-06-04T20:06:07","modified_gmt":"2024-06-04T19:06:07","slug":"fisica-y-quimica-2o-eso","status":"publish","type":"page","link":"https:\/\/ieselaios.catedu.es\/fisicayquimica\/fisica-y-quimica-2o-eso\/","title":{"rendered":"F\u00edsica y Qu\u00edmica 2\u00ba ESO"},"content":{"rendered":"\n<p>UNIDAD 1:<\/p>\n\n\n\n<p>P\u00e1gina del <a href=\"http:\/\/concurso.cnice.mec.es\/cnice2005\/93_iniciacion_interactiva_materia\/curso\/materiales\/propiedades\/masa.htm\">CNICE<\/a> sobre la medida de magnitudes.<\/p>\n\n\n\n<p>UNIDAD 2:<\/p>\n\n\n\n<p>P\u00e1gina del <a href=\"http:\/\/concurso.cnice.mec.es\/cnice2005\/93_iniciacion_interactiva_materia\/curso\/materiales\/estados\/estados1.htm\">CNICE<\/a> sobre los estados de agregaci\u00f3n.<\/p>\n\n\n\n<p>V\u00eddeo sobre <a href=\"https:\/\/www.youtube.com\/watch?v=-zB5mPADaFY&amp;w=640&amp;h=360\" target=\"_blank\" rel=\"noreferrer noopener\">cambios de estado<\/a>:<\/p>\n\n\n\n<p><a rel=\"noreferrer noopener\" href=\"http:\/\/www.educaplus.org\/game\/curva-de-calentamiento-del-agua\" target=\"_blank\">Curva de calentamiento del agua<\/a>.<\/p>\n\n\n\n<p>UNIDAD 3:<\/p>\n\n\n\n<p><a rel=\"noreferrer noopener\" href=\"https:\/\/drive.google.com\/file\/d\/11oyAktJbYrHEy1bQ3qEomct_bWRzrswa\/view?usp=sharing\" target=\"_blank\">Esquema de la clasificaci\u00f3n de la materia<\/a><\/p>\n\n\n\n<p><em>Separaci\u00f3n de mezclas heterog\u00e9neas:<\/em><\/p>\n\n\n\n<p><a rel=\"noreferrer noopener\" href=\"https:\/\/www.youtube.com\/watch?v=l5wM7k5MvUM&amp;w=640&amp;h=360\" target=\"_blank\">Tamizado<\/a><\/p>\n\n\n\n<p><a rel=\"noreferrer noopener\" href=\"https:\/\/www.youtube.com\/watch?v=CYezaEehK-E&amp;w=640&amp;h=360\" target=\"_blank\">Filtraci\u00f3n<\/a><\/p>\n\n\n\n<p><a rel=\"noreferrer noopener\" href=\"https:\/\/youtu.be\/mOFPsTVM_6Q\" target=\"_blank\">Decantaci\u00f3n<\/a><\/p>\n\n\n\n<p><a href=\"https:\/\/youtu.be\/LWZMmCgC5rQ\" target=\"_blank\" rel=\"noreferrer noopener\">Centrifugaci\u00f3n<\/a><\/p>\n\n\n\n<p><em>Separaci\u00f3n de mezclas homog\u00e9neas:<\/em><\/p>\n\n\n\n<p><a rel=\"noreferrer noopener\" href=\"https:\/\/youtu.be\/cocwhLBtJGg\" target=\"_blank\">Destilaci\u00f3n<\/a><\/p>\n\n\n\n<p><a rel=\"noreferrer noopener\" href=\"https:\/\/youtu.be\/ixSj9Tx3Fvo\" target=\"_blank\">Extracci\u00f3n<\/a><\/p>\n\n\n\n<p><a rel=\"noreferrer noopener\" href=\"https:\/\/youtu.be\/4IyGp6tqFqA\" target=\"_blank\">Cromatograf\u00eda (animaci\u00f3n)<\/a><\/p>\n\n\n\n<p><a href=\"https:\/\/youtu.be\/2OE91GORIro\" target=\"_blank\" rel=\"noreferrer noopener\">Cromatograf\u00eda<\/a><\/p>\n\n\n\n<p><\/p>\n\n\n\n<p>UNIDAD 4:<\/p>\n\n\n\n<p><strong>El movimiento es relativo<\/strong>: en <a href=\"http:\/\/www.educaplus.org\/game\/sistema-de-referencia\" target=\"_blank\" rel=\"noreferrer noopener\">esta<\/a> animaci\u00f3n, y tambi\u00e9n en <a href=\"http:\/\/www.educaplus.org\/game\/trayectoria\" target=\"_blank\" rel=\"noreferrer noopener\">esta<\/a>,\u00a0 se muestra como la descripci\u00f3n del movimiento depende del sistema de referencia respecto al que se observa.<\/p>\n\n\n\n<p>Gr\u00e1ficas:<\/p>\n\n\n\n<ul class=\"wp-block-list\">\n<li>MRU: <a href=\"https:\/\/drive.google.com\/file\/d\/1CWa9dv1Qxzki_ms3FlGoBcx1XFOXpw4s\/view?usp=sharing\" target=\"_blank\" rel=\"noreferrer noopener\">posici\u00f3n-tiempo<\/a> y <a href=\"https:\/\/drive.google.com\/file\/d\/1Bzp1YmYWo3KMw9Sm2KmH5TTl6rEHmRJZ\/view?usp=sharing\" target=\"_blank\" rel=\"noreferrer noopener\">velocidad-tiempo<\/a>.<\/li>\n\n\n\n<li>MRUA: <a href=\"https:\/\/drive.google.com\/open?id=1CCf2qqKVhyw9_cfbEqHOqsslfwaS0Yci\" target=\"_blank\" rel=\"noreferrer noopener\">posici\u00f3n-tiempo<\/a> y <a href=\"https:\/\/drive.google.com\/file\/d\/1Ds5SUQY0wXn6MWLFsI-zX6BjtN7f14_s\/view?usp=sharing\" target=\"_blank\" rel=\"noreferrer noopener\">velocidad-tiempo<\/a>.<\/li>\n<\/ul>\n\n\n\n<p>Animaciones:<\/p>\n\n\n\n<ul class=\"wp-block-list\">\n<li>MRU: <a href=\"http:\/\/mail.educaplus.org\/game\/mru-grafica-e-t\" target=\"_blank\" rel=\"noreferrer noopener\">gr\u00e1fica x-t<\/a> y <a href=\"http:\/\/mail.educaplus.org\/game\/mru-grafica-v-t\" target=\"_blank\" rel=\"noreferrer noopener\">gr\u00e1fica v-t<\/a>.<\/li>\n\n\n\n<li>MRUA: <a href=\"http:\/\/mail.educaplus.org\/game\/mrua-grafica-e-t\" target=\"_blank\" rel=\"noreferrer noopener\">gr\u00e1fica x-t<\/a> y <a href=\"http:\/\/mail.educaplus.org\/game\/mrua-grafica-v-t\" target=\"_blank\" rel=\"noreferrer noopener\">gr\u00e1fica v-t<\/a>.<\/li>\n<\/ul>\n\n\n\n<p>UNIDAD 5:<\/p>\n\n\n\n<ul class=\"wp-block-list\">\n<li>La fuerza:<a href=\"http:\/\/recursostic.educacion.es\/newton\/web\/materiales_didacticos\/representacionfuerzas\/representacionfuerzas.html\" target=\"_blank\" rel=\"noreferrer noopener\"> magnitud vectorial<\/a>.<\/li>\n\n\n\n<li><a href=\"http:\/\/www.educaplus.org\/game\/suma-de-vectores-2\" target=\"_blank\" rel=\"noreferrer noopener\">Suma gr\u00e1fica de fuerzas<\/a>.<\/li>\n\n\n\n<li><a href=\"http:\/\/recursostic.educacion.es\/newton\/web\/materiales_didacticos\/origendefuerzas\/origendefuerzas.html\" target=\"_blank\" rel=\"noreferrer noopener\">Fuerzas de contacto<\/a>.<\/li>\n\n\n\n<li><a href=\"https:\/\/www.youtube.com\/watch?v=wEafrKb9qQU&amp;feature=emb_logo\" target=\"_blank\" rel=\"noreferrer noopener\">V\u00eddeo<\/a> mostrando un sencillo experimento sobre la fuerza de rozamiento.<\/li>\n<\/ul>\n\n\n\n<p>TEMA 7: LA ENERG\u00cdA<\/p>\n\n\n\n<p>P\u00e1gina de <a href=\"https:\/\/www.endesaeduca.com\/Endesa_educa\/recursos-interactivos\/produccion-de-electricidad\/viii.-las-centrales-termicas-convencionales\" target=\"_blank\" rel=\"noreferrer noopener\">&#8216;Endesaeduca&#8217;<\/a> con informaci\u00f3n detallada de la producci\u00f3n de electricidad. Los siguientes videos son un extracto. En la p\u00e1gina encontrar\u00e9is m\u00e1s informaci\u00f3n, fotos y juegos interactivos.<\/p>\n\n\n\n<p><a href=\"https:\/\/www.youtube.com\/watch?v=Apg_aEwvzGM\" target=\"_blank\" rel=\"noreferrer noopener\">Funcionamiento de una central t\u00e9rmica<\/a><\/p>\n\n\n\n<p><a href=\"https:\/\/www.youtube.com\/watch?v=nMZJ7ABkvRw\" target=\"_blank\" rel=\"noreferrer noopener\">C\u00f3mo funciona una central nuclear<\/a><\/p>\n\n\n\n<p><a href=\"https:\/\/www.youtube.com\/watch?v=G8tEnikzud4\" target=\"_blank\" rel=\"noreferrer noopener\">Funcionamiento de una central hidroel\u00e9ctrica<\/a><\/p>\n\n\n\n<p><a href=\"https:\/\/youtu.be\/CiLPgUYwG6s\" target=\"_blank\" rel=\"noreferrer noopener\">Funcionamiento de un aerogenerador e\u00f3lico<\/a><\/p>\n\n\n\n<p><a href=\"https:\/\/youtu.be\/ddsQfMNWnP4\" target=\"_blank\" rel=\"noreferrer noopener\">Funcionamiento de una central el\u00e9ctrica de biomasa<\/a><\/p>\n\n\n\n<p><a href=\"https:\/\/www.youtube.com\/watch?v=v942oiMZLk8\" target=\"_blank\" rel=\"noreferrer noopener\">Funcionamiento de una central solar fotovoltaica<\/a><\/p>\n\n\n\n<p><a href=\"https:\/\/youtu.be\/gmq8tuBuNNY\" target=\"_blank\" rel=\"noreferrer noopener\">Mecanismos de transferencia del calor<\/a><\/p>\n\n\n\n<p><\/p>\n\n\n\n<div class=\"wp-block-group is-vertical is-content-justification-stretch is-layout-flex wp-container-core-group-is-layout-b16ad781 wp-block-group-is-layout-flex\">\n<p><\/p>\n\n\n\n<p><\/p>\n\n\n\n<p><\/p>\n<\/div>\n","protected":false},"excerpt":{"rendered":"<p>UNIDAD 1: P\u00e1gina del CNICE sobre la medida de magnitudes. UNIDAD 2: P\u00e1gina del CNICE sobre los estados de agregaci\u00f3n. V\u00eddeo sobre cambios de estado: Curva de calentamiento del agua. UNIDAD 3: Esquema de la clasificaci\u00f3n de la materia Separaci\u00f3n de mezclas heterog\u00e9neas: Tamizado Filtraci\u00f3n Decantaci\u00f3n Centrifugaci\u00f3n Separaci\u00f3n de mezclas homog\u00e9neas: Destilaci\u00f3n Extracci\u00f3n Cromatograf\u00eda (animaci\u00f3n) [&hellip;]<\/p>\n","protected":false},"author":17,"featured_media":0,"parent":0,"menu_order":0,"comment_status":"closed","ping_status":"closed","template":"","meta":{"footnotes":""},"class_list":["post-2606","page","type-page","status-publish","hentry"],"_links":{"self":[{"href":"https:\/\/ieselaios.catedu.es\/fisicayquimica\/wp-json\/wp\/v2\/pages\/2606","targetHints":{"allow":["GET"]}}],"collection":[{"href":"https:\/\/ieselaios.catedu.es\/fisicayquimica\/wp-json\/wp\/v2\/pages"}],"about":[{"href":"https:\/\/ieselaios.catedu.es\/fisicayquimica\/wp-json\/wp\/v2\/types\/page"}],"author":[{"embeddable":true,"href":"https:\/\/ieselaios.catedu.es\/fisicayquimica\/wp-json\/wp\/v2\/users\/17"}],"replies":[{"embeddable":true,"href":"https:\/\/ieselaios.catedu.es\/fisicayquimica\/wp-json\/wp\/v2\/comments?post=2606"}],"version-history":[{"count":6,"href":"https:\/\/ieselaios.catedu.es\/fisicayquimica\/wp-json\/wp\/v2\/pages\/2606\/revisions"}],"predecessor-version":[{"id":2619,"href":"https:\/\/ieselaios.catedu.es\/fisicayquimica\/wp-json\/wp\/v2\/pages\/2606\/revisions\/2619"}],"wp:attachment":[{"href":"https:\/\/ieselaios.catedu.es\/fisicayquimica\/wp-json\/wp\/v2\/media?parent=2606"}],"curies":[{"name":"wp","href":"https:\/\/api.w.org\/{rel}","templated":true}]}}