{"id":75,"date":"2022-05-25T08:56:50","date_gmt":"2022-05-25T07:56:50","guid":{"rendered":"http:\/\/ieselaios.catedu.es\/economia\/?page_id=75"},"modified":"2023-06-07T11:29:25","modified_gmt":"2023-06-07T10:29:25","slug":"1o-bach","status":"publish","type":"page","link":"https:\/\/ieselaios.catedu.es\/economia\/1o-bach\/","title":{"rendered":"1\u00ba de Bachillerato: ECONOM\u00cdA"},"content":{"rendered":"\n<p><a href=\"https:\/\/docs.google.com\/document\/d\/14s5sXAGG2igFN4PMrtHEn6ewo5MWpRxj\/edit?usp=sharing&amp;ouid=101168226637640696024&amp;rtpof=true&amp;sd=true\" data-type=\"URL\" data-id=\"https:\/\/docs.google.com\/document\/d\/14s5sXAGG2igFN4PMrtHEn6ewo5MWpRxj\/edit?usp=sharing&amp;ouid=101168226637640696024&amp;rtpof=true&amp;sd=true\" target=\"_blank\" rel=\"noreferrer noopener\">Contenidos m\u00ednimos, procedimientos de evaluaci\u00f3n y criterios de calificaci\u00f3n<\/a>.<\/p>\n\n\n","protected":false},"excerpt":{"rendered":"<p>Contenidos m\u00ednimos, procedimientos de evaluaci\u00f3n y criterios de calificaci\u00f3n.<\/p>\n","protected":false},"author":1,"featured_media":0,"parent":0,"menu_order":0,"comment_status":"closed","ping_status":"closed","template":"","meta":{"footnotes":""},"class_list":["post-75","page","type-page","status-publish","hentry"],"_links":{"self":[{"href":"https:\/\/ieselaios.catedu.es\/economia\/wp-json\/wp\/v2\/pages\/75","targetHints":{"allow":["GET"]}}],"collection":[{"href":"https:\/\/ieselaios.catedu.es\/economia\/wp-json\/wp\/v2\/pages"}],"about":[{"href":"https:\/\/ieselaios.catedu.es\/economia\/wp-json\/wp\/v2\/types\/page"}],"author":[{"embeddable":true,"href":"https:\/\/ieselaios.catedu.es\/economia\/wp-json\/wp\/v2\/users\/1"}],"replies":[{"embeddable":true,"href":"https:\/\/ieselaios.catedu.es\/economia\/wp-json\/wp\/v2\/comments?post=75"}],"version-history":[{"count":18,"href":"https:\/\/ieselaios.catedu.es\/economia\/wp-json\/wp\/v2\/pages\/75\/revisions"}],"predecessor-version":[{"id":341,"href":"https:\/\/ieselaios.catedu.es\/economia\/wp-json\/wp\/v2\/pages\/75\/revisions\/341"}],"wp:attachment":[{"href":"https:\/\/ieselaios.catedu.es\/economia\/wp-json\/wp\/v2\/media?parent=75"}],"curies":[{"name":"wp","href":"https:\/\/api.w.org\/{rel}","templated":true}]}}