{"id":87,"date":"2016-02-28T17:53:44","date_gmt":"2016-02-28T16:53:44","guid":{"rendered":"http:\/\/ieselaios.catedu.es\/cienciasnaturales\/?page_id=87"},"modified":"2025-12-04T13:02:49","modified_gmt":"2025-12-04T12:02:49","slug":"pendientes","status":"publish","type":"page","link":"https:\/\/ieselaios.catedu.es\/cienciasnaturales\/pendientes\/","title":{"rendered":"PENDIENTES"},"content":{"rendered":"\n<p>Al alumnado con materias pendientes, se le ha entregado en mano la informaci\u00f3n sobre el proceso a seguir para recuperar la materia.\u00a0 Ha quedado, en el departamento, una copia firmada por el alumno\/a del documento con la informaci\u00f3n y otra copia se la han llevado a casa para informaci\u00f3n de las familias. Adem\u00e1s, han recibido en mano el CUESTIONARIO 1. Los dos siguientes cuestionarios de preguntas los recibir\u00e1n el d\u00eda de las pruebas escritas. Si el alumnado no se\u00a0 presenta a los ex\u00e1menes, deber\u00e1 pasar por el departamento para recoger los cuestionarios.<\/p>\n\n\n<p><a href=\"https:\/\/drive.google.com\/file\/d\/134ODcB36PAyx9n5d6KMJCiXuUKsQXjuK\/view?usp=sharing\"><span style=\"color: #008000\"><strong>C\u00f3mo recuperar la materia de <\/strong><strong>BIOLOG\u00cdA y GEOLOG\u00cdA de 1\u00ba ESO<\/strong><strong> durante el curso 2025\/2026 si la tienes pendiente del curso anterior.<\/strong><\/span><\/a><\/p>\n<p><span style=\"color: #008000\"><strong>C\u00f3mo recuperar la materia de <\/strong><strong>BIOLOG\u00cdA y GEOLOG\u00cdA de 3\u00ba ESO<\/strong><strong> durante el curso 2025\/2026 si la tienes pendiente del curso anterior.<\/strong><\/span><\/p>\n<p><span style=\"color: #993366\"><strong><span style=\"background-color: #ffffff\">C\u00f3mo recuperar la materia de<\/span> ANATOM\u00cdA APLICADA de 1\u00ba de Bachillerato <span style=\"background-color: #ffffff\">durante el curso 2025\/2026 si la tienes pendiente del curso anterior.<\/span><\/strong><\/span><\/p>\n<p><span style=\"color: #993366\"><strong>C\u00f3mo recuperar la materia de BIOLOG\u00cdA, GEOLOG\u00cdA y CIENCIAS AMBIENTALES de 1\u00ba de Bachillerato durante el curso 2025\/2026 si la tienes pendiente del curso anterior.<\/strong><\/span><\/p>\n\n","protected":false},"excerpt":{"rendered":"<p>Al alumnado con materias pendientes, se le ha entregado en mano la informaci\u00f3n sobre el proceso a seguir para recuperar la materia.\u00a0 Ha quedado, en el departamento, una copia firmada por el alumno\/a del documento con la informaci\u00f3n y otra copia se la han llevado a casa para informaci\u00f3n de las familias. Adem\u00e1s, han recibido [&hellip;]<\/p>\n","protected":false},"author":1,"featured_media":0,"parent":0,"menu_order":0,"comment_status":"closed","ping_status":"closed","template":"","meta":{"footnotes":""},"class_list":["post-87","page","type-page","status-publish","hentry"],"_links":{"self":[{"href":"https:\/\/ieselaios.catedu.es\/cienciasnaturales\/wp-json\/wp\/v2\/pages\/87","targetHints":{"allow":["GET"]}}],"collection":[{"href":"https:\/\/ieselaios.catedu.es\/cienciasnaturales\/wp-json\/wp\/v2\/pages"}],"about":[{"href":"https:\/\/ieselaios.catedu.es\/cienciasnaturales\/wp-json\/wp\/v2\/types\/page"}],"author":[{"embeddable":true,"href":"https:\/\/ieselaios.catedu.es\/cienciasnaturales\/wp-json\/wp\/v2\/users\/1"}],"replies":[{"embeddable":true,"href":"https:\/\/ieselaios.catedu.es\/cienciasnaturales\/wp-json\/wp\/v2\/comments?post=87"}],"version-history":[{"count":53,"href":"https:\/\/ieselaios.catedu.es\/cienciasnaturales\/wp-json\/wp\/v2\/pages\/87\/revisions"}],"predecessor-version":[{"id":691,"href":"https:\/\/ieselaios.catedu.es\/cienciasnaturales\/wp-json\/wp\/v2\/pages\/87\/revisions\/691"}],"wp:attachment":[{"href":"https:\/\/ieselaios.catedu.es\/cienciasnaturales\/wp-json\/wp\/v2\/media?parent=87"}],"curies":[{"name":"wp","href":"https:\/\/api.w.org\/{rel}","templated":true}]}}