{"id":77,"date":"2016-02-28T17:48:11","date_gmt":"2016-02-28T16:48:11","guid":{"rendered":"http:\/\/ieselaios.catedu.es\/cienciasnaturales\/?page_id=77"},"modified":"2025-12-02T12:50:50","modified_gmt":"2025-12-02T11:50:50","slug":"informacion-academica-1o-de-eso","status":"publish","type":"page","link":"https:\/\/ieselaios.catedu.es\/cienciasnaturales\/informacion-academica-1o-de-eso\/","title":{"rendered":"Biolog\u00eda y Geolog\u00eda 1\u00ba de ESO"},"content":{"rendered":"<p><a href=\"https:\/\/drive.google.com\/file\/d\/11jXaG5adRcmmXd6efha3xgKbt65Vz0JI\/view?usp=sharing\">Criterios de evaluaci\u00f3n y saberes b\u00e1sicos<\/a><\/p>\n<p><a href=\"https:\/\/docs.google.com\/document\/d\/1eFNzLJtGnhPakz2mlkWfZDO24FwirToU\/edit?usp=sharing&amp;ouid=110743359888103426162&amp;rtpof=true&amp;sd=true\">Evaluaci\u00f3n y calificaci\u00f3n\u00a0<\/a><\/p>\n\n","protected":false},"excerpt":{"rendered":"<p>Criterios de evaluaci\u00f3n y saberes b\u00e1sicos Evaluaci\u00f3n y calificaci\u00f3n\u00a0<\/p>\n","protected":false},"author":1,"featured_media":0,"parent":0,"menu_order":0,"comment_status":"closed","ping_status":"closed","template":"","meta":{"footnotes":""},"class_list":["post-77","page","type-page","status-publish","hentry"],"_links":{"self":[{"href":"https:\/\/ieselaios.catedu.es\/cienciasnaturales\/wp-json\/wp\/v2\/pages\/77","targetHints":{"allow":["GET"]}}],"collection":[{"href":"https:\/\/ieselaios.catedu.es\/cienciasnaturales\/wp-json\/wp\/v2\/pages"}],"about":[{"href":"https:\/\/ieselaios.catedu.es\/cienciasnaturales\/wp-json\/wp\/v2\/types\/page"}],"author":[{"embeddable":true,"href":"https:\/\/ieselaios.catedu.es\/cienciasnaturales\/wp-json\/wp\/v2\/users\/1"}],"replies":[{"embeddable":true,"href":"https:\/\/ieselaios.catedu.es\/cienciasnaturales\/wp-json\/wp\/v2\/comments?post=77"}],"version-history":[{"count":27,"href":"https:\/\/ieselaios.catedu.es\/cienciasnaturales\/wp-json\/wp\/v2\/pages\/77\/revisions"}],"predecessor-version":[{"id":669,"href":"https:\/\/ieselaios.catedu.es\/cienciasnaturales\/wp-json\/wp\/v2\/pages\/77\/revisions\/669"}],"wp:attachment":[{"href":"https:\/\/ieselaios.catedu.es\/cienciasnaturales\/wp-json\/wp\/v2\/media?parent=77"}],"curies":[{"name":"wp","href":"https:\/\/api.w.org\/{rel}","templated":true}]}}