{"id":71,"date":"2016-02-28T17:46:57","date_gmt":"2016-02-28T16:46:57","guid":{"rendered":"http:\/\/ieselaios.catedu.es\/cienciasnaturales\/?page_id=71"},"modified":"2025-12-03T12:41:43","modified_gmt":"2025-12-03T11:41:43","slug":"informacion-academica-4o-de-eso","status":"publish","type":"page","link":"https:\/\/ieselaios.catedu.es\/cienciasnaturales\/informacion-academica-4o-de-eso\/","title":{"rendered":"Biolog\u00eda y Geolog\u00eda de 4\u00ba de ESO"},"content":{"rendered":"<p><a href=\"https:\/\/drive.google.com\/file\/d\/15bw9xvByCdf_riE8wBH9SGJvgYmYx9-e\/view?usp=sharing\">Criterios de evaluaci\u00f3n y saberes b\u00e1sicos<\/a><\/p>\n<p><a href=\"https:\/\/drive.google.com\/file\/d\/1uSpDEtjvP7SYcCRnSfS2UIEeuLyKnLFj\/view?usp=sharing\">Evaluaci\u00f3n y calificaci\u00f3n<\/a><\/p>\n\n","protected":false},"excerpt":{"rendered":"<p>Criterios de evaluaci\u00f3n y saberes b\u00e1sicos Evaluaci\u00f3n y calificaci\u00f3n<\/p>\n","protected":false},"author":1,"featured_media":0,"parent":0,"menu_order":0,"comment_status":"closed","ping_status":"closed","template":"","meta":{"footnotes":""},"class_list":["post-71","page","type-page","status-publish","hentry"],"_links":{"self":[{"href":"https:\/\/ieselaios.catedu.es\/cienciasnaturales\/wp-json\/wp\/v2\/pages\/71","targetHints":{"allow":["GET"]}}],"collection":[{"href":"https:\/\/ieselaios.catedu.es\/cienciasnaturales\/wp-json\/wp\/v2\/pages"}],"about":[{"href":"https:\/\/ieselaios.catedu.es\/cienciasnaturales\/wp-json\/wp\/v2\/types\/page"}],"author":[{"embeddable":true,"href":"https:\/\/ieselaios.catedu.es\/cienciasnaturales\/wp-json\/wp\/v2\/users\/1"}],"replies":[{"embeddable":true,"href":"https:\/\/ieselaios.catedu.es\/cienciasnaturales\/wp-json\/wp\/v2\/comments?post=71"}],"version-history":[{"count":29,"href":"https:\/\/ieselaios.catedu.es\/cienciasnaturales\/wp-json\/wp\/v2\/pages\/71\/revisions"}],"predecessor-version":[{"id":683,"href":"https:\/\/ieselaios.catedu.es\/cienciasnaturales\/wp-json\/wp\/v2\/pages\/71\/revisions\/683"}],"wp:attachment":[{"href":"https:\/\/ieselaios.catedu.es\/cienciasnaturales\/wp-json\/wp\/v2\/media?parent=71"}],"curies":[{"name":"wp","href":"https:\/\/api.w.org\/{rel}","templated":true}]}}