{"id":67,"date":"2016-02-28T17:41:12","date_gmt":"2016-02-28T16:41:12","guid":{"rendered":"http:\/\/ieselaios.catedu.es\/cienciasnaturales\/?page_id=67"},"modified":"2025-12-02T13:56:01","modified_gmt":"2025-12-02T12:56:01","slug":"informacion-academica-de-2o-de-bachillerato","status":"publish","type":"page","link":"https:\/\/ieselaios.catedu.es\/cienciasnaturales\/informacion-academica-de-2o-de-bachillerato\/","title":{"rendered":"Materias de 2\u00ba de Bachillerato"},"content":{"rendered":"<p><a href=\"https:\/\/drive.google.com\/file\/d\/1mDSoTwON7zArO8tM5eFNGi68j5mMvYiU\/view?usp=drive_link\">Criterios de evaluaci\u00f3n y saberes b\u00e1sicos: Biolog\u00eda 2\u00ba Bto<\/a><\/p>\n<p><a href=\"https:\/\/drive.google.com\/file\/d\/1eXKnGDsTbIJ29vcH2EF7rWK6nzrgev5Q\/view?usp=sharing\">Evaluaci\u00f3n y calificaci\u00f3n: Biolog\u00eda 2\u00ba Bto<\/a><\/p>\n\n\n<p>\u00a0<\/p>\n<p>Criterios de evaluaci\u00f3n y saberes b\u00e1sicos CIENCIAS DE LA TIERRA 2\u00ba Bto<\/p>\n<p>Criterios de promoci\u00f3n CIENCIAS DE LA TIERRA 2\u00ba Bto<\/p>\n","protected":false},"excerpt":{"rendered":"<p>Criterios de evaluaci\u00f3n y saberes b\u00e1sicos: Biolog\u00eda 2\u00ba Bto Evaluaci\u00f3n y calificaci\u00f3n: Biolog\u00eda 2\u00ba Bto \u00a0 Criterios de evaluaci\u00f3n y saberes b\u00e1sicos CIENCIAS DE LA TIERRA 2\u00ba Bto Criterios de promoci\u00f3n CIENCIAS DE LA TIERRA 2\u00ba Bto<\/p>\n","protected":false},"author":1,"featured_media":0,"parent":0,"menu_order":0,"comment_status":"closed","ping_status":"closed","template":"","meta":{"footnotes":""},"class_list":["post-67","page","type-page","status-publish","hentry"],"_links":{"self":[{"href":"https:\/\/ieselaios.catedu.es\/cienciasnaturales\/wp-json\/wp\/v2\/pages\/67","targetHints":{"allow":["GET"]}}],"collection":[{"href":"https:\/\/ieselaios.catedu.es\/cienciasnaturales\/wp-json\/wp\/v2\/pages"}],"about":[{"href":"https:\/\/ieselaios.catedu.es\/cienciasnaturales\/wp-json\/wp\/v2\/types\/page"}],"author":[{"embeddable":true,"href":"https:\/\/ieselaios.catedu.es\/cienciasnaturales\/wp-json\/wp\/v2\/users\/1"}],"replies":[{"embeddable":true,"href":"https:\/\/ieselaios.catedu.es\/cienciasnaturales\/wp-json\/wp\/v2\/comments?post=67"}],"version-history":[{"count":32,"href":"https:\/\/ieselaios.catedu.es\/cienciasnaturales\/wp-json\/wp\/v2\/pages\/67\/revisions"}],"predecessor-version":[{"id":680,"href":"https:\/\/ieselaios.catedu.es\/cienciasnaturales\/wp-json\/wp\/v2\/pages\/67\/revisions\/680"}],"wp:attachment":[{"href":"https:\/\/ieselaios.catedu.es\/cienciasnaturales\/wp-json\/wp\/v2\/media?parent=67"}],"curies":[{"name":"wp","href":"https:\/\/api.w.org\/{rel}","templated":true}]}}