{"id":64,"date":"2016-02-28T17:39:37","date_gmt":"2016-02-28T16:39:37","guid":{"rendered":"http:\/\/ieselaios.catedu.es\/cienciasnaturales\/?page_id=64"},"modified":"2025-12-03T13:04:23","modified_gmt":"2025-12-03T12:04:23","slug":"informacion-academica-1o-de-bachillerato","status":"publish","type":"page","link":"https:\/\/ieselaios.catedu.es\/cienciasnaturales\/informacion-academica-1o-de-bachillerato\/","title":{"rendered":"Materias de 1\u00ba de Bachillerato"},"content":{"rendered":"<p><a href=\"https:\/\/drive.google.com\/file\/d\/1PHzR6L2Eug3Tdzg09Y7_vtBKTK6kuWlP\/view?usp=sharing\">Criterios de evaluaci\u00f3n y saberes b\u00e1sicos: Biolog\u00eda, Geolog\u00eda y Ciencias Ambientales<\/a><\/p>\n<p><a href=\"https:\/\/drive.google.com\/file\/d\/1eXKnGDsTbIJ29vcH2EF7rWK6nzrgev5Q\/view?usp=sharing\">Evaluaci\u00f3n y calificaci\u00f3n: Biolog\u00eda, Geolog\u00eda y Ciencias Ambientales<\/a><\/p>\n<p><a href=\"https:\/\/drive.google.com\/file\/d\/1VDxyJ2TME1Z-4OozoSmJQUXfagDqthcK\/view?usp=sharing\">Criterios de evaluaci\u00f3n y saberes b\u00e1sicos: Anatom\u00eda Aplicada<\/a><\/p>\n<p><a href=\"https:\/\/drive.google.com\/file\/d\/1eXKnGDsTbIJ29vcH2EF7rWK6nzrgev5Q\/view?usp=sharing\">Evaluaci\u00f3n y calificaci\u00f3n: Anatom\u00eda Aplicada<\/a><\/p>\n\n\n<p><a href=\"https:\/\/drive.google.com\/file\/d\/10s91riq7ZlbN9t7XXCdkUf_EF1ZmfQKW\/view?usp=sharing\">Criterios de evaluaci\u00f3n y saberes b\u00e1sicos: Sociedad, medio ambiente y territorios sostenibles<\/a><\/p>\n\n\n\n<p><a href=\"https:\/\/drive.google.com\/file\/d\/1eXKnGDsTbIJ29vcH2EF7rWK6nzrgev5Q\/view?usp=sharing\">Evaluaci\u00f3n y calificaci\u00f3n: Sociedad, medio ambiente y territorios sostenibles<\/a><\/p>\n\n\n","protected":false},"excerpt":{"rendered":"<p>Criterios de evaluaci\u00f3n y saberes b\u00e1sicos: Biolog\u00eda, Geolog\u00eda y Ciencias Ambientales Evaluaci\u00f3n y calificaci\u00f3n: Biolog\u00eda, Geolog\u00eda y Ciencias Ambientales Criterios de evaluaci\u00f3n y saberes b\u00e1sicos: Anatom\u00eda Aplicada Evaluaci\u00f3n y calificaci\u00f3n: Anatom\u00eda Aplicada Criterios de evaluaci\u00f3n y saberes b\u00e1sicos: Sociedad, medio ambiente y territorios sostenibles Evaluaci\u00f3n y calificaci\u00f3n: Sociedad, medio ambiente y territorios sostenibles<\/p>\n","protected":false},"author":1,"featured_media":0,"parent":0,"menu_order":0,"comment_status":"closed","ping_status":"closed","template":"","meta":{"footnotes":""},"class_list":["post-64","page","type-page","status-publish","hentry"],"_links":{"self":[{"href":"https:\/\/ieselaios.catedu.es\/cienciasnaturales\/wp-json\/wp\/v2\/pages\/64","targetHints":{"allow":["GET"]}}],"collection":[{"href":"https:\/\/ieselaios.catedu.es\/cienciasnaturales\/wp-json\/wp\/v2\/pages"}],"about":[{"href":"https:\/\/ieselaios.catedu.es\/cienciasnaturales\/wp-json\/wp\/v2\/types\/page"}],"author":[{"embeddable":true,"href":"https:\/\/ieselaios.catedu.es\/cienciasnaturales\/wp-json\/wp\/v2\/users\/1"}],"replies":[{"embeddable":true,"href":"https:\/\/ieselaios.catedu.es\/cienciasnaturales\/wp-json\/wp\/v2\/comments?post=64"}],"version-history":[{"count":59,"href":"https:\/\/ieselaios.catedu.es\/cienciasnaturales\/wp-json\/wp\/v2\/pages\/64\/revisions"}],"predecessor-version":[{"id":687,"href":"https:\/\/ieselaios.catedu.es\/cienciasnaturales\/wp-json\/wp\/v2\/pages\/64\/revisions\/687"}],"wp:attachment":[{"href":"https:\/\/ieselaios.catedu.es\/cienciasnaturales\/wp-json\/wp\/v2\/media?parent=64"}],"curies":[{"name":"wp","href":"https:\/\/api.w.org\/{rel}","templated":true}]}}