{"id":292,"date":"2016-11-18T12:58:39","date_gmt":"2016-11-18T11:58:39","guid":{"rendered":"http:\/\/ieselaios.catedu.es\/cienciasnaturales\/?page_id=292"},"modified":"2017-05-15T17:43:31","modified_gmt":"2017-05-15T16:43:31","slug":"actividades-cc-4o-eso","status":"publish","type":"page","link":"https:\/\/ieselaios.catedu.es\/cienciasnaturales\/actividades-cc-4o-eso\/","title":{"rendered":"ACTIVIDADES CC 4\u00ba ESO"},"content":{"rendered":"<p>Para aquellos que no vieron el documental porque estaban con los italianos, os adjunto el acceso al documental <a href=\"https:\/\/drive.google.com\/file\/d\/0B3pQo-zrhiv2MzBRRExqekNuV1U\/view?usp=sharing\">\u00abEl milagro de la regeneraci\u00f3n\u00bb<\/a><\/p>\n<p>Documental sobre <a href=\"http:\/\/www.rtve.es\/alacarta\/videos\/el-documental\/documental-comprar-tirar-comprar\/1382261\/\">\u00abobsolescencia programada\u00bb<\/a> Comentar cinco aspectos que os hayan impactado de este video.<\/p>\n<p>Sobre la actividad que hemos hecho en clase en relaci\u00f3n con la explotaci\u00f3n del colt\u00e1n, os adjunto los enlaces que \u00a0ten\u00e9is que ver y \u00a0la actividad a entregar.<\/p>\n<p>Entramos en una mina de colt\u00e1n<\/p>\n<p><a href=\"https:\/\/www.youtube.com\/watch?v=ofZQ4ZRy-1I\">https:\/\/www.youtube.com\/watch?v=ofZQ4ZRy-1I<\/a><\/p>\n<p>Ten\u00e9is que indicar los cinco aspectos que m\u00e1s os hayan impactado de este video.<\/p>\n<p><a href=\"http:\/\/www.lasexta.com\/programas\/salvados\/noticias\/el-viaje-de-salvados-al-congo-destapa-las-historias-mas-duras-detras-del-coltan-violaciones-y-ninos-esclavos_201611145829de800cf2a4a494753c03.html\">http:\/\/www.lasexta.com\/programas\/salvados\/noticias\/el-viaje-de-salvados-al-congo-destapa-las-historias-mas-duras-detras-del-coltan-violaciones-y-ninos-esclavos_201611145829de800cf2a4a494753c03.html<\/a><\/p>\n<p>y uno de cada corto al que se accede desde esta direcci\u00f3n.<\/p>\n<p>&nbsp;<\/p>\n<p>&nbsp;<\/p>\n<p>Preguntas sobre el tema: <a href=\"https:\/\/drive.google.com\/file\/d\/0B3pQo-zrhiv2RGZEX0dJLXl4ZzA\/view?usp=sharing\">Tecnolog\u00eda, recursos y medio ambiente<\/a><\/p>\n","protected":false},"excerpt":{"rendered":"<p>Para aquellos que no vieron el documental porque estaban con los italianos, os adjunto el acceso al documental \u00abEl milagro de la regeneraci\u00f3n\u00bb Documental sobre \u00abobsolescencia programada\u00bb Comentar cinco aspectos que os hayan impactado de este video. Sobre la actividad que hemos hecho en clase en relaci\u00f3n con la explotaci\u00f3n del colt\u00e1n, os adjunto los [&hellip;]<\/p>\n","protected":false},"author":24,"featured_media":0,"parent":0,"menu_order":0,"comment_status":"closed","ping_status":"closed","template":"","meta":{"footnotes":""},"class_list":["post-292","page","type-page","status-publish","hentry"],"_links":{"self":[{"href":"https:\/\/ieselaios.catedu.es\/cienciasnaturales\/wp-json\/wp\/v2\/pages\/292","targetHints":{"allow":["GET"]}}],"collection":[{"href":"https:\/\/ieselaios.catedu.es\/cienciasnaturales\/wp-json\/wp\/v2\/pages"}],"about":[{"href":"https:\/\/ieselaios.catedu.es\/cienciasnaturales\/wp-json\/wp\/v2\/types\/page"}],"author":[{"embeddable":true,"href":"https:\/\/ieselaios.catedu.es\/cienciasnaturales\/wp-json\/wp\/v2\/users\/24"}],"replies":[{"embeddable":true,"href":"https:\/\/ieselaios.catedu.es\/cienciasnaturales\/wp-json\/wp\/v2\/comments?post=292"}],"version-history":[{"count":6,"href":"https:\/\/ieselaios.catedu.es\/cienciasnaturales\/wp-json\/wp\/v2\/pages\/292\/revisions"}],"predecessor-version":[{"id":370,"href":"https:\/\/ieselaios.catedu.es\/cienciasnaturales\/wp-json\/wp\/v2\/pages\/292\/revisions\/370"}],"wp:attachment":[{"href":"https:\/\/ieselaios.catedu.es\/cienciasnaturales\/wp-json\/wp\/v2\/media?parent=292"}],"curies":[{"name":"wp","href":"https:\/\/api.w.org\/{rel}","templated":true}]}}