{"id":245,"date":"2016-09-15T09:49:46","date_gmt":"2016-09-15T08:49:46","guid":{"rendered":"http:\/\/ieselaios.catedu.es\/cienciasnaturales\/?page_id=245"},"modified":"2017-05-26T08:39:08","modified_gmt":"2017-05-26T07:39:08","slug":"cultura-cientifica-4o-eso","status":"publish","type":"page","link":"https:\/\/ieselaios.catedu.es\/cienciasnaturales\/cultura-cientifica-4o-eso\/","title":{"rendered":"CULTURA CIENT\u00cdFICA 4\u00ba ESO"},"content":{"rendered":"<p>Os adjunto el enlace al tema 0, <a href=\"https:\/\/drive.google.com\/file\/d\/0B3pQo-zrhiv2UGUxOFp1blM4SWs\/view?usp=sharing\" target=\"_blank\">\u00abLa Ciencia y la Informaci\u00f3n\u00bb<\/a><\/p>\n<p>Y las preguntas sobre el <a href=\"https:\/\/drive.google.com\/file\/d\/0B3pQo-zrhiv2ZUYwVUQwTTFadmc\/view?usp=sharing\">Universo<\/a><\/p>\n<p>Adjunto el enlace al tema 2,<a href=\"https:\/\/drive.google.com\/file\/d\/0B3pQo-zrhiv2MnhiaGdwQnFJdU0\/view?usp=sharing\"> \u00abTecnolog\u00eda, recursos y medio ambiente\u00bb<\/a>\u00a0 Las preguntas est\u00e1n en la pesta\u00f1a de actividades del departamento<\/p>\n<p>Adjunto enlace al tema de <a href=\"https:\/\/drive.google.com\/file\/d\/0B3pQo-zrhiv2bFN6U3oySmdhelk\/view?usp=sharing\">\u00abSalud y enfermedad\u00bb<\/a> que entra para examen. Las preguntas, como ya sab\u00e9is est\u00e1n en la presentaci\u00f3n.<\/p>\n","protected":false},"excerpt":{"rendered":"<p>Os adjunto el enlace al tema 0, \u00abLa Ciencia y la Informaci\u00f3n\u00bb Y las preguntas sobre el Universo Adjunto el enlace al tema 2, \u00abTecnolog\u00eda, recursos y medio ambiente\u00bb\u00a0 Las preguntas est\u00e1n en la pesta\u00f1a de actividades del departamento Adjunto enlace al tema de \u00abSalud y enfermedad\u00bb que entra para examen. Las preguntas, como ya [&hellip;]<\/p>\n","protected":false},"author":24,"featured_media":0,"parent":0,"menu_order":0,"comment_status":"closed","ping_status":"closed","template":"","meta":{"footnotes":""},"class_list":["post-245","page","type-page","status-publish","hentry"],"_links":{"self":[{"href":"https:\/\/ieselaios.catedu.es\/cienciasnaturales\/wp-json\/wp\/v2\/pages\/245","targetHints":{"allow":["GET"]}}],"collection":[{"href":"https:\/\/ieselaios.catedu.es\/cienciasnaturales\/wp-json\/wp\/v2\/pages"}],"about":[{"href":"https:\/\/ieselaios.catedu.es\/cienciasnaturales\/wp-json\/wp\/v2\/types\/page"}],"author":[{"embeddable":true,"href":"https:\/\/ieselaios.catedu.es\/cienciasnaturales\/wp-json\/wp\/v2\/users\/24"}],"replies":[{"embeddable":true,"href":"https:\/\/ieselaios.catedu.es\/cienciasnaturales\/wp-json\/wp\/v2\/comments?post=245"}],"version-history":[{"count":7,"href":"https:\/\/ieselaios.catedu.es\/cienciasnaturales\/wp-json\/wp\/v2\/pages\/245\/revisions"}],"predecessor-version":[{"id":373,"href":"https:\/\/ieselaios.catedu.es\/cienciasnaturales\/wp-json\/wp\/v2\/pages\/245\/revisions\/373"}],"wp:attachment":[{"href":"https:\/\/ieselaios.catedu.es\/cienciasnaturales\/wp-json\/wp\/v2\/media?parent=245"}],"curies":[{"name":"wp","href":"https:\/\/api.w.org\/{rel}","templated":true}]}}